{"id":2237561,"date":"2024-04-08T15:47:34","date_gmt":"2024-04-08T13:47:34","guid":{"rendered":"https:\/\/figuet-technique.ch\/kamineinsaetze-spartherm\/"},"modified":"2024-04-08T15:47:34","modified_gmt":"2024-04-08T13:47:34","slug":"kamineinsaetze-spartherm","status":"publish","type":"page","link":"https:\/\/figuet-technique.ch\/de\/kamineinsaetze-spartherm\/","title":{"rendered":"Kamineins\u00e4tze Spartherm"},"content":{"rendered":"<div>\n<p>SPARTHERM bietet eine Auswahl an modernen Einbaukamin\u00f6fen, die f\u00fcr eine lange Lebensdauer konzipiert sind und technische Leistung und Bauqualit\u00e4t vereinen. Unsere Kamine der Serie \u201eLinear\u201c zeichnen sich durch ihre klaren Linien und ihr minimalistisches Design aus. Sie stellen die Flamme in den Vordergrund und versch\u00f6nern so jedes Interieur.<\/p>\n<p>Unser oberstes Ziel ist es, maximale Funktionalit\u00e4t mit moderner und anspruchsvoller \u00c4sthetik f\u00fcr Ihren <a href=\"https:\/\/figuet-technique.ch\/nos-produits\/cheminees-de-salon-ou-cheminees-a-bois\/\">Kamin im Wohnzimmer<\/a> zu verbinden. Jeder verglaste Kamin profitiert von unserem Fachwissen und unserer Liebe zum Detail, da er das eigentliche Herz des Kamins darstellt. Unsere Einlagen bestechen sowohl durch ihre Qualit\u00e4t als auch durch ihre Formenvielfalt, die unser Engagement f\u00fcr Exzellenz und Innovation widerspiegelt.<\/p>\n<\/div>\n<h2>Unten sehen Sie die Wohnraumkamine der Marke Spartherm.<\/h2>\n<p><!--more--><br \/>\n<!-- {\"type\":\"layout\",\"children\":[{\"type\":\"section\",\"props\":{\"image_position\":\"center-center\",\"style\":\"default\",\"title_breakpoint\":\"xl\",\"title_position\":\"top-left\",\"title_rotation\":\"left\",\"vertical_align\":\"middle\",\"width\":\"default\"},\"children\":[{\"type\":\"row\",\"children\":[{\"type\":\"column\",\"props\":{\"image_position\":\"center-center\",\"position_sticky_breakpoint\":\"m\"},\"children\":[{\"type\":\"headline\",\"props\":{\"title_element\":\"h1\"},\"source\":{\"query\":{\"name\":\"pages.singlePage\"},\"props\":{\"content\":{\"filters\":{\"search\":\"\"},\"name\":\"title\"}}}}]}]},{\"type\":\"row\",\"children\":[{\"type\":\"column\",\"props\":{\"image_position\":\"center-center\",\"position_sticky_breakpoint\":\"m\"},\"children\":[{\"type\":\"text\",\"props\":{\"column_breakpoint\":\"m\",\"content\":\"\n\n<p>SPARTHERM offre une s\\u00e9lection de foyers encastrables contemporains con\\u00e7us pour durer, alliant performance technique et qualit\\u00e9 de construction. Caract\\u00e9ris\\u00e9s par des lignes \\u00e9pur\\u00e9es et un design minimaliste, nos foyers de la gamme \\\"Linear\\\" mettent en avant la flamme, sublimant ainsi chaque int\\u00e9rieur.<\\\/p>\\n\n\n<p>Notre engagement premier est d'allier fonctionnalit\\u00e9 maximale et esth\\u00e9tique moderne et sophistiqu\\u00e9e, pour votre <a href=\\\"https:\\\/\\\/figuet-technique.ch\\\/nos-produits\\\/cheminees-de-salon-ou-cheminees-a-bois\\\/\\\">chemin\\u00e9e de salon<\\\/a>. Chaque foyer vitr\\u00e9 b\\u00e9n\\u00e9ficie de notre expertise et d'une attention particuli\\u00e8re aux d\\u00e9tails, car il constitue le c\\u0153ur v\\u00e9ritable de la chemin\\u00e9e. Nos inserts captivent tant par leur qualit\\u00e9 intrins\\u00e8que que par leur diversit\\u00e9 de formes, refl\\u00e9tant notre engagement envers l'excellence et l'innovation.<\\\/p>\",\"margin\":\"default\"}}]}]},{\"type\":\"row\",\"children\":[{\"type\":\"column\",\"props\":{\"image_position\":\"center-center\",\"position_sticky_breakpoint\":\"m\"},\"children\":[{\"type\":\"headline\",\"props\":{\"content\":\"Ci-dessous les chemin\\u00e9es de salon de la marque Spartherm\",\"title_element\":\"h2\"}}]}]},{\"type\":\"row\",\"children\":[{\"type\":\"column\",\"props\":{\"image_position\":\"center-center\",\"position_sticky_breakpoint\":\"m\"},\"children\":[{\"type\":\"woo_products\",\"props\":{\"attribute\":\"marque\",\"cat_operator\":\"AND\",\"category\":\"cheminees-de-salon-ou-cheminees-a-bois\",\"columns\":4,\"limit\":8,\"order\":\"desc\",\"orderby\":\"date\",\"paginate\":\"true\",\"product_visibility\":\"visible\",\"show_count\":true,\"show_ordering\":true,\"show_rating\":true,\"show_title\":true,\"tag_operator\":\"IN\",\"terms\":\"spartherm\",\"terms_operator\":\"IN\",\"text_align\":\"center\",\"type\":\"products\"}}]}]}]}],\"version\":\"4.3.13\",\"yooessentialsVersion\":\"2.2.9\"} --><\/p>\n","protected":false},"excerpt":{"rendered":"<p>SPARTHERM bietet eine Auswahl an modernen Einbaukamin\u00f6fen, die f\u00fcr eine lange Lebensdauer konzipiert sind und technische Leistung und Bauqualit\u00e4t vereinen. Unsere Kamine der Serie \u201eLinear\u201c zeichnen sich durch ihre klaren Linien und ihr minimalistisches Design aus. Sie stellen die Flamme in den Vordergrund und versch\u00f6nern so jedes Interieur. Unser oberstes Ziel ist es, maximale Funktionalit\u00e4t [&hellip;]<\/p>\n","protected":false},"author":9,"featured_media":0,"parent":0,"menu_order":0,"comment_status":"closed","ping_status":"closed","template":"","meta":{"_acf_changed":false,"footnotes":""},"class_list":["post-2237561","page","type-page","status-publish","hentry"],"acf":[],"_links":{"self":[{"href":"https:\/\/figuet-technique.ch\/de\/wp-json\/wp\/v2\/pages\/2237561","targetHints":{"allow":["GET"]}}],"collection":[{"href":"https:\/\/figuet-technique.ch\/de\/wp-json\/wp\/v2\/pages"}],"about":[{"href":"https:\/\/figuet-technique.ch\/de\/wp-json\/wp\/v2\/types\/page"}],"author":[{"embeddable":true,"href":"https:\/\/figuet-technique.ch\/de\/wp-json\/wp\/v2\/users\/9"}],"replies":[{"embeddable":true,"href":"https:\/\/figuet-technique.ch\/de\/wp-json\/wp\/v2\/comments?post=2237561"}],"version-history":[{"count":0,"href":"https:\/\/figuet-technique.ch\/de\/wp-json\/wp\/v2\/pages\/2237561\/revisions"}],"wp:attachment":[{"href":"https:\/\/figuet-technique.ch\/de\/wp-json\/wp\/v2\/media?parent=2237561"}],"curies":[{"name":"wp","href":"https:\/\/api.w.org\/{rel}","templated":true}]}}