{"id":2237569,"date":"2024-02-03T12:19:37","date_gmt":"2024-02-03T10:19:37","guid":{"rendered":"https:\/\/figuet-technique.ch\/fehlerbehebung\/"},"modified":"2024-02-03T12:19:37","modified_gmt":"2024-02-03T10:19:37","slug":"fehlerbehebung","status":"publish","type":"page","link":"https:\/\/figuet-technique.ch\/de\/fehlerbehebung\/","title":{"rendered":"Fehlerbehebung"},"content":{"rendered":"<h1>Fehlerbehebung<\/h1>\n<div>\n<p>Unser Pannendienst ist <strong>an 5 Tagen in der Woche<\/strong> erreichbar.<\/p>\n<p>Le <a href=\"tel:+41218033020\"><strong>021 803 30 20<\/strong><\/a> garantiert Ihnen einen pers\u00f6nlichen Service in k\u00fcrzester Zeit f\u00fcr alle <a href=\"https:\/\/figuet-technique.ch\/de\/nos-produits\/pelletofen\/\">Pellet\u00f6fen<\/a> und <a href=\"https:\/\/figuet-technique.ch\/de\/nos-produits\/holzofen\/\">Holz\u00f6fen<\/a> unserer vertretenen Marken MCZ &#8211; RED &#8211; Harman &#8211; Oranier &#8211; Jotul &#8211; Scan &#8211; Hase &#8211; Arco &#8211; Lotus &#8211; Rizzoli.<\/p>\n<p>Von Anfang an war es unser Ziel, den unterschiedlichen Bed\u00fcrfnissen und Anforderungen unserer Kunden gerecht zu werden.<\/p>\n<p>Unser Pannendienst soll keinen Bedarf schaffen, sondern Ihnen die M\u00f6glichkeit geben, unsere F\u00e4higkeiten und Dienste in Anspruch zu nehmen, wenn Sie ein Problem haben &#8230; auch noch Jahre sp\u00e4ter.<\/p>\n<\/div>\n<p><!--more--><br \/>\n<!-- {\"type\":\"layout\",\"children\":[{\"type\":\"section\",\"props\":{\"image_position\":\"center-center\",\"style\":\"default\",\"title_breakpoint\":\"xl\",\"title_position\":\"top-left\",\"title_rotation\":\"left\",\"vertical_align\":\"\",\"width\":\"default\"},\"children\":[{\"type\":\"row\",\"children\":[{\"type\":\"column\",\"props\":{\"image_position\":\"center-center\",\"position_sticky_breakpoint\":\"m\"},\"children\":[{\"type\":\"headline\",\"props\":{\"content\":\"D\\u00e9pannage\",\"title_decoration\":\"divider\",\"title_element\":\"h1\"}}]}]},{\"type\":\"row\",\"children\":[{\"type\":\"column\",\"props\":{\"image_position\":\"center-center\",\"position_sticky_breakpoint\":\"m\"},\"children\":[{\"type\":\"text\",\"props\":{\"column_breakpoint\":\"m\",\"content\":\"\n\n<p>Notre service de d\\u00e9pannage est atteignable <strong>5 jours sur 7.<\\\/strong><\\\/p>\\n\n\n<p>Le <a href=\\\"tel:+41218033020\\\"><strong>021 803 30 20<\\\/strong><\\\/a> vous assure un service personnalis\\u00e9 dans les plus brefs d\\u00e9lais sur tous les <a href=\\\"https:\\\/\\\/figuet-technique.ch\\\/nos-produits\\\/poeles-a-pellets\\\/\\\">po\\u00eales \\u00e0 pellets<\\\/a> et <a href=\\\"https:\\\/\\\/figuet-technique.ch\\\/nos-produits\\\/poeles-a-bois\\\/\\\">po\\u00eales \\u00e0 bois<\\\/a> de nos marques repr\\u00e9sent\\u00e9es MCZ \\u2013 RED \\u2013 Harman \\u2013 Oranier \\u2013 Jotul \\u2013 Scan \\u2013 Hase \\u2013 Arco \\u2013 Lotus \\u2013 Rizzoli.<\\\/p>\\n\n\n<p>Depuis le d\\u00e9but de nos activit\\u00e9s, notre but a toujours \\u00e9t\\u00e9 de r\\u00e9pondre au mieux aux diff\\u00e9rents besoins et demandes de nos clients.<\\\/p>\\n\n\n<p>L\\u2019esprit de notre service de d\\u00e9pannage n\\u2019est pas de cr\\u00e9er le besoin, mais bien au contraire de vous permettre de faire appel \\u00e0 nos comp\\u00e9tences et nos services le jour o\\u00f9 vous rencontreriez un probl\\u00e8me \\u2026 m\\u00eame des ann\\u00e9es plus tard.<\\\/p>\",\"margin\":\"default\"}}]}]}]}],\"version\":\"4.4.4\",\"yooessentialsVersion\":\"2.2.14\"} --><\/p>\n","protected":false},"excerpt":{"rendered":"<p>Fehlerbehebung Unser Pannendienst ist an 5 Tagen in der Woche erreichbar. Le 021 803 30 20 garantiert Ihnen einen pers\u00f6nlichen Service in k\u00fcrzester Zeit f\u00fcr alle Pellet\u00f6fen und Holz\u00f6fen unserer vertretenen Marken MCZ &#8211; RED &#8211; Harman &#8211; Oranier &#8211; Jotul &#8211; Scan &#8211; Hase &#8211; Arco &#8211; Lotus &#8211; Rizzoli. Von Anfang an war [&hellip;]<\/p>\n","protected":false},"author":9,"featured_media":0,"parent":0,"menu_order":0,"comment_status":"closed","ping_status":"closed","template":"","meta":{"_acf_changed":false,"footnotes":""},"class_list":["post-2237569","page","type-page","status-publish","hentry"],"acf":[],"_links":{"self":[{"href":"https:\/\/figuet-technique.ch\/de\/wp-json\/wp\/v2\/pages\/2237569","targetHints":{"allow":["GET"]}}],"collection":[{"href":"https:\/\/figuet-technique.ch\/de\/wp-json\/wp\/v2\/pages"}],"about":[{"href":"https:\/\/figuet-technique.ch\/de\/wp-json\/wp\/v2\/types\/page"}],"author":[{"embeddable":true,"href":"https:\/\/figuet-technique.ch\/de\/wp-json\/wp\/v2\/users\/9"}],"replies":[{"embeddable":true,"href":"https:\/\/figuet-technique.ch\/de\/wp-json\/wp\/v2\/comments?post=2237569"}],"version-history":[{"count":0,"href":"https:\/\/figuet-technique.ch\/de\/wp-json\/wp\/v2\/pages\/2237569\/revisions"}],"wp:attachment":[{"href":"https:\/\/figuet-technique.ch\/de\/wp-json\/wp\/v2\/media?parent=2237569"}],"curies":[{"name":"wp","href":"https:\/\/api.w.org\/{rel}","templated":true}]}}