{"id":2237574,"date":"2024-02-03T12:20:20","date_gmt":"2024-02-03T10:20:20","guid":{"rendered":"https:\/\/figuet-technique.ch\/ft-ecoplus\/"},"modified":"2024-02-03T12:20:20","modified_gmt":"2024-02-03T10:20:20","slug":"ft-ecoplus","status":"publish","type":"page","link":"https:\/\/figuet-technique.ch\/de\/ft-ecoplus\/","title":{"rendered":"FT Ecoplus"},"content":{"rendered":"<h1>FT Ecoplus<\/h1>\n<div>\n<p>Seit dem 1. M\u00e4rz 2014 f\u00fchrt Figuet Technique einen neuen Service ein, den<\/p>\n<p><a href=\"https:\/\/figuet-technique.ch\/wp-content\/uploads\/2014\/12\/Tricorne-Ecoplus.png\"><img decoding=\"async\" src=\"https:\/\/figuet-technique.ch\/wp-content\/uploads\/2014\/12\/Tricorne-Ecoplus-300x101.png\" alt=\"\" width=\"300\" height=\"101\" class=\"alignnone size-medium wp-image-4281\" srcset=\"https:\/\/figuet-technique.ch\/wp-content\/uploads\/2014\/12\/Tricorne-Ecoplus-300x101.png 300w, https:\/\/figuet-technique.ch\/wp-content\/uploads\/2014\/12\/Tricorne-Ecoplus-200x68.png 200w, https:\/\/figuet-technique.ch\/wp-content\/uploads\/2014\/12\/Tricorne-Ecoplus-600x203.png 600w, https:\/\/figuet-technique.ch\/wp-content\/uploads\/2014\/12\/Tricorne-Ecoplus.png 923w\" sizes=\"(max-width: 300px) 100vw, 300px\" \/><\/a><\/p>\n<p>Ausgehend von einer einfachen Feststellung haben sich alle unsere Kunden seit den 2000er Jahren aus \u00f6kologischen und \u00f6konomischen Gr\u00fcnden f\u00fcr erneuerbare Energien entschieden.<\/p>\n<p>Das Netzwerk f\u00fcr die Vermarktung, den Verkauf und die Lieferung von <a href=\"https:\/\/figuet-technique.ch\/de\/nos-produits\/pellets-de\/\">Pellets<\/a>, das wir f\u00fcr unsere Kunden eingerichtet haben, zielt darauf ab, Pellets von hoher Qualit\u00e4t und Leistung zu gew\u00e4hrleisten und die Lieferkette regelm\u00e4\u00dfig zu sichern.<\/p>\n<p>Die 15 kg-S\u00e4cke sind zwar transport- und handhabungssicher, aber mit der Einf\u00fchrung der M\u00fcllgeb\u00fchr wurde schnell ein Nachteil deutlich. Was sollte mit den Plastikverpackungen zum Schutz und zur Sicherung w\u00e4hrend des Transports und mit den leeren Pellets\u00e4cken und Einwegpaletten, die zum Umladen verwendet wurden, geschehen? Wir stellten uns folgende Frage: Wie k\u00f6nnen diese Abf\u00e4lle, die f\u00fcr die Nutzer von <a href=\"https:\/\/figuet-technique.ch\/de\/nos-produits\/pelletofen\/\">Pellet\u00f6fen<\/a> schnell ein gro\u00dfes Volumen erreichen, recycelt werden?  <\/p>\n<p>Viele Nutzer von Holzpellets waren sich der Effizienz unserer Versorgungslogistik im Zeitraum 2012 bis 2022 bewusst, da die Kunden aus dem Berner Jura, dem benachbarten Frankreich und dem Wallis kamen. Mit mehr als 200 neuen Kunden pro Tag mussten wir die Versorgung neu \u00fcberdenken und organisieren, ohne dabei die Verwaltung der zuk\u00fcnftigen Abf\u00e4lle zu vergessen, die recycelt werden m\u00fcssen, was unsere neue Herausforderung f\u00fcr 2025 war und sein wird. <\/p>\n<ol>\n<li>Da Einwegpaletten von sehr guter Qualit\u00e4t sind, werden viele von ihnen als Gartenm\u00f6bel gespendet und viele Landwirte nutzen sie, um ihr Holz oder den Sack mit Tierfutter oder Saatgut zu lagern.<\/li>\n<li>Mit der Plastik- und Pappwalze konnten wir Ballen herstellen, die dann \u00fcber eine Partnerschaft mit der Firma Henry Recyclage wiederverwertet wurden. Diese werden sicherlich als Motorhaube oder Bodenplatte f\u00fcr die Spielpl\u00e4tze Ihrer Kinder enden. <\/li>\n<\/ol>\n<p><span style=\"text-decoration: underline;\">Wie viel kostet es?<\/span><\/p>\n<p>Unser Ziel ist es, einen effizienten, transparenten und engagierten Recycling-Service anzubieten. Celuic-i ist kostenlos.   <\/p>\n<p>Die anderen Abf\u00e4lle, die seit der Gr\u00fcndung von Figuet Technique sortiert und von spezialisierten Unternehmen aufbereitet wurden, sind: L\u00e9man Environnement und Henry Recyclage.<\/p>\n<\/div>\n<p><!--more--><br \/>\n<!-- {\"type\":\"layout\",\"children\":[{\"type\":\"section\",\"props\":{\"image_position\":\"center-center\",\"style\":\"default\",\"title_breakpoint\":\"xl\",\"title_position\":\"top-left\",\"title_rotation\":\"left\",\"vertical_align\":\"\",\"width\":\"default\"},\"children\":[{\"type\":\"row\",\"children\":[{\"type\":\"column\",\"props\":{\"image_position\":\"center-center\",\"position_sticky_breakpoint\":\"m\"},\"children\":[{\"type\":\"headline\",\"props\":{\"content\":\"FT Ecoplus\",\"title_decoration\":\"divider\",\"title_element\":\"h1\"}}]}]},{\"type\":\"row\",\"children\":[{\"type\":\"column\",\"props\":{\"image_position\":\"center-center\",\"position_sticky_breakpoint\":\"m\"},\"children\":[{\"type\":\"text\",\"props\":{\"column_breakpoint\":\"m\",\"content\":\"\n\n<p>Depuis le 1er mars 2014, Figuet Technique lance un nouveau service, le<\\\/p>\\n\n\n<p><a href=\\\"https:\\\/\\\/figuet-technique.ch\\\/wp-content\\\/uploads\\\/2014\\\/12\\\/Tricorne-Ecoplus.png\\\"><img src=\\\"https:\\\/\\\/figuet-technique.ch\\\/wp-content\\\/uploads\\\/2014\\\/12\\\/Tricorne-Ecoplus-300x101.png\\\" alt=\\\"\\\" width=\\\"300\\\" height=\\\"101\\\" class=\\\"alignnone size-medium wp-image-4281\\\" \\\/><\\\/a><\\\/p>\\n\n\n<p>Parti d\\u2019un simple constat, l\\u2019ensemble de nos clients ont fait le choix des \\u00e9nergies renouvelables d\\u00e8s les ann\\u00e9es 2000 pour des raisons d\\u2019\\u00e9cologie et d\\u2019\\u00e9conomie.<\\\/p>\\n\n\n<p>Le r\\u00e9seau de commercialisation, la vente et la livraison de <a href=\\\"https:\\\/\\\/figuet-technique.ch\\\/nos-produits\\\/pellets\\\/\\\">pellets<\\\/a> que nous avons mis en place pour nos clients a pour but d\\u2019assurer un pellet de tr\\u00e8s bonne qualit\\u00e9 de haute performance et d'en assurer la cha\\u00eene d\\u2019approvisionnement de fa\\u00e7on r\\u00e9guli\\u00e8re.<\\\/p>\\n\n\n<p>Si les sacs de 15 kg sont r\\u00e9sistants au transport et \\u00e0 la manutention, un inconv\\u00e9nient s\\u2019est tr\\u00e8s vite profil\\u00e9 d\\u00e8s l\\u2019introduction de la taxe poubelle. Que faire des emballages plastiques de protection et de maintien pendant le transport et des sacs de pellets vides et des palettes jetables \\u00e0 usage unique servant au transbordement ? Nous nous sommes pos\\u00e9s la question suivante : comment recycler ces d\\u00e9chets qui repr\\u00e9sentent vite des volumes assez cons\\u00e9quents pour les utilisateurs de <a href=\\\"https:\\\/\\\/figuet-technique.ch\\\/nos-produits\\\/poeles-a-pellets\\\/\\\">po\\u00eales \\u00e0 pellets<\\\/a> ?<\\\/p>\\n\n\n<p>Bon nombre d'utilisateurs de granul\\u00e9s de bois se sont rendus compte de l'efficacit\\u00e9 de notre logistique d'approvisionnement en p\\u00e9riode 2012 et 2022, puisque la clientelle venait depuis le Jura bernois, la France voisine et du Valais. Avec plus de 200 nouveaux clients par jour, nous avons du repenser et organiser l'approvisionnement sans oublier la gestion des futurs d\\u00e9chets \\u00e0 recycler tel \\u00e9tait et sera notre nouveau d\\u00e9fi pour 2025.<\\\/p>\\n\n\n<ol>\\n\n\n<li>Les palettes jetables \\u00e9tant de tr\\u00e8s bonne qualit\\u00e9, bon nombre sont donn\\u00e9 pour en faire des meubles de jardin et bon nombre d'agriculteurs les utilisent pour d\\u00e9poser leur bois ou le sac d'aliment pour les animaux ou les semences.<\\\/li>\\n\n\n<li>Le compacteur \\u00e0 plastique et \\u00e0 carton nous a permis de r\\u00e9aliser des ballots pour les revaloriser par la suite via un partenariat avec la soci\\u00e9t\\u00e9 Henry Recyclage. Ceux-ci finiront certainement sous forme de capot de voiture ou de plaque de sol pour les places de jeux de vos enfants.<\\\/li>\\n<\\\/ol>\\n\n\n<p><\\\/p>\\n\n\n<p><span style=\\\"text-decoration: underline;\\\">Combien \\u00e7a co\\u00fbte<\\\/span><\\\/p>\\n\n\n<p>Notre volont\\u00e9 \\u00e9tant de proposer un service de recyclage efficace et transparent et engag\\u00e9. Celuic-i est donc gratuit, qui dit mieux ?\\u00a0<\\\/p>\\n\n\n<p>Les autres d\\u00e9chets tri\\u00e9s depuis la cr\\u00e9ation de Figuet Technique et retrait\\u00e9s par des soci\\u00e9t\\u00e9s sp\\u00e9cialis\\u00e9es sont : L\\u00e9man environnement et Henry Recyclage.<\\\/p>\",\"margin\":\"default\"}}]}]}]}],\"version\":\"4.5.17\",\"yooessentialsVersion\":\"2.3.12\"} --><\/p>\n","protected":false},"excerpt":{"rendered":"<p>FT Ecoplus Seit dem 1. M\u00e4rz 2014 f\u00fchrt Figuet Technique einen neuen Service ein, den Ausgehend von einer einfachen Feststellung haben sich alle unsere Kunden seit den 2000er Jahren aus \u00f6kologischen und \u00f6konomischen Gr\u00fcnden f\u00fcr erneuerbare Energien entschieden. Das Netzwerk f\u00fcr die Vermarktung, den Verkauf und die Lieferung von Pellets, das wir f\u00fcr unsere Kunden [&hellip;]<\/p>\n","protected":false},"author":9,"featured_media":0,"parent":0,"menu_order":0,"comment_status":"closed","ping_status":"closed","template":"","meta":{"_acf_changed":false,"footnotes":""},"class_list":["post-2237574","page","type-page","status-publish","hentry"],"acf":[],"_links":{"self":[{"href":"https:\/\/figuet-technique.ch\/de\/wp-json\/wp\/v2\/pages\/2237574","targetHints":{"allow":["GET"]}}],"collection":[{"href":"https:\/\/figuet-technique.ch\/de\/wp-json\/wp\/v2\/pages"}],"about":[{"href":"https:\/\/figuet-technique.ch\/de\/wp-json\/wp\/v2\/types\/page"}],"author":[{"embeddable":true,"href":"https:\/\/figuet-technique.ch\/de\/wp-json\/wp\/v2\/users\/9"}],"replies":[{"embeddable":true,"href":"https:\/\/figuet-technique.ch\/de\/wp-json\/wp\/v2\/comments?post=2237574"}],"version-history":[{"count":0,"href":"https:\/\/figuet-technique.ch\/de\/wp-json\/wp\/v2\/pages\/2237574\/revisions"}],"wp:attachment":[{"href":"https:\/\/figuet-technique.ch\/de\/wp-json\/wp\/v2\/media?parent=2237574"}],"curies":[{"name":"wp","href":"https:\/\/api.w.org\/{rel}","templated":true}]}}