{"id":2237576,"date":"2024-02-03T12:20:02","date_gmt":"2024-02-03T10:20:02","guid":{"rendered":"https:\/\/figuet-technique.ch\/messen-und-theken\/"},"modified":"2024-02-03T12:20:02","modified_gmt":"2024-02-03T10:20:02","slug":"messen-und-theken","status":"publish","type":"page","link":"https:\/\/figuet-technique.ch\/de\/messen-und-theken\/","title":{"rendered":"Messen und Theken"},"content":{"rendered":"<h1>Messen und Theken<\/h1>\n<div>\n<p>Viele Jahre lang haben wir an den gr\u00f6\u00dften Messen teilgenommen, wie dem legend\u00e4ren Comptoir Suisse, Habitat Jardin oder der Foire du Valais.<\/p>\n<p>Um Ihnen unsere Produkte unter realen Bedingungen zu pr\u00e4sentieren, bevorzugen wir nun unsere st\u00e4ndige Ausstellung in Tolochenaz.<\/p>\n<p>So haben Sie die M\u00f6glichkeit, unsere Produktpalette und ihre Funktionen zu entdecken und gleichzeitig von einem erh\u00f6hten Komfort und einem pers\u00f6nlichen Empfang zu profitieren.<\/p>\n<p>Bei Bedarf k\u00f6nnen Sie auch abends einen Termin vereinbaren.<\/p>\n<p><strong>Kontaktieren Sie uns f\u00fcr die Planung Ihres Besuchs unter <a href=\"tel:+41218033020\">021 803 30 20<\/a>.<\/strong><\/p>\n<\/div>\n<p><img decoding=\"async\" src=\"\/wp-content\/uploads\/2021\/10\/IMG_2008-scaled.jpg\" alt=\"Ausstellung von Holz- und Pellet\u00f6fen in Tolochenaz\"><\/p>\n<p><!--more--><br \/>\n<!-- {\"type\":\"layout\",\"children\":[{\"type\":\"section\",\"props\":{\"image_position\":\"center-center\",\"style\":\"default\",\"title_breakpoint\":\"xl\",\"title_position\":\"top-left\",\"title_rotation\":\"left\",\"vertical_align\":\"middle\",\"width\":\"default\"},\"children\":[{\"type\":\"row\",\"children\":[{\"type\":\"column\",\"props\":{\"image_position\":\"center-center\",\"position_sticky_breakpoint\":\"m\"},\"children\":[{\"type\":\"headline\",\"props\":{\"content\":\"Foires et comptoirs\",\"title_decoration\":\"divider\",\"title_element\":\"h1\"}}]}]},{\"type\":\"row\",\"children\":[{\"type\":\"column\",\"props\":{\"image_position\":\"center-center\",\"position_sticky_breakpoint\":\"m\"},\"children\":[{\"type\":\"text\",\"props\":{\"column_breakpoint\":\"m\",\"content\":\"\n\n<p>Durant de nombreuses ann\\u00e9es, nous avons particip\\u00e9 aux plus grandes foires comme le mythique Comptoir Suisse, Habitat Jardin ou encore la Foire du Valais.<\\\/p>\\n\n\n<p>D\\u00e9sormais, dans le but de vous pr\\u00e9senter nos produits dans des conditions r\\u00e9elles d\\u2019utilisation, nous favorisons notre expo permanente \\u00e0 Tolochenaz.<\\\/p>\\n\n\n<p>Vous avez ainsi la possibilit\\u00e9 de d\\u00e9couvrir notre gamme et ses fonctionnalit\\u00e9s tout en b\\u00e9n\\u00e9ficiant d\\u2019un confort accru et d\\u2019un accueil personnalis\\u00e9.<\\\/p>\\n\n\n<p>Si besoin, nous vous accueillons volontier sur rendez-vous le soir.<\\\/p>\\n\n\n<p><strong>Contactez-nous pour planifier votre visite au <a href=\\\"tel:+41218033020\\\">021 803 30 20<\\\/a>.<\\\/strong><\\\/p>\",\"margin\":\"default\"}}]}]}]},{\"type\":\"section\",\"props\":{\"image_position\":\"center-center\",\"style\":\"muted\",\"title_breakpoint\":\"xl\",\"title_position\":\"top-left\",\"title_rotation\":\"left\",\"vertical_align\":\"middle\",\"width\":\"default\"},\"children\":[{\"type\":\"row\",\"children\":[{\"type\":\"column\",\"props\":{\"image_position\":\"center-center\",\"position_sticky_breakpoint\":\"m\"},\"children\":[{\"type\":\"image\",\"props\":{\"image\":\"wp-content\\\/uploads\\\/2021\\\/10\\\/IMG_2008-scaled.jpg\",\"image_alt\":\"Exposition de po\\u00eales \\u00e0 bois et pellets \\u00e0 Tolochenaz\",\"image_svg_color\":\"emphasis\",\"margin\":\"default\"}}]}]}]}],\"version\":\"4.3.8\",\"yooessentialsVersion\":\"2.2.7\"} --><\/p>\n","protected":false},"excerpt":{"rendered":"<p>Messen und Theken Viele Jahre lang haben wir an den gr\u00f6\u00dften Messen teilgenommen, wie dem legend\u00e4ren Comptoir Suisse, Habitat Jardin oder der Foire du Valais. Um Ihnen unsere Produkte unter realen Bedingungen zu pr\u00e4sentieren, bevorzugen wir nun unsere st\u00e4ndige Ausstellung in Tolochenaz. So haben Sie die M\u00f6glichkeit, unsere Produktpalette und ihre Funktionen zu entdecken und [&hellip;]<\/p>\n","protected":false},"author":9,"featured_media":0,"parent":0,"menu_order":0,"comment_status":"closed","ping_status":"closed","template":"","meta":{"_acf_changed":false,"footnotes":""},"class_list":["post-2237576","page","type-page","status-publish","hentry"],"acf":[],"_links":{"self":[{"href":"https:\/\/figuet-technique.ch\/de\/wp-json\/wp\/v2\/pages\/2237576","targetHints":{"allow":["GET"]}}],"collection":[{"href":"https:\/\/figuet-technique.ch\/de\/wp-json\/wp\/v2\/pages"}],"about":[{"href":"https:\/\/figuet-technique.ch\/de\/wp-json\/wp\/v2\/types\/page"}],"author":[{"embeddable":true,"href":"https:\/\/figuet-technique.ch\/de\/wp-json\/wp\/v2\/users\/9"}],"replies":[{"embeddable":true,"href":"https:\/\/figuet-technique.ch\/de\/wp-json\/wp\/v2\/comments?post=2237576"}],"version-history":[{"count":0,"href":"https:\/\/figuet-technique.ch\/de\/wp-json\/wp\/v2\/pages\/2237576\/revisions"}],"wp:attachment":[{"href":"https:\/\/figuet-technique.ch\/de\/wp-json\/wp\/v2\/media?parent=2237576"}],"curies":[{"name":"wp","href":"https:\/\/api.w.org\/{rel}","templated":true}]}}