{"id":2237579,"date":"2025-03-28T12:27:46","date_gmt":"2025-03-28T10:27:46","guid":{"rendered":"https:\/\/figuet-technique.ch\/vollstaendiger-leitfaden-fuer-holzoefen\/"},"modified":"2025-03-28T12:27:46","modified_gmt":"2025-03-28T10:27:46","slug":"vollstaendiger-leitfaden-fuer-holzoefen","status":"publish","type":"page","link":"https:\/\/figuet-technique.ch\/de\/vollstaendiger-leitfaden-fuer-holzoefen\/","title":{"rendered":"Vollst\u00e4ndiger Leitfaden f\u00fcr Holz\u00f6fen"},"content":{"rendered":"<h1>Der vollst\u00e4ndige Leitfaden f\u00fcr Holz\u00f6fen<\/h1>\n<div>\n<p>Planen Sie, einen Holzofen in Ihrem Haus zu installieren? Dieser umfassende Leitfaden soll Ihnen helfen, alle Aspekte dieses umweltfreundlichen und wirtschaftlichen Heizger\u00e4tes zu verstehen. Von der Funktionsweise \u00fcber die verschiedenen Arten von \u00d6fen und die geltenden Vorschriften bis hin zu den Auswahlkriterien finden Sie hier alle Antworten auf Ihre Fragen.<\/p>\n<\/div>\n<h2>Entdecken Sie in diesem Leitfaden :<\/h2>\n<ul>\n<li>\n<p>        <img decoding=\"async\" src=\"\/wp-content\/uploads\/2025\/04\/definition-poele-a-bois-2.png\" alt=\"\"><\/p>\n<h2>1. Definition und Vorteile eines Holzofens<\/h2>\n<div>\n<p>Was ein Holzofen ist, seine Vorteile f\u00fcr Ihren W\u00e4rmekomfort, Ihr Budget und die Umwelt.<\/p>\n<\/div>\n<p><a href=\"https:\/\/figuet-technique.ch\/guide-poele-a-bois\/definition-et-avantages\/\">Lesen Sie den Artikel<\/a><\/p>\n<\/li>\n<li>\n<p>        <img decoding=\"async\" src=\"\/wp-content\/uploads\/2025\/04\/fonctionnement-poele-a-bois-2.png\" alt=\"\"><\/p>\n<h2>2. Funktionsweise und Arten von Holz\u00f6fen<\/h2>\n<div>\n<p>Wie ein Holzofen funktioniert, welche verschiedenen Modelle es gibt und wie Sie den richtigen Ofen f\u00fcr Ihre Bed\u00fcrfnisse ausw\u00e4hlen.<\/p>\n<\/div>\n<p><a href=\"https:\/\/figuet-technique.ch\/guide-poele-a-bois\/fonctionnement-type\/\">Lesen Sie den Artikel<\/a><\/p>\n<\/li>\n<li>\n<p>        <img decoding=\"async\" src=\"\/wp-content\/uploads\/2025\/04\/critere-poele-a-bois-2.png\" alt=\"\"><\/p>\n<h2>3. Kriterien f\u00fcr die Wahl des richtigen Kaminofens<\/h2>\n<div>\n<p>Leistung, Design, Standort, Ertrag: Die wichtigsten Punkte, die Sie vor dem Kauf bewerten sollten.<\/p>\n<\/div>\n<p><a href=\"https:\/\/figuet-technique.ch\/guide-poele-a-bois\/criteres\/\">Lesen Sie den Artikel<\/a><\/p>\n<\/li>\n<li>\n<p>        <img decoding=\"async\" src=\"\/wp-content\/uploads\/2025\/04\/reglementation-3.png\" alt=\"\"><\/p>\n<h2>4. Umweltvorschriften und -standards<\/h2>\n<div>\n<p>Verpflichtungen in Bezug auf die Installation, Sicherheitsabst\u00e4nde und die Energieeffizienz.<\/p>\n<\/div>\n<p><a href=\"https:\/\/figuet-technique.ch\/guide-poele-a-bois\/reglementation\/\">Lesen Sie den Artikel<\/a><\/p>\n<\/li>\n<li>\n<p>        <img decoding=\"async\" src=\"\/wp-content\/uploads\/2025\/04\/installation-entretien-3.png\" alt=\"\"><\/p>\n<h2>5. Installation, Wartung und Leistung<\/h2>\n<div>\n<p>Die besten Praktiken zur Installation, Wartung und optimalen Nutzung Ihres Holzofens.<\/p>\n<\/div>\n<p><a href=\"https:\/\/figuet-technique.ch\/guide-poele-a-bois\/installation\/\">Lesen Sie den Artikel<\/a><\/p>\n<\/li>\n<li>\n<p>        <img decoding=\"async\" src=\"\/wp-content\/uploads\/2025\/04\/economie-rentabilite-2.png\" alt=\"\"><\/p>\n<h2>6. Wirtschaft und Rentabilit\u00e4t<\/h2>\n<div>\n<p>Wie viel Geld sollten Sie einplanen, welche Hilfen stehen zur Verf\u00fcgung und wie k\u00f6nnen Sie Ihre Investition rentabilisieren.<\/p>\n<\/div>\n<p><a href=\"https:\/\/figuet-technique.ch\/guide-poele-a-bois\/rentabilite\/\">Lesen Sie den Artikel<\/a><\/p>\n<\/li>\n<li>\n<p>        <img decoding=\"async\" src=\"\/wp-content\/uploads\/2025\/04\/faq-2.png\" alt=\"\"><\/p>\n<h2>7. FAQs und Vergleiche<\/h2>\n<div>\n<p>Antworten auf h\u00e4ufig gestellte Fragen und ein Vergleich der besten Holz\u00f6fen.<\/p>\n<\/div>\n<p><a href=\"https:\/\/figuet-technique.ch\/guide-poele-a-bois\/faq\/\">Lesen Sie den Artikel<\/a><\/p>\n<\/li>\n<\/ul>\n<p><!--more--><br \/>\n<!-- {\"type\":\"layout\",\"children\":[{\"type\":\"section\",\"props\":{\"image\":\"wp-content\\\/uploads\\\/2024\\\/07\\\/1.png\",\"image_effect\":\"parallax\",\"image_loading\":true,\"image_parallax_bgy\":\"0,100\",\"image_position\":\"center-center\",\"media_overlay\":\"rgba(0, 0, 0, 0.34)\",\"padding\":\"xlarge\",\"style\":\"default\",\"title_breakpoint\":\"xl\",\"title_position\":\"top-left\",\"title_rotation\":\"left\",\"vertical_align\":\"middle\",\"width\":\"default\"},\"children\":[{\"type\":\"row\",\"children\":[{\"type\":\"column\",\"props\":{\"image_position\":\"center-center\",\"position_sticky_breakpoint\":\"m\"},\"children\":[{\"type\":\"headline\",\"props\":{\"content\":\"Le Guide Complet du Po\\u00eale \\u00e0 Bois\",\"css\":\".el-element {\\n    color: #fff;\\n}\",\"text_align\":\"center\",\"title_element\":\"h1\",\"title_style\":\"heading-xlarge\"}}]}]}]},{\"type\":\"section\",\"props\":{\"image_position\":\"center-center\",\"style\":\"default\",\"title_breakpoint\":\"xl\",\"title_position\":\"top-left\",\"title_rotation\":\"left\",\"vertical_align\":\"middle\",\"width\":\"default\"},\"children\":[{\"type\":\"row\",\"children\":[{\"type\":\"column\",\"props\":{\"image_position\":\"center-center\",\"position_sticky_breakpoint\":\"m\"},\"children\":[{\"type\":\"text\",\"props\":{\"column_breakpoint\":\"m\",\"content\":\"\n\n<p>Vous envisagez d'installer un po\\u00eale \\u00e0 bois chez vous ? Ce guide complet est l\\u00e0 pour vous aider \\u00e0 comprendre tous les aspects de cet appareil de chauffage aussi \\u00e9cologique qu'\\u00e9conomique. Du fonctionnement aux crit\\u00e8res de choix, en passant par les diff\\u00e9rents types de po\\u00eales et la r\\u00e9glementation en vigueur, vous trouverez ici toutes les r\\u00e9ponses \\u00e0 vos questions.<\\\/p>\",\"margin\":\"default\"}},{\"type\":\"headline\",\"props\":{\"content\":\"D\\u00e9couvrez dans ce guide :\",\"title_element\":\"h2\"}},{\"type\":\"grid\",\"props\":{\"content_column_breakpoint\":\"m\",\"filter_align\":\"left\",\"filter_all\":true,\"filter_grid_breakpoint\":\"m\",\"filter_grid_width\":\"auto\",\"filter_position\":\"top\",\"filter_style\":\"tab\",\"grid_default\":\"1\",\"grid_medium\":\"3\",\"icon_width\":80,\"image_align\":\"top\",\"image_grid_breakpoint\":\"m\",\"image_grid_width\":\"1-2\",\"image_svg_color\":\"emphasis\",\"item_animation\":true,\"lightbox_bg_close\":true,\"link_style\":\"default\",\"link_text\":\"Lire l'article\",\"margin\":\"default\",\"meta_align\":\"below-title\",\"meta_element\":\"div\",\"meta_style\":\"text-meta\",\"panel_expand\":\"content\",\"panel_image_no_padding\":true,\"panel_padding\":\"small\",\"panel_style\":\"card-default\",\"show_content\":true,\"show_hover_image\":true,\"show_hover_video\":true,\"show_image\":true,\"show_link\":true,\"show_meta\":true,\"show_title\":true,\"show_video\":true,\"title_align\":\"top\",\"title_element\":\"h2\",\"title_grid_breakpoint\":\"m\",\"title_grid_width\":\"1-2\",\"title_hover_style\":\"reset\",\"title_style\":\"h3\"},\"children\":[{\"type\":\"grid_item\",\"props\":{\"content\":\"\n\n<p>Ce qu'est un po\\u00eale \\u00e0 bois, ses b\\u00e9n\\u00e9fices pour votre confort thermique, votre budget et l'environnement.<\\\/p>\",\"image\":\"wp-content\\\/uploads\\\/2025\\\/04\\\/definition-poele-a-bois-2.png\",\"link\":\"guide-poele-a-bois\\\/definition-et-avantages\\\/\",\"title\":\"1. D\\u00e9finition et avantages d\\u2019un po\\u00eale \\u00e0 bois\"}},{\"type\":\"grid_item\",\"props\":{\"content\":\"\n\n<p>Comment fonctionne un po\\u00eale \\u00e0 bois, les diff\\u00e9rents mod\\u00e8les disponibles, et comment choisir celui qui correspond \\u00e0 vos besoins.<\\\/p>\",\"image\":\"wp-content\\\/uploads\\\/2025\\\/04\\\/fonctionnement-poele-a-bois-2.png\",\"link\":\"guide-poele-a-bois\\\/fonctionnement-type\\\/\",\"link_text\":\"Lire l'article\",\"title\":\"2. Fonctionnement et types de po\\u00eales \\u00e0 bois\"}},{\"type\":\"grid_item\",\"props\":{\"content\":\"\n\n<p>Puissance, design, emplacement, rendement : les points cl\\u00e9s \\u00e0 \\u00e9valuer avant d\\u2019acheter.<\\\/p>\",\"image\":\"wp-content\\\/uploads\\\/2025\\\/04\\\/critere-poele-a-bois-2.png\",\"link\":\"guide-poele-a-bois\\\/criteres\\\/\",\"link_text\":\"Lire l'article\",\"title\":\"3. Crit\\u00e8res pour bien choisir son po\\u00eale \\u00e0 bois\"}},{\"type\":\"grid_item\",\"props\":{\"content\":\"\n\n<p>Les obligations \\u00e0 respecter en mati\\u00e8re d\\u2019installation, de distances de s\\u00e9curit\\u00e9, et de performance \\u00e9nerg\\u00e9tique.<\\\/p>\",\"image\":\"wp-content\\\/uploads\\\/2025\\\/04\\\/reglementation-3.png\",\"link\":\"guide-poele-a-bois\\\/reglementation\\\/\",\"link_text\":\"Lire l'article\",\"title\":\"4. R\\u00e9glementation et normes environnementales\"}},{\"type\":\"grid_item\",\"props\":{\"content\":\"\n\n<p>Les bonnes pratiques pour installer, entretenir et tirer le meilleur rendement de votre po\\u00eale \\u00e0 bois.<\\\/p>\",\"image\":\"wp-content\\\/uploads\\\/2025\\\/04\\\/installation-entretien-3.png\",\"link\":\"guide-poele-a-bois\\\/installation\\\/\",\"link_text\":\"Lire l'article\",\"title\":\"5. Installation, entretien et performance\"}},{\"type\":\"grid_item\",\"props\":{\"content\":\"\n\n<p>Quel budget pr\\u00e9voir, quelles aides disponibles, et comment rentabiliser votre investissement.<\\\/p>\",\"image\":\"wp-content\\\/uploads\\\/2025\\\/04\\\/economie-rentabilite-2.png\",\"link\":\"guide-poele-a-bois\\\/rentabilite\\\/\",\"link_text\":\"Lire l'article\",\"title\":\"6. Economie et rentabilit\\u00e9\"}},{\"type\":\"grid_item\",\"props\":{\"content\":\"\n\n<p>Les r\\u00e9ponses aux questions fr\\u00e9quentes et un comparatif des meilleurs po\\u00eales \\u00e0 bois.<\\\/p>\",\"image\":\"wp-content\\\/uploads\\\/2025\\\/04\\\/faq-2.png\",\"link\":\"guide-poele-a-bois\\\/faq\\\/\",\"link_text\":\"Lire l'article\",\"title\":\"7. FAQ et comparatifs\"}}]}]}]}]}],\"version\":\"4.5.13\",\"yooessentialsVersion\":\"2.3.11\"} --><\/p>\n","protected":false},"excerpt":{"rendered":"<p>Der vollst\u00e4ndige Leitfaden f\u00fcr Holz\u00f6fen Planen Sie, einen Holzofen in Ihrem Haus zu installieren? Dieser umfassende Leitfaden soll Ihnen helfen, alle Aspekte dieses umweltfreundlichen und wirtschaftlichen Heizger\u00e4tes zu verstehen. Von der Funktionsweise \u00fcber die verschiedenen Arten von \u00d6fen und die geltenden Vorschriften bis hin zu den Auswahlkriterien finden Sie hier alle Antworten auf Ihre Fragen. [&hellip;]<\/p>\n","protected":false},"author":9,"featured_media":0,"parent":0,"menu_order":0,"comment_status":"closed","ping_status":"closed","template":"","meta":{"_acf_changed":false,"footnotes":""},"class_list":["post-2237579","page","type-page","status-publish","hentry"],"acf":[],"_links":{"self":[{"href":"https:\/\/figuet-technique.ch\/de\/wp-json\/wp\/v2\/pages\/2237579","targetHints":{"allow":["GET"]}}],"collection":[{"href":"https:\/\/figuet-technique.ch\/de\/wp-json\/wp\/v2\/pages"}],"about":[{"href":"https:\/\/figuet-technique.ch\/de\/wp-json\/wp\/v2\/types\/page"}],"author":[{"embeddable":true,"href":"https:\/\/figuet-technique.ch\/de\/wp-json\/wp\/v2\/users\/9"}],"replies":[{"embeddable":true,"href":"https:\/\/figuet-technique.ch\/de\/wp-json\/wp\/v2\/comments?post=2237579"}],"version-history":[{"count":0,"href":"https:\/\/figuet-technique.ch\/de\/wp-json\/wp\/v2\/pages\/2237579\/revisions"}],"wp:attachment":[{"href":"https:\/\/figuet-technique.ch\/de\/wp-json\/wp\/v2\/media?parent=2237579"}],"curies":[{"name":"wp","href":"https:\/\/api.w.org\/{rel}","templated":true}]}}