{"id":2237617,"date":"2024-02-27T16:55:34","date_gmt":"2024-02-27T14:55:34","guid":{"rendered":"https:\/\/figuet-technique.ch\/jura-pellets\/"},"modified":"2024-02-27T16:55:34","modified_gmt":"2024-02-27T14:55:34","slug":"jura-pellets","status":"publish","type":"page","link":"https:\/\/figuet-technique.ch\/de\/jura-pellets\/","title":{"rendered":"Jura Pellets"},"content":{"rendered":"<h1>Jura Pellets<\/h1>\n<div>\n<p>Jura Pellets sind das Ergebnis des Know-hows des S\u00e4gewerks Chauvin, das seit 1925 f\u00fchrend in der Verarbeitung von hochgelegenen Nadelh\u00f6lzern ist und sich f\u00fcr eine nachhaltige Forstwirtschaft und die Optimierung des Rohstoffs einsetzt. Im Jahr 2023 beschloss das S\u00e4gewerk, einen neuen Schritt zu machen und in seinem Werk in Mignovillard <a href=\"https:\/\/figuet-technique.ch\/nos-produits\/pellets\/\">Pellets<\/a> zu produzieren, um sein S\u00e4gemehl zu verwerten. <\/p>\n<\/div>\n<div>\n<h2>\u00d6kologisches Engagement<\/h2>\n<p>\u00d6KOLOGIE IM ZENTRUM DER PRODUKTION<\/p>\n<p>Das \u00f6kologische Engagement, das hinter der Produktion von Pellets steht, beeinflusst die Art und Weise, wie sie hergestellt werden. Das Hauptziel ist die Minimierung der CO2-Bilanz durch die Reduzierung von LKW-Transporten und die Verwendung von elektrischen Flurf\u00f6rderfahrzeugen. Das S\u00e4gemehl, das direkt vom S\u00e4gewerk \u00fcber ein F\u00f6rderband angeliefert wird, wird mit Hilfe eines Biomassekessels getrocknet.  <\/p>\n<h2>Lokale Versorgung<\/h2>\n<p>BEVORZUGTE KURZE WEGE<\/p>\n<p>Unter dem selbstbewussten Namen Jura Pellets dr\u00fcckt das Produkt deutlich den Willen aus, kurze Wege zu f\u00f6rdern. Das Holz stammt ausschlie\u00dflich aus jurassischen W\u00e4ldern in der N\u00e4he des S\u00e4gewerks. Die Verarbeitung des S\u00e4gemehls zu Pellets erfolgt vor Ort und die Pellets werden an lokale Privatpersonen und Gewerbetreibende als Sch\u00fcttgut oder in S\u00e4cken vertrieben. Dieser Ansatz verleiht den Pellets von Jura Pellets eine Qualit\u00e4t und Leistung, die von Natur aus mit der jurassischen Region verbunden ist.   <\/p>\n<h2>Qualit\u00e4tszertifizierung<\/h2>\n<p>LEISTUNGSGARANTIE<\/p>\n<p>Jura Pellets zeichnen sich durch einen hohen Heizwert, eine sorgf\u00e4ltige Homogenit\u00e4t und Kalibrierung sowie einen niedrigen Aschegehalt aus. Seine Qualit\u00e4t ist das Ergebnis seiner ausschlie\u00dflichen Herstellung aus Nadelholzs\u00e4gemehl unter Einhaltung eines strengen Lastenhefts. Die Zertifizierungen DIN plus und PEFC best\u00e4tigen das Engagement von Jura Pellets in Bezug auf Leistung und R\u00fcckverfolgbarkeit, wobei die W\u00e4lder, aus denen das Holz stammt, gesch\u00fctzt werden.  <\/p>\n<\/div>\n<ul>\n<li>\n<p>        <img decoding=\"async\" src=\"\/wp-content\/uploads\/2023\/12\/batiment-stockage-interieur-jura-pellets.webp\" alt=\"Interne Lagerung von jura pellets\"><\/p>\n<\/li>\n<li>\n<p>        <img decoding=\"async\" src=\"\/wp-content\/uploads\/2023\/12\/jura-pellets-batiment-new.webp\" alt=\"Interne Lagerung von jura pellets\"><\/p>\n<\/li>\n<\/ul>\n<p><!--more--><br \/>\n<!-- {\"type\":\"layout\",\"children\":[{\"type\":\"section\",\"props\":{\"image_position\":\"center-center\",\"style\":\"default\",\"title_breakpoint\":\"xl\",\"title_position\":\"top-left\",\"title_rotation\":\"left\",\"vertical_align\":\"middle\",\"width\":\"default\"},\"children\":[{\"type\":\"row\",\"children\":[{\"type\":\"column\",\"props\":{\"image_position\":\"center-center\",\"position_sticky_breakpoint\":\"m\"},\"children\":[{\"type\":\"headline\",\"props\":{\"content\":\"Jura pellets\",\"title_element\":\"h1\"}}]}]},{\"type\":\"row\",\"children\":[{\"type\":\"column\",\"props\":{\"image_position\":\"center-center\",\"position_sticky_breakpoint\":\"m\"},\"children\":[{\"type\":\"text\",\"props\":{\"column_breakpoint\":\"m\",\"content\":\"\n\n<p>Le granul\\u00e9 Jura Pellets, fruit du savoir-faire de la Scierie Chauvin, leader dans la transformation de r\\u00e9sineux d\\u2019altitude depuis 1925, s\\u2019inscrit dans une d\\u00e9marche de gestion durable des for\\u00eats et d\\u2019optimisation de la mati\\u00e8re premi\\u00e8re. En 2023, la scierie d\\u00e9cide de franchir une nouvelle \\u00e9tape en produisant des <a href=\\\"https:\\\/\\\/figuet-technique.ch\\\/nos-produits\\\/pellets\\\/\\\">pellets<\\\/a> sur son site de Mignovillard pour valoriser sa sciure.<\\\/p>\",\"margin\":\"default\"}}]}]},{\"type\":\"row\",\"children\":[{\"type\":\"column\",\"props\":{\"image_position\":\"center-center\",\"position_sticky_breakpoint\":\"m\"},\"children\":[{\"type\":\"woo_products\",\"props\":{\"attribute\":\"marque\",\"cat_operator\":\"AND\",\"category\":\"pellets\",\"columns\":4,\"limit\":8,\"order\":\"desc\",\"orderby\":\"date\",\"paginate\":\"true\",\"product_visibility\":\"visible\",\"show_count\":true,\"show_ordering\":true,\"show_rating\":true,\"show_title\":true,\"tag_operator\":\"IN\",\"terms\":\"jura-pellets\",\"terms_operator\":\"IN\",\"text_align\":\"center\",\"type\":\"products\"},\"name\":\"Affichage produits marque\"}]}]},{\"type\":\"row\",\"children\":[{\"type\":\"column\",\"props\":{\"image_position\":\"center-center\",\"position_sticky_breakpoint\":\"m\"},\"children\":[{\"type\":\"text\",\"props\":{\"column_breakpoint\":\"m\",\"content\":\"\n\n<h2>Engagement \\u00e9cologique<\\\/h2>\\n\n\n<p>\\u00c9COLOGIE AU C\\u0152UR DE LA PRODUCTION<\\\/p>\\n\n\n<p>L\\u2019engagement \\u00e9cologique \\u00e0 l\\u2019origine de la production du pellet influence son mode de fabrication. L\\u2019objectif premier est de minimiser l\\u2019empreinte carbone en r\\u00e9duisant les transports par camions et en optant pour des chariots de manutention \\u00e9lectriques. La sciure, achemin\\u00e9e directement depuis la scierie par un convoyeur, est s\\u00e9ch\\u00e9e gr\\u00e2ce \\u00e0 une chaudi\\u00e8re biomasse.<\\\/p>\\n\n\n<h2>Approvisionnement local<\\\/h2>\\n\n\n<p>CIRCUIT COURT PRIVIL\\u00c9GI\\u00c9<\\\/p>\\n\n\n<p>Sous le nom affirm\\u00e9 de Jura Pellets, le produit exprime clairement une volont\\u00e9 de favoriser le circuit court. Le bois provient exclusivement de for\\u00eats jurassiennes \\u00e0 proximit\\u00e9 de la scierie. La transformation de la sciure en granul\\u00e9s se fait sur place, et ces derniers sont distribu\\u00e9s aux particuliers et professionnels locaux, en vrac ou en sac. Cette approche conf\\u00e8re au pellet Jura Pellets une qualit\\u00e9 et une performance intrins\\u00e8quement li\\u00e9es au terroir jurassien.<\\\/p>\\n\n\n<h2>Certification de qualit\\u00e9<\\\/h2>\\n\n\n<p>GAGE DE PERFORMANCES<\\\/p>\\n\n\n<p>Le granul\\u00e9 Jura Pellets se distingue par un pouvoir calorifique \\u00e9lev\\u00e9, une homog\\u00e9n\\u00e9it\\u00e9 et un calibrage soign\\u00e9s, ainsi qu\\u2019un taux de cendre bas. Sa qualit\\u00e9 r\\u00e9sulte de sa fabrication exclusive \\u00e0 partir de sciure de r\\u00e9sineux, en respectant un cahier des charges strict. Les certifications DIN plus, et PEFC attestent de l\\u2019engagement de Jura Pellets en mati\\u00e8re de performance et de tra\\u00e7abilit\\u00e9, tout en pr\\u00e9servant les for\\u00eats d\\u2019origine.<\\\/p>\",\"margin\":\"default\"}}]}]},{\"type\":\"row\",\"children\":[{\"type\":\"column\",\"props\":{\"image_position\":\"center-center\",\"position_sticky_breakpoint\":\"m\"},\"children\":[{\"type\":\"gallery\",\"props\":{\"filter_align\":\"left\",\"filter_all\":true,\"filter_grid_breakpoint\":\"m\",\"filter_grid_width\":\"auto\",\"filter_position\":\"top\",\"filter_style\":\"tab\",\"grid_default\":\"1\",\"grid_medium\":\"2\",\"grid_small\":\"2\",\"image_border\":\"rounded\",\"image_box_shadow\":\"medium\",\"image_height\":\"280\",\"item_animation\":true,\"link_style\":\"default\",\"link_text\":\"Read more\",\"margin\":\"default\",\"meta_align\":\"below-title\",\"meta_element\":\"div\",\"meta_style\":\"text-meta\",\"overlay_hover\":false,\"overlay_mode\":\"cover\",\"overlay_position\":\"center\",\"overlay_style\":\"\",\"overlay_transition\":\"fade\",\"show_content\":true,\"show_hover_image\":true,\"show_link\":true,\"show_meta\":true,\"show_title\":true,\"text_align\":\"center\",\"text_color\":\"light\",\"title_element\":\"h3\",\"title_hover_style\":\"reset\"},\"children\":[{\"type\":\"gallery_item\",\"props\":{\"image\":\"wp-content\\\/uploads\\\/2023\\\/12\\\/batiment-stockage-interieur-jura-pellets.webp\",\"image_alt\":\"Stockage int\\u00e9rieur jura pellets\"}},{\"type\":\"gallery_item\",\"props\":{\"image\":\"wp-content\\\/uploads\\\/2023\\\/12\\\/jura-pellets-batiment-new.webp\",\"image_alt\":\"Stockage int\\u00e9rieur jura pellets\"}}]}]}]}]}],\"version\":\"4.3.13\",\"yooessentialsVersion\":\"2.2.9\"} --><\/p>\n","protected":false},"excerpt":{"rendered":"<p>Jura Pellets Jura Pellets sind das Ergebnis des Know-hows des S\u00e4gewerks Chauvin, das seit 1925 f\u00fchrend in der Verarbeitung von hochgelegenen Nadelh\u00f6lzern ist und sich f\u00fcr eine nachhaltige Forstwirtschaft und die Optimierung des Rohstoffs einsetzt. Im Jahr 2023 beschloss das S\u00e4gewerk, einen neuen Schritt zu machen und in seinem Werk in Mignovillard Pellets zu produzieren, [&hellip;]<\/p>\n","protected":false},"author":9,"featured_media":0,"parent":0,"menu_order":0,"comment_status":"closed","ping_status":"closed","template":"","meta":{"_acf_changed":false,"footnotes":""},"class_list":["post-2237617","page","type-page","status-publish","hentry"],"acf":[],"_links":{"self":[{"href":"https:\/\/figuet-technique.ch\/de\/wp-json\/wp\/v2\/pages\/2237617","targetHints":{"allow":["GET"]}}],"collection":[{"href":"https:\/\/figuet-technique.ch\/de\/wp-json\/wp\/v2\/pages"}],"about":[{"href":"https:\/\/figuet-technique.ch\/de\/wp-json\/wp\/v2\/types\/page"}],"author":[{"embeddable":true,"href":"https:\/\/figuet-technique.ch\/de\/wp-json\/wp\/v2\/users\/9"}],"replies":[{"embeddable":true,"href":"https:\/\/figuet-technique.ch\/de\/wp-json\/wp\/v2\/comments?post=2237617"}],"version-history":[{"count":0,"href":"https:\/\/figuet-technique.ch\/de\/wp-json\/wp\/v2\/pages\/2237617\/revisions"}],"wp:attachment":[{"href":"https:\/\/figuet-technique.ch\/de\/wp-json\/wp\/v2\/media?parent=2237617"}],"curies":[{"name":"wp","href":"https:\/\/api.w.org\/{rel}","templated":true}]}}