{"id":2237618,"date":"2024-02-03T12:19:22","date_gmt":"2024-02-03T10:19:22","guid":{"rendered":"https:\/\/figuet-technique.ch\/wartung\/"},"modified":"2024-02-03T12:19:22","modified_gmt":"2024-02-03T10:19:22","slug":"wartung","status":"publish","type":"page","link":"https:\/\/figuet-technique.ch\/de\/wartung\/","title":{"rendered":"Wartung"},"content":{"rendered":"<h1>Wartung<\/h1>\n<div>\n<p>Ein regelm\u00e4\u00dfiger Reinigungsservice f\u00fcr <a href=\"https:\/\/figuet-technique.ch\/nos-produits\/poeles-a-pellets\/\">Pellet\u00f6fen<\/a> garantiert alle folgenden Leistungen:<\/p>\n<ul>\n<li>Die Reise<\/li>\n<li>Eine j\u00e4hrliche Reinigung<\/li>\n<li>Arbeitskr\u00e4fte<\/li>\n<\/ul>\n<p>Die Wartung eines Pelletofens besteht aus einer Reinigung und einer optimalen Einstellung, um die Langlebigkeit Ihres Ger\u00e4ts zu gew\u00e4hrleisten und den Energieverbrauch zu senken. Wir empfehlen Ihnen auch, nur qualitativ hochwertige <a href=\"https:\/\/figuet-technique.ch\/nos-produits\/pellets\/\">Pellets<\/a> zu verwenden, um eine lange Lebensdauer zu gew\u00e4hrleisten. <\/p>\n<\/div>\n<ul>\n<li>\n<h3>Demontage und Reinigung<\/h3>\n<div>\n<ul>\n<li>Foyer de combusion<\/li>\n<li>Rauchgasventilator<\/li>\n<li>Tangentialventilator<\/li>\n<li>Rauchabzug<\/li>\n<li>Glas<\/li>\n<li>brazero<\/li>\n<li>Pelletbeh\u00e4lter<\/li>\n<li>au\u00dfen<\/li>\n<\/ul>\n<\/div>\n<\/li>\n<li>\n<h3>Verschiedene Kontrollen<\/h3>\n<div>\n<ul>\n<li>T\u00fcrdichtungen<\/li>\n<li>Glas<\/li>\n<li>Rauchdurchg\u00e4nge<\/li>\n<li>Regulierung<\/li>\n<li>Z\u00fcndung<\/li>\n<li>Qualit\u00e4t der Pellets<\/li>\n<li>Verbrennung<\/li>\n<li>verschiedene Ger\u00e4usche<\/li>\n<li>Allgemeines Aussehen<\/li>\n<li>Betriebsstunden<\/li>\n<\/ul>\n<\/div>\n<\/li>\n<\/ul>\n<p><!--more--><br \/>\n<!-- {\"type\":\"layout\",\"children\":[{\"type\":\"section\",\"props\":{\"image_position\":\"center-center\",\"style\":\"default\",\"title_breakpoint\":\"xl\",\"title_position\":\"top-left\",\"title_rotation\":\"left\",\"vertical_align\":\"middle\",\"width\":\"default\"},\"children\":[{\"type\":\"row\",\"children\":[{\"type\":\"column\",\"props\":{\"image_position\":\"center-center\",\"position_sticky_breakpoint\":\"m\"},\"children\":[{\"type\":\"headline\",\"props\":{\"content\":\"Maintenance\",\"title_decoration\":\"divider\",\"title_element\":\"h1\"}}]}]},{\"type\":\"row\",\"children\":[{\"type\":\"column\",\"props\":{\"image_position\":\"center-center\",\"position_sticky_breakpoint\":\"m\"},\"children\":[{\"type\":\"text\",\"props\":{\"column_breakpoint\":\"m\",\"content\":\"\n\n<p>Un service de nettoyage r\\u00e9gulier sur les <a href=\\\"https:\\\/\\\/figuet-technique.ch\\\/nos-produits\\\/poeles-a-pellets\\\/\\\">po\\u00eales \\u00e0 pellets<\\\/a> garantit l\\u2019ensemble des prestations suivantes :<\\\/p>\\n\n\n<ul>\\n\n\n<li>Le d\\u00e9placement<\\\/li>\\n\n\n<li>Un nettoyage annuel<\\\/li>\\n\n\n<li>La main-d\\u2019oeuvre<\\\/li>\\n<\\\/ul>\\n\n\n<p>Une r\\u00e9vision sur un po\\u00eale \\u00e0 pellets consiste au nettoyage et au r\\u00e9glage optimum de fa\\u00e7on \\u00e0 assurer la long\\u00e9vit\\u00e9 de votre appareil tout en baissant sa consommation d\\u2019\\u00e9nergie. Nous vous sugg\\u00e9rons \\u00e9galement de n'utiliser que du <a href=\\\"https:\\\/\\\/figuet-technique.ch\\\/nos-produits\\\/pellets\\\/\\\">pellet<\\\/a> de bonne qualit\\u00e9 afin de garantir la longue vie de votre mat\\u00e9riel.<\\\/p>\",\"margin\":\"default\"}}]}]},{\"type\":\"row\",\"children\":[{\"type\":\"column\",\"props\":{\"image_position\":\"center-center\",\"position_sticky_breakpoint\":\"m\"},\"children\":[{\"type\":\"grid\",\"props\":{\"content_column\":\"1-2\",\"content_column_breakpoint\":\"m\",\"filter_align\":\"left\",\"filter_all\":true,\"filter_grid_breakpoint\":\"m\",\"filter_grid_width\":\"auto\",\"filter_position\":\"top\",\"filter_style\":\"tab\",\"grid_default\":\"1\",\"grid_medium\":\"2\",\"icon_width\":80,\"image_align\":\"top\",\"image_grid_breakpoint\":\"m\",\"image_grid_width\":\"1-2\",\"image_svg_color\":\"emphasis\",\"item_animation\":true,\"link_style\":\"default\",\"link_text\":\"Read more\",\"margin\":\"default\",\"meta_align\":\"below-title\",\"meta_element\":\"div\",\"meta_style\":\"text-meta\",\"panel_padding\":\"small\",\"panel_style\":\"card-default\",\"show_content\":true,\"show_image\":true,\"show_link\":true,\"show_meta\":true,\"show_title\":true,\"title_align\":\"top\",\"title_element\":\"h3\",\"title_grid_breakpoint\":\"m\",\"title_grid_width\":\"1-2\",\"title_hover_style\":\"reset\"},\"children\":[{\"type\":\"grid_item\",\"props\":{\"content\":\"\n\n<ul>\\n\n\n<li>foyer de combusion<\\\/li>\\n\n\n<li>ventilateur de fum\\u00e9es<\\\/li>\\n\n\n<li>ventilateur tangentiel<\\\/li>\\n\n\n<li>sortie des fum\\u00e9es<\\\/li>\\n\n\n<li>vitre<\\\/li>\\n\n\n<li>braz\\u00e9ro<\\\/li>\\n\n\n<li>r\\u00e9servoir \\u00e0 pellets<\\\/li>\\n\n\n<li>ext\\u00e9rieur<\\\/li>\\n<\\\/ul>\",\"title\":\"D\\u00e9montage et nettoyage\"}},{\"type\":\"grid_item\",\"props\":{\"content\":\"\n\n<ul>\\n\n\n<li>joints porte<\\\/li>\\n\n\n<li>vitre<\\\/li>\\n\n\n<li>passages des fum\\u00e9es<\\\/li>\\n\n\n<li>r\\u00e9gulation<\\\/li>\\n\n\n<li>allumage<\\\/li>\\n\n\n<li>qualit\\u00e9 des pellets<\\\/li>\\n\n\n<li>combustion<\\\/li>\\n\n\n<li>bruits divers<\\\/li>\\n\n\n<li>aspect g\\u00e9n\\u00e9ral<\\\/li>\\n\n\n<li>heures de fonctionnement<\\\/li>\\n<\\\/ul>\",\"title\":\"Contr\\u00f4les divers\"}}]}]}]}]}],\"version\":\"4.3.13\",\"yooessentialsVersion\":\"2.2.9\"} --><\/p>\n","protected":false},"excerpt":{"rendered":"<p>Wartung Ein regelm\u00e4\u00dfiger Reinigungsservice f\u00fcr Pellet\u00f6fen garantiert alle folgenden Leistungen: Die Reise Eine j\u00e4hrliche Reinigung Arbeitskr\u00e4fte Die Wartung eines Pelletofens besteht aus einer Reinigung und einer optimalen Einstellung, um die Langlebigkeit Ihres Ger\u00e4ts zu gew\u00e4hrleisten und den Energieverbrauch zu senken. Wir empfehlen Ihnen auch, nur qualitativ hochwertige Pellets zu verwenden, um eine lange Lebensdauer zu [&hellip;]<\/p>\n","protected":false},"author":9,"featured_media":0,"parent":0,"menu_order":0,"comment_status":"closed","ping_status":"closed","template":"","meta":{"_acf_changed":false,"footnotes":""},"class_list":["post-2237618","page","type-page","status-publish","hentry"],"acf":[],"_links":{"self":[{"href":"https:\/\/figuet-technique.ch\/de\/wp-json\/wp\/v2\/pages\/2237618","targetHints":{"allow":["GET"]}}],"collection":[{"href":"https:\/\/figuet-technique.ch\/de\/wp-json\/wp\/v2\/pages"}],"about":[{"href":"https:\/\/figuet-technique.ch\/de\/wp-json\/wp\/v2\/types\/page"}],"author":[{"embeddable":true,"href":"https:\/\/figuet-technique.ch\/de\/wp-json\/wp\/v2\/users\/9"}],"replies":[{"embeddable":true,"href":"https:\/\/figuet-technique.ch\/de\/wp-json\/wp\/v2\/comments?post=2237618"}],"version-history":[{"count":0,"href":"https:\/\/figuet-technique.ch\/de\/wp-json\/wp\/v2\/pages\/2237618\/revisions"}],"wp:attachment":[{"href":"https:\/\/figuet-technique.ch\/de\/wp-json\/wp\/v2\/media?parent=2237618"}],"curies":[{"name":"wp","href":"https:\/\/api.w.org\/{rel}","templated":true}]}}