{"id":2237624,"date":"2024-02-27T16:55:18","date_gmt":"2024-02-27T14:55:18","guid":{"rendered":"https:\/\/figuet-technique.ch\/pellets-cogra\/"},"modified":"2024-02-27T16:55:18","modified_gmt":"2024-02-27T14:55:18","slug":"pellets-cogra","status":"publish","type":"page","link":"https:\/\/figuet-technique.ch\/de\/pellets-cogra\/","title":{"rendered":"Pellets Cogra"},"content":{"rendered":"<h1>Pellets Cogra &#8211; Pelletsh\u00e4ndler f\u00fcr die franz\u00f6sische Schweiz<\/h1>\n<div>\n<p>Figuet technique ist der Schweizer Vertriebspartner f\u00fcr die Produkte der Marke Cogra, die auf die Herstellung von <a href=\"https:\/\/figuet-technique.ch\/nos-produits\/pellets\/\">Holzpellets<\/a> spezialisiert ist. Cogra bietet Pellets in genormten 15 kg S\u00e4cken an, die eine saubere und einfache Lagerung erm\u00f6glichen. Die Beutel sind f\u00fcr die Bef\u00fcllung von Zusatz- oder Einzelheizungen einfacher zu handhaben. Cogra bietet auch den Verkauf von losen Pellets f\u00fcr Gro\u00dfverbraucher an, die einen Heizkessel mit Beh\u00e4ltern von mehreren Tonnen nutzen.   <\/p>\n<h2>Warum hat sich Figuet Technique f\u00fcr die Marke Cogra entschieden?<\/h2>\n<p>Ganz einfach, weil Cogra Pellets im Einklang mit der Natur herstellt. Sie werden aus Reststoffen wie S\u00e4gesp\u00e4nen hergestellt, die aus edlen, 100%igen Nadelholzprodukten stammen. Diese S\u00e4gesp\u00e4ne werden getrocknet und gemahlen, um die Korngr\u00f6\u00dfe zu verfeinern, und dann zu kleinen Zylindern mit hoher Dichte (1.2) gepresst. Die so hergestellten Holzpellets behalten ihre zylindrische Form durch die starke Kompression bei, enthalten aber keinen Leim oder chemische Bindemittel, was sie zu einem sicheren und qualitativ hochwertigen Produkt mit hoher W\u00e4rmeleistung macht.   <\/p>\n<\/div>\n<div>\n<h2>Gut zu wissen<\/h2>\n<p>Ein Qualit\u00e4tspellet ist auf verschiedene Weise erkennbar, aber nicht nur an der Farbe und der L\u00e4nge. Das erste Kriterium ist die Sicherheit der Lieferkette. Die Firma Cogra hat ihren Sitz in Mende, n\u00f6rdlich von Montpelier im Departement Loz\u00e8re, nur 7 Stunden mit dem LKW entfernt. Sie stellt seit 1982 Pellets her und wir nutzen ihre gro\u00dfe Erfahrung, um sicherzustellen, dass wir unsere Kunden mit 15 kg S\u00e4cken beliefern k\u00f6nnen. Die Paletten, die f\u00fcr die Lieferungen verwendet werden, sind 120 cm x 100 cm gro\u00df und mit den Pellets\u00e4cken 165 cm hoch: Sie sind Einwegpaletten und werden regelm\u00e4\u00dfig per LKW geliefert, 25 Tonnen pro Transport. Jede Palette besteht aus 70 S\u00e4cken \u00e0 15 kg, d.h. 1&#8217;050 kg pro Palette.     <\/p>\n<p>Die S\u00e4cke sind alle mikroperforiert, um eine gute Bel\u00fcftung zu gew\u00e4hrleisten. Jede Palette wird sorgf\u00e4ltig in dreifachem Zellophan mit einer Plastikkappe auf der Oberseite eingeschwei\u00dft, so dass die Pellets auch bei Feuchtigkeit w\u00e4hrend der Lagerung oder des Transports immer eine optimale Qualit\u00e4t haben. Die Paletten bleiben f\u00fcr eine einfache Lagerung und Handhabung gut gestapelt. Die Festigkeit der Cogra Pellets\u00e4cke sorgt daf\u00fcr, dass es keine b\u00f6sen \u00dcberraschungen gibt, wenn die S\u00e4cke bei der Handhabung rei\u00dfen oder ein Loch bekommen.   <\/p>\n<p>Viele Kunden haben uns \u00fcber ihre Erfahrungen mit den Cogra-Pellets berichtet, die wir verkaufen oder liefern. Die wichtigste Eigenschaft ist der hohe Heizwert mit mehr als 20% mehr Energie, eine optimale Verbrennung, viel weniger Asche und weniger verschmutztes Glas. Holzpellets sind bekannt f\u00fcr ihren geringen Staubanteil in den S\u00e4cken, was Ihnen eine gleichm\u00e4\u00dfige Zufuhr in den Tank garantiert, ohne die Sorge, dass die F\u00f6rderschnecke blockiert wird.  <\/p>\n<h2>Als Wiederverk\u00e4ufer von Cogra-Pellets in 15kg-S\u00e4cken bieten wir allen unseren Kunden Versorgungssicherheit \u00fcber ein anderes Netzwerk als die \u00fcblichen Schweizer Pelletslieferanten.<\/h2>\n<p>Andere Marken finden Sie auch bei Landi, Jumbo, Hornbach, Migrol, Bise, BestPellet, Valpellets, AEK pellets, Fenaco, Energie Durable, Enerbois, Tschopp, Bartholdi pellets, B\u00fcrli pellets, Apellets, Valais Pellets, Pelleo, Azure, Ecube, Alpes Pellets, EO2, Total, Woodstock etc etc.<\/p>\n<p>Mit einer Verkaufssteigerung von 100 % jedes Jahr bleibt die Qualit\u00e4t \u00fcber die Jahre hinweg unver\u00e4ndert. Diese Pellets werden nun auch in der neuen Fabrik in 12150 S\u00e9verac-le-Ch\u00e2teau, Aveyron, und in der Fabrik in 43500 Craponne-sur-Arzon, Haute-Loire, hergestellt. <\/p>\n<\/div>\n<p><!--more--><br \/>\n<!-- {\"type\":\"layout\",\"children\":[{\"type\":\"section\",\"props\":{\"image_position\":\"center-center\",\"style\":\"default\",\"title_breakpoint\":\"xl\",\"title_position\":\"top-left\",\"title_rotation\":\"left\",\"vertical_align\":\"middle\",\"width\":\"default\"},\"children\":[{\"type\":\"row\",\"children\":[{\"type\":\"column\",\"props\":{\"image_position\":\"center-center\",\"position_sticky_breakpoint\":\"m\"},\"children\":[{\"type\":\"headline\",\"props\":{\"content\":\"Pellets Cogra - Distributeur de pellets pour la Suisse romande\",\"title_element\":\"h1\"}}]}]},{\"type\":\"row\",\"children\":[{\"type\":\"column\",\"props\":{\"image_position\":\"center-center\",\"position_sticky_breakpoint\":\"m\"},\"children\":[{\"type\":\"text\",\"props\":{\"column_breakpoint\":\"m\",\"content\":\"\n\n<p>Figuet technique est le distributeur en suisse des produits de la marque Cogra sp\\u00e9cialis\\u00e9e dans la fabrication de granul\\u00e9s de bois plus souvent appel\\u00e9s <a href=\\\"https:\\\/\\\/figuet-technique.ch\\\/nos-produits\\\/pellets\\\/\\\">pellets<\\\/a>. Cogra propose la vente de pellets en sacs normalis\\u00e9s de 15 kg pour un entreposage propre et ais\\u00e9. Les sachets sont plus pratiques \\u00e0 manipuler pour le remplissage des installations de chauffage d\\u2019appoint ou individuelles. Cogra propose \\u00e9galement la vente en vrac de pellets pour les plus grands utilisateurs b\\u00e9n\\u00e9ficiant d\\u2019une chaudi\\u00e8re utilisant des r\\u00e9servoirs de plusieurs tonnes.<\\\/p>\\n\n\n<h2>Pourquoi Figuet Technique a-t-il choisi la marque Cogra ?<\\\/h2>\\n\n\n<p>Tout simplement parce que Cogra produit des pellets en respectant la nature. Ils sont fabriqu\\u00e9s \\u00e0 partir des r\\u00e9sidus tels que des sciures issues produits nobles et 100% r\\u00e9sineux. Ces sciures sont s\\u00e9ch\\u00e9es et broy\\u00e9es pour affiner leur granulom\\u00e9trie, puis comprim\\u00e9es pour prendre la forme de petits cylindres \\u00e0 forte densit\\u00e9 (1.2). Ces granul\\u00e9s de bois ainsi fabriqu\\u00e9s ont la particularit\\u00e9 de conserver cette forme cylindrique gr\\u00e2ce \\u00e0 une tr\\u00e8s forte compression, mais ne contiennent ni colle, ni liant chimique, ce qui en fait un produit s\\u00fbr et de qualit\\u00e9 sup\\u00e9rieure \\u00e0 haut rendement thermique.<\\\/p>\",\"margin\":\"default\"}}]}]},{\"type\":\"row\",\"children\":[{\"type\":\"column\",\"props\":{\"image_position\":\"center-center\",\"position_sticky_breakpoint\":\"m\"},\"children\":[{\"type\":\"woo_products\",\"props\":{\"attribute\":\"marque\",\"cat_operator\":\"AND\",\"category\":\"pellets\",\"columns\":4,\"limit\":8,\"order\":\"desc\",\"orderby\":\"date\",\"paginate\":\"true\",\"product_visibility\":\"visible\",\"show_count\":true,\"show_ordering\":true,\"show_rating\":true,\"show_title\":true,\"tag_operator\":\"IN\",\"terms\":\"cogra\",\"terms_operator\":\"IN\",\"text_align\":\"center\",\"type\":\"products\"}}]}]},{\"type\":\"row\",\"children\":[{\"type\":\"column\",\"props\":{\"image_position\":\"center-center\",\"position_sticky_breakpoint\":\"m\"},\"children\":[{\"type\":\"text\",\"props\":{\"column_breakpoint\":\"m\",\"content\":\"\n\n<h2>Bon \\u00e0 savoir<\\\/h2>\\n\n\n<p>Un pellet de qualit\\u00e9 se reconna\\u00eet de diff\\u00e9rentes fa\\u00e7ons mais pas seulement par sa couleur et sa longueur. Le premier crit\\u00e8re est la s\\u00e9curit\\u00e9 de la cha\\u00eene d\\u2019approvisionnement. La soci\\u00e9t\\u00e9 Cogra est bas\\u00e9e \\u00e0 Mende, au nord de Montpelier dans la Loz\\u00e8re, \\u00e0 7 heures \\u00e0 peine en camion. Depuis 1982, elle fabrique du pellet et nous profitons de leur grande exp\\u00e9rience pour avoir la garantie d\\u2019approvisionner nos clients en sacs de 15 kg. Les palettes utilis\\u00e9es lors des livraisons mesurent 120 cm par 100 cm pour une hauteur de 165 cm avec les sacs de pellets : elles sont jetables et nous sont livr\\u00e9es de mani\\u00e8re r\\u00e9guli\\u00e8re par camion, 25 tonnes par transport. Chaque palette se compose de 70 sacs de 15 kg, soit 1\\u2019050 kg par palette.<\\\/p>\\n\n\n<p>Les sacs sont tous micro-perfor\\u00e9s pour assurer une a\\u00e9ration. Chaque palette est soigneusement film\\u00e9e sous cellophane en triple \\u00e9paisseur avec un capuchon plastique sur le dessus, ainsi, en cas d\\u2019humidit\\u00e9 pendant le stockage ou le transport, les granul\\u00e9s de bois restent toujours d\\u2019une qualit\\u00e9 optimum. Les palettes restent bien empil\\u00e9es pour un stockage et une manipulation ais\\u00e9e. La r\\u00e9sistance des sacs de pellets Cogra est l\\u2019assurance d\\u2019\\u00e9viter les mauvaises surprises des sacs qui se d\\u00e9chirent ou se percent intempestivement lors des manipulations.<\\\/p>\\n\n\n<p>De nombreux clients nous ont fait part de leur exp\\u00e9rience lors de l\\u2019utilisation de pellets Cogra que nous leur vendons ou livrons. La qualit\\u00e9 premi\\u00e8re qui ressort est sans contexte le pouvoir calorifique \\u00e9lev\\u00e9 avec plus de 20% d\\u2019\\u00e9nergie en plus, une combustion optimum, les cendres sont beaucoup moins importantes, la vitre se salit moins vite. Le granul\\u00e9 de bois est reconnu pour le peu de poussi\\u00e8re contenue dans les sacs, ce qui vous garantit une alimentation dans le r\\u00e9servoir de fa\\u00e7on r\\u00e9guli\\u00e8re, sans le souci du blocage de la vis sans fin.<\\\/p>\\n\n\n<h2>En tant que revendeur des pellets Cogra en sacs de 15kg uniquement, nous assurons \\u00e0 tous nos clients la s\\u00e9curit\\u00e9 de l\\u2019approvisionnement gr\\u00e2ce \\u00e0 un autre r\\u00e9seau que les fournisseurs de pellets suisses habituels.<\\\/h2>\\n\n\n<p>Vous pouvez \\u00e9galement trouver d\\u2019autres marques chez Landi, Jumbo, Hornbach, Migrol, Bise, BestPellet, Valpellets, AEK pellets, Fenaco, Energie Durable, Enerbois, Tschopp, Bartholdi pellets, B\\u00fcrli pellets, Apellets, Valais Pellets, Pelleo, Azure, Ecube, Alpes Pellets, EO2, Total, Woodstock etc etc.<\\\/p>\\n\n\n<p>Avec une augmentation des ventes de 100 % chaque ann\\u00e9e, la qualit\\u00e9 reste inchang\\u00e9e au fil des ann\\u00e9es. Ces granul\\u00e9s sont \\u00e0 pr\\u00e9sent \\u00e9galement fabriqu\\u00e9s dans la nouvelle usine de 12150 S\\u00e9verac-le-Ch\\u00e2teau, dans l\\u2019Aveyron, et dans l\\u2019usine de 43500 Craponne-sur-Arzon dans le d\\u00e9partement de la Haute-Loire.<\\\/p>\",\"margin\":\"default\"}}]}]}]}],\"version\":\"4.3.13\",\"yooessentialsVersion\":\"2.2.9\"} --><\/p>\n","protected":false},"excerpt":{"rendered":"<p>Pellets Cogra &#8211; Pelletsh\u00e4ndler f\u00fcr die franz\u00f6sische Schweiz Figuet technique ist der Schweizer Vertriebspartner f\u00fcr die Produkte der Marke Cogra, die auf die Herstellung von Holzpellets spezialisiert ist. Cogra bietet Pellets in genormten 15 kg S\u00e4cken an, die eine saubere und einfache Lagerung erm\u00f6glichen. Die Beutel sind f\u00fcr die Bef\u00fcllung von Zusatz- oder Einzelheizungen einfacher [&hellip;]<\/p>\n","protected":false},"author":9,"featured_media":0,"parent":0,"menu_order":0,"comment_status":"closed","ping_status":"closed","template":"","meta":{"_acf_changed":false,"footnotes":""},"class_list":["post-2237624","page","type-page","status-publish","hentry"],"acf":[],"_links":{"self":[{"href":"https:\/\/figuet-technique.ch\/de\/wp-json\/wp\/v2\/pages\/2237624","targetHints":{"allow":["GET"]}}],"collection":[{"href":"https:\/\/figuet-technique.ch\/de\/wp-json\/wp\/v2\/pages"}],"about":[{"href":"https:\/\/figuet-technique.ch\/de\/wp-json\/wp\/v2\/types\/page"}],"author":[{"embeddable":true,"href":"https:\/\/figuet-technique.ch\/de\/wp-json\/wp\/v2\/users\/9"}],"replies":[{"embeddable":true,"href":"https:\/\/figuet-technique.ch\/de\/wp-json\/wp\/v2\/comments?post=2237624"}],"version-history":[{"count":0,"href":"https:\/\/figuet-technique.ch\/de\/wp-json\/wp\/v2\/pages\/2237624\/revisions"}],"wp:attachment":[{"href":"https:\/\/figuet-technique.ch\/de\/wp-json\/wp\/v2\/media?parent=2237624"}],"curies":[{"name":"wp","href":"https:\/\/api.w.org\/{rel}","templated":true}]}}