{"id":397959,"date":"2024-02-03T11:44:43","date_gmt":"2024-02-03T09:44:43","guid":{"rendered":"https:\/\/figuet-technique.ch\/startseite\/"},"modified":"2024-05-31T12:06:14","modified_gmt":"2024-05-31T10:06:14","slug":"startseite","status":"publish","type":"page","link":"https:\/\/figuet-technique.ch\/de\/","title":{"rendered":"Startseite"},"content":{"rendered":"<ul>\n<li>\n<p>        <img decoding=\"async\" src=\"\/wp-content\/uploads\/2024\/05\/Copie-de-Copie-de-Copie-de-595-TTC-2000-x-500-px-1.png\" alt=\"promo d'\u00e9t\u00e9\"><\/p>\n<h1>Sommerpreise!<\/h1>\n<p>Schn\u00e4ppchen<\/p>\n<div>\n<p>Auf Holz\u00f6fen, Pellet\u00f6fen und Holzherde!<\/p>\n<\/div>\n<p><a href=\"https:\/\/figuet-technique.ch\/bonnes-affaires\/\">Zu den Angeboten<\/a><\/p>\n<\/li>\n<li>\n<p>        <img decoding=\"async\" src=\"\/wp-content\/uploads\/2024\/05\/Copie-de-595-TTC.png\" alt=\"sacs de pellets\"><\/p>\n<h1>Gro\u00dfe Promo<\/h1>\n<p>Ab 3.95 pro Sack Pellets!<\/p>\n<div>\n<p>Bis ausverkauft<\/p>\n<\/div>\n<p><a href=\"\/de\/nos-produits\/pellets-de\/\">Zu den Angeboten<\/a><\/p>\n<\/li>\n<\/ul>\n<p><a href=\"https:\/\/figuet-technique.ch\/produit\/sac-jurapellets-9-kg\/\"><img decoding=\"async\" src=\"\/wp-content\/uploads\/2024\/05\/Copie-de-Copie-de-595-TTC-2000-x-500-px.png\" alt=\"pellet 3.95\"><\/a><\/p>\n<ul>\n<li>\n<p><img decoding=\"async\" src=\"\/wp-content\/uploads\/2024\/04\/hase-kaminofen-sila-stahl.jpg\" alt=\"po\u00eale \u00e0 bois\"><\/p>\n<h2><a href=\"https:\/\/figuet-technique.ch\/de\/nos-produits\/holzofen\/\">Holz\u00f6fen<\/a><\/h2>\n<p><a href=\"\/de\/nos-produits\/holzofen\/\">Zu den Holz\u00f6fen<\/a><\/p>\n<\/li>\n<li>\n<p><img decoding=\"async\" src=\"\/wp-content\/uploads\/2024\/04\/ray-metallo-bianco.jpg\" alt=\"poele \u00e0 pellets\"><\/p>\n<h2><a href=\"https:\/\/figuet-technique.ch\/de\/nos-produits\/pelletofen\/\">Pellet\u00f6fen<\/a><\/h2>\n<p><a href=\"\/de\/nos-produits\/pelletofen\/\">Zu den Pellet\u00f6fen<\/a><\/p>\n<\/li>\n<li>\n<p><img decoding=\"async\" src=\"\/wp-content\/uploads\/2024\/04\/news_29.jpg\" alt=\"pellets\"><\/p>\n<h2><a href=\"https:\/\/figuet-technique.ch\/de\/nos-produits\/pellets-de\/\">Pellets<\/a><\/h2>\n<p><a href=\"\/de\/nos-produits\/pellets-de\/\">Zu den Pellets<\/a><\/p>\n<\/li>\n<li>\n<p><img decoding=\"async\" src=\"\/wp-content\/uploads\/2024\/04\/main_7-1.jpg\" alt=\"cuisini\u00e8re \u00e0 bois\"><\/p>\n<h2><a href=\"https:\/\/figuet-technique.ch\/de\/nos-produits\/holzherde\/\">Holzherde<\/a><\/h2>\n<p><a href=\"\/de\/nos-produits\/holzherde\/\">Zu den Holzherden<\/a><\/p>\n<\/li>\n<li>\n<p><img decoding=\"async\" src=\"\/wp-content\/uploads\/2024\/04\/Capture.JPG\" alt=\"chemin\u00e9e de salon\"><\/p>\n<h2><a href=\"https:\/\/figuet-technique.ch\/nos-produits\/cheminees-de-salon-ou-cheminees-a-bois\/\">Wohnzimmerkamin<\/a><\/h2>\n<p><a href=\"\/nos-produits\/cheminees-de-salon-ou-cheminees-a-bois\">Zu den Wohnzimmerkaminen<\/a><\/p>\n<\/li>\n<\/ul>\n<div>Derzeit im Angebot!<\/div>\n<div>\n<\/div>\n<div>Die Neuheiten<\/div>\n<div>\n<\/div>\n<h2>\u00dcBER FIGUET TECHNIQUE S\u00c0RL<br \/>ENTDECKEN SIE UNSER PR\u00c4SENTATIONSVIDEO!<\/h2>\n<p><video src=\"\/wp-content\/uploads\/2024\/02\/Figuet-Technique-Presentation-de-lentreprise-2019.mp4\" poster=\"\"><\/video><\/p>\n<div>\n<p>Als Nr. 1 f\u00fcr Pellet- und Holz\u00f6fen in der Westschweiz und seit \u00fcber 30 Jahren im Heizungsbereich t\u00e4tig, setzt sich Figuet Technique S\u00e0rl daf\u00fcr ein, Sie bei der richtigen Wahl Ihrer zuk\u00fcnftigen Anlage bestm\u00f6glich zu beraten.<\/p>\n<\/div>\n<h2>Unsere St\u00e4rken<\/h2>\n<ul>\n<li>\n<div>\n<p>Gro\u00dfe Auswahl an Produkten, die auf 350 m2 mit Vorf\u00fchrungen ausgestellt werden.<\/p>\n<\/div>\n<\/li>\n<li>\n<div>\n<p>Preis-Leistungs-Verh\u00e4ltnis immer knapp kalkuliert.<\/p>\n<\/div>\n<\/li>\n<li>\n<div>\n<p>Kostenlose Kostenvoranschl\u00e4ge.<\/p>\n<\/div>\n<\/li>\n<li>\n<div>\n<p>Schneller und effizienter Kundenservice.<\/p>\n<\/div>\n<\/li>\n<li>\n<div>\n<p>Montage der Anlagen durch uns selbst oder durch Fachleute aus der Branche dank eines Netzwerks langj\u00e4hriger Partner.<\/p>\n<\/div>\n<\/li>\n<li>\n<div>\n<p>Wartungsvertr\u00e4ge und Garantieleistungen durch unsere eigene Abteilung.<\/p>\n<\/div>\n<\/li>\n<li>\n<div>\n<p>Anerkennung von Fabriken und Herstellern f\u00fcr den Service und die \u00dcbernahme von Garantien.<\/p>\n<\/div>\n<\/li>\n<\/ul>\n<h2>Unsere Marken<\/h2>\n<ul>\n<li>\n<div>\n<p>MCZ<\/p>\n<\/div>\n<\/li>\n<li>\n<div>\n<p>Harman<\/p>\n<\/div>\n<\/li>\n<li>\n<div>\n<p>Oranier<\/p>\n<\/div>\n<\/li>\n<li>\n<div>\n<p>Hase<\/p>\n<\/div>\n<\/li>\n<li>\n<div>\n<p>Arco<\/p>\n<\/div>\n<\/li>\n<li>\n<div>\n<p>Jotul<\/p>\n<\/div>\n<\/li>\n<li>\n<div>\n<p>Scan<\/p>\n<\/div>\n<\/li>\n<li>\n<div>\n<p>Bullerjan<\/p>\n<\/div>\n<\/li>\n<li>\n<div>\n<p>Lotus<\/p>\n<\/div>\n<\/li>\n<li>\n<div>\n<p>Spartherm<\/p>\n<\/div>\n<\/li>\n<\/ul>\n<h2>Unser Showroom<\/h2>\n<div>\n<p>350 m2 gro\u00dfer permanenter Showroom mit einer breiten Produktpalette und Vorf\u00fchrungen.<\/p>\n<\/div>\n<p><!--more--><br \/>\n<!-- {\"type\":\"layout\",\"children\":[{\"type\":\"section\",\"props\":{\"image_position\":\"center-center\",\"padding\":\"none\",\"style\":\"default\",\"title_breakpoint\":\"xl\",\"title_position\":\"top-left\",\"title_rotation\":\"left\",\"vertical_align\":\"middle\",\"width\":\"\"},\"children\":[{\"type\":\"row\",\"children\":[{\"type\":\"column\",\"props\":{\"image_position\":\"center-center\",\"position_sticky_breakpoint\":\"m\"},\"children\":[{\"type\":\"slideshow\",\"props\":{\"content_style\":\"heading-small\",\"css\":\".el-meta {\\n color: #ff1f1f;\\n}\\n.el-link {\\n font-weight: bold;\\n}\",\"link_size\":\"large\",\"link_style\":\"secondary\",\"link_text\":\"Read more\",\"margin\":\"default\",\"meta_align\":\"below-title\",\"meta_element\":\"div\",\"meta_style\":\"heading-medium\",\"nav\":\"dotnav\",\"nav_align\":\"center\",\"nav_breakpoint\":\"s\",\"nav_position\":\"bottom-center\",\"nav_position_margin\":\"medium\",\"overlay_animation\":\"parallax\",\"overlay_margin\":\"large\",\"overlay_position\":\"center-left\",\"overlay_style\":\"overlay-primary\",\"overlay_width\":\"xlarge\",\"show_content\":true,\"show_link\":true,\"show_meta\":true,\"show_thumbnail\":true,\"show_title\":true,\"slidenav\":\"default\",\"slidenav_breakpoint\":\"\",\"slidenav_large\":false,\"slidenav_margin\":\"small\",\"slidenav_outside_breakpoint\":\"xl\",\"slideshow_animation\":\"fade\",\"slideshow_autoplay\":true,\"slideshow_autoplay_interval\":\"7\",\"slideshow_autoplay_pause\":false,\"slideshow_height\":\"viewport\",\"slideshow_height_offset_top\":false,\"slideshow_height_viewport\":50,\"slideshow_kenburns\":\"alternate\",\"slideshow_min_height\":300,\"thumbnav_height\":\"75\",\"thumbnav_svg_color\":\"emphasis\",\"thumbnav_width\":\"100\",\"title_decoration\":\"divider\",\"title_element\":\"h1\",\"title_style\":\"heading-large\"},\"children\":[{\"type\":\"slideshow_item\",\"props\":{\"content\":\"\n\n<p>Auf Holz\\u00f6fen, Pellet\\u00f6fen und Holzherde!<\\\/p>\",\"image\":\"wp-content\\\/uploads\\\/2024\\\/05\\\/Copie-de-Copie-de-Copie-de-595-TTC-2000-x-500-px-1.png\",\"image_alt\":\"promo d'\\u00e9t\\u00e9\",\"link\":\"https:\\\/\\\/figuet-technique.ch\\\/bonnes-affaires\\\/\",\"link_text\":\"Zu den Angeboten\",\"meta\":\"Schn\\u00e4ppchen\",\"title\":\"Sommerpreise!\"}},{\"type\":\"slideshow_item\",\"props\":{\"content\":\"\n\n<p>Bis ausverkauft<\\\/p>\",\"image\":\"wp-content\\\/uploads\\\/2024\\\/05\\\/Copie-de-595-TTC.png\",\"image_alt\":\"sacs de pellets\",\"link\":\"\\\/de\\\/nos-produits\\\/pellets-de\\\/\",\"link_text\":\"Zu den Angeboten\",\"meta\":\"Ab 3.95 pro Sack Pellets!\",\"title\":\"Gro\\u00dfe Promo\"}}]},{\"type\":\"image\",\"props\":{\"image\":\"wp-content\\\/uploads\\\/2024\\\/05\\\/Copie-de-Copie-de-595-TTC-2000-x-500-px.png\",\"image_alt\":\"pellet 3.95\",\"image_svg_color\":\"emphasis\",\"link\":\"https:\\\/\\\/figuet-technique.ch\\\/produit\\\/sac-jurapellets-9-kg\\\/\",\"margin\":\"default\",\"text_align\":\"center\"}}]}]}]},{\"type\":\"section\",\"props\":{\"image_position\":\"center-center\",\"style\":\"default\",\"title_breakpoint\":\"xl\",\"title_position\":\"top-left\",\"title_rotation\":\"left\",\"vertical_align\":\"middle\",\"width\":\"default\"},\"children\":[{\"type\":\"row\",\"children\":[{\"type\":\"column\",\"props\":{\"image_position\":\"center-center\",\"position_sticky_breakpoint\":\"m\"},\"children\":[{\"type\":\"grid\",\"props\":{\"content_column_breakpoint\":\"m\",\"filter_align\":\"left\",\"filter_all\":true,\"filter_grid_breakpoint\":\"m\",\"filter_grid_width\":\"auto\",\"filter_position\":\"top\",\"filter_style\":\"tab\",\"grid_default\":\"1\",\"grid_medium\":\"3\",\"icon_width\":80,\"image_align\":\"between\",\"image_grid_breakpoint\":\"m\",\"image_grid_width\":\"1-2\",\"image_height\":\"270\",\"image_svg_color\":\"emphasis\",\"image_width\":\"375\",\"item_animation\":true,\"link_style\":\"default\",\"link_text\":\"Read more\",\"margin\":\"default\",\"meta_align\":\"below-title\",\"meta_element\":\"div\",\"meta_style\":\"text-meta\",\"show_content\":true,\"show_image\":true,\"show_link\":true,\"show_meta\":true,\"show_title\":true,\"text_align\":\"center\",\"title_align\":\"top\",\"title_element\":\"h2\",\"title_grid_breakpoint\":\"m\",\"title_grid_width\":\"1-2\",\"title_hover_style\":\"reset\"},\"children\":[{\"type\":\"grid_item\",\"props\":{\"content\":\"\",\"image\":\"wp-content\\\/uploads\\\/2024\\\/04\\\/hase-kaminofen-sila-stahl.jpg\",\"image_alt\":\"po\\u00eale \\u00e0 bois\",\"lightbox_image_focal_point\":\"bottom-right\",\"link\":\"\\\/de\\\/nos-produits\\\/holzofen\\\/\",\"link_aria_label\":\"Zu den Holz\\u00f6fen\",\"link_text\":\"Zu den Holz\\u00f6fen\",\"title\":\"<a href=\\\"https:\\\/\\\/figuet-technique.ch\\\/de\\\/nos-produits\\\/holzofen\\\/\\\">Holz\\u00f6fen<\\\/a>\"}},{\"type\":\"grid_item\",\"props\":{\"content\":\"\",\"image\":\"wp-content\\\/uploads\\\/2024\\\/04\\\/ray-metallo-bianco.jpg\",\"image_alt\":\"poele \\u00e0 pellets\",\"link\":\"\\\/de\\\/nos-produits\\\/pelletofen\\\/\",\"link_aria_label\":\"Zu den Pellet\\u00f6fen\",\"link_text\":\"Zu den Pellet\\u00f6fen\",\"title\":\"<a href=\\\"https:\\\/\\\/figuet-technique.ch\\\/de\\\/nos-produits\\\/pelletofen\\\/\\\">Pellet\\u00f6fen<\\\/a>\"}},{\"type\":\"grid_item\",\"props\":{\"content\":\"\",\"image\":\"wp-content\\\/uploads\\\/2024\\\/04\\\/news_29.jpg\",\"image_alt\":\"pellets\",\"link\":\"\\\/de\\\/nos-produits\\\/pellets-de\\\/\",\"link_aria_label\":\"Zu den Pellets\",\"link_text\":\"Zu den Pellets\",\"title\":\"<a href=\\\"https:\\\/\\\/figuet-technique.ch\\\/de\\\/nos-produits\\\/pellets-de\\\/\\\">Pellets<\\\/a>\"}},{\"type\":\"grid_item\",\"props\":{\"content\":\"\",\"image\":\"wp-content\\\/uploads\\\/2024\\\/04\\\/main_7-1.jpg\",\"image_alt\":\"cuisini\\u00e8re \\u00e0 bois\",\"link\":\"\\\/de\\\/nos-produits\\\/holzherde\\\/\",\"link_aria_label\":\"Zu den Holzherden\",\"link_text\":\"Zu den Holzherden\",\"title\":\"<a href=\\\"https:\\\/\\\/figuet-technique.ch\\\/de\\\/nos-produits\\\/holzherde\\\/\\\">Holzherde<\\\/a>\",\"yooessentials_access_conditions\":[],\"yooessentials_access_mode\":\"AND\"}},{\"type\":\"grid_item\",\"props\":{\"content\":\"\",\"image\":\"wp-content\\\/uploads\\\/2024\\\/04\\\/Capture.JPG\",\"image_alt\":\"chemin\\u00e9e de salon\",\"link\":\"\\\/nos-produits\\\/cheminees-de-salon-ou-cheminees-a-bois\",\"link_aria_label\":\"Zu den Wohnzimmerkaminen\",\"link_text\":\"Zu den Wohnzimmerkaminen\",\"title\":\"<a href=\\\"https:\\\/\\\/figuet-technique.ch\\\/nos-produits\\\/cheminees-de-salon-ou-cheminees-a-bois\\\/\\\">Wohnzimmerkamin<\\\/a>\"}}]}]}]}]},{\"type\":\"section\",\"props\":{\"image_position\":\"center-center\",\"style\":\"default\",\"title_breakpoint\":\"xl\",\"title_position\":\"top-left\",\"title_rotation\":\"left\",\"vertical_align\":\"middle\",\"width\":\"default\"},\"children\":[{\"type\":\"row\",\"props\":{\"column_gap\":\"medium\",\"divider\":true},\"children\":[{\"type\":\"column\",\"props\":{\"image_position\":\"center-center\",\"position_sticky_breakpoint\":\"m\"},\"children\":[{\"type\":\"headline\",\"props\":{\"content\":\"Derzeit im Angebot!\",\"title_decoration\":\"line\",\"title_element\":\"div\",\"title_style\":\"h1\"}},{\"type\":\"panel-slider\",\"props\":{\"content_column_breakpoint\":\"m\",\"css\":\".el-item > .uk-panel::before {\\ncontent: \\\"En promotion !\\\";\\ndisplay: block;\\nposition: absolute;\\ntop: 10px;\\nleft: 10px;\\nz-index: 1;\\ncolor: #ffffff;\\nbackground-color: rgb(216,54,54);\\npadding: 5px 10px;\\nborder: 2px solid #fff;\\n}\",\"icon_width\":80,\"image_align\":\"top\",\"image_grid_breakpoint\":\"m\",\"image_grid_width\":\"1-2\",\"image_height\":\"250\",\"image_svg_color\":\"emphasis\",\"link_style\":\"default\",\"link_text\":\"Produkt ansehen\",\"margin\":\"default\",\"meta_align\":\"below-title\",\"meta_element\":\"div\",\"meta_style\":\"text-lead\",\"nav\":\"dotnav\",\"nav_align\":\"center\",\"nav_breakpoint\":\"s\",\"panel_link\":true,\"panel_match\":true,\"show_content\":true,\"show_image\":true,\"show_link\":true,\"show_meta\":true,\"show_title\":true,\"slidenav\":\"default\",\"slidenav_breakpoint\":\"xl\",\"slidenav_margin\":\"\",\"slidenav_outside_breakpoint\":\"xl\",\"slider_autoplay\":true,\"slider_autoplay_interval\":\"5\",\"slider_autoplay_pause\":true,\"slider_gap\":\"default\",\"slider_width\":\"fixed\",\"slider_width_default\":\"1-1\",\"slider_width_medium\":\"1-3\",\"text_align\":\"center\",\"title_align\":\"top\",\"title_element\":\"h3\",\"title_grid_breakpoint\":\"m\",\"title_grid_width\":\"1-2\",\"title_hover_style\":\"reset\"},\"children\":[{\"type\":\"panel-slider_item\",\"source\":{\"query\":{\"name\":\"products.customProducts\",\"arguments\":{\"terms\":[104,105,106,107,108,109,110,111],\"product_cat_operator\":\"IN\",\"product_tag_operator\":\"IN\",\"product_visibility_operator\":\"IN\",\"users\":[],\"users_operator\":\"IN\",\"offset\":0,\"limit\":10,\"order\":\"date\",\"order_direction\":\"DESC\",\"on_sale\":true}},\"props\":{\"title\":{\"filters\":{\"search\":\"\"},\"name\":\"title\"},\"image\":{\"filters\":{\"search\":\"\"},\"name\":\"featuredImage.url\"},\"meta\":{\"filters\":{\"search\":\"\"},\"name\":\"excerpt\"},\"link\":{\"filters\":{\"search\":\"\"},\"name\":\"link\"},\"content\":{\"filters\":{\"search\":\"\"},\"name\":\"woocommerce.price\"},\"image_alt\":{\"filters\":{\"search\":\"\"},\"name\":\"featuredImage.alt\"}}}}]}]}]},{\"type\":\"row\",\"children\":[{\"type\":\"column\",\"props\":{\"image_position\":\"center-center\",\"position_sticky_breakpoint\":\"m\"},\"children\":[{\"type\":\"headline\",\"props\":{\"content\":\"Die Neuheiten\",\"title_decoration\":\"line\",\"title_element\":\"div\",\"title_style\":\"h1\"}},{\"type\":\"panel-slider\",\"props\":{\"content_column_breakpoint\":\"m\",\"icon_width\":80,\"image_align\":\"top\",\"image_grid_breakpoint\":\"m\",\"image_grid_width\":\"1-2\",\"image_height\":\"250\",\"image_link\":false,\"image_svg_color\":\"emphasis\",\"link_style\":\"default\",\"link_text\":\"Produkt ansehen\",\"margin\":\"default\",\"meta_align\":\"below-title\",\"meta_element\":\"div\",\"meta_style\":\"text-lead\",\"nav\":\"dotnav\",\"nav_align\":\"center\",\"nav_breakpoint\":\"s\",\"panel_link\":true,\"panel_match\":true,\"show_content\":true,\"show_image\":true,\"show_link\":true,\"show_meta\":true,\"show_title\":true,\"slidenav\":\"default\",\"slidenav_breakpoint\":\"xl\",\"slidenav_margin\":\"\",\"slidenav_outside_breakpoint\":\"xl\",\"slider_autoplay\":true,\"slider_autoplay_interval\":\"5\",\"slider_autoplay_pause\":true,\"slider_finite\":false,\"slider_gap\":\"default\",\"slider_width\":\"fixed\",\"slider_width_default\":\"1-1\",\"slider_width_medium\":\"1-3\",\"text_align\":\"center\",\"title_align\":\"top\",\"title_element\":\"h3\",\"title_grid_breakpoint\":\"m\",\"title_grid_width\":\"1-2\",\"title_hover_style\":\"reset\"},\"children\":[{\"type\":\"panel-slider_item\",\"source\":{\"query\":{\"name\":\"products.customProducts\",\"arguments\":{\"terms\":[104,105,106,107,108,109,110,111],\"product_cat_operator\":\"IN\",\"product_tag_operator\":\"IN\",\"product_visibility_operator\":\"IN\",\"users\":[],\"users_operator\":\"IN\",\"offset\":0,\"limit\":10,\"order\":\"date\",\"order_direction\":\"DESC\"}},\"props\":{\"_condition\":{\"filters\":{\"condition\":\"!!\"},\"name\":\"date\"},\"title\":{\"filters\":{\"search\":\"\"},\"name\":\"title\"},\"image\":{\"filters\":{\"search\":\"\"},\"name\":\"featuredImage.url\"},\"meta\":{\"filters\":{\"search\":\"\"},\"name\":\"excerpt\"},\"link\":{\"filters\":{\"search\":\"\"},\"name\":\"link\"},\"content\":{\"filters\":{\"search\":\"\"},\"name\":\"woocommerce.price\"}}}}]}]}]}]},{\"type\":\"section\",\"props\":{\"image_position\":\"center-center\",\"style\":\"secondary\",\"title_breakpoint\":\"xl\",\"title_position\":\"top-left\",\"title_rotation\":\"left\",\"vertical_align\":\"middle\",\"width\":\"default\"},\"children\":[{\"type\":\"row\",\"children\":[{\"type\":\"column\",\"props\":{\"image_position\":\"center-center\",\"position_sticky_breakpoint\":\"m\"},\"children\":[{\"type\":\"headline\",\"props\":{\"content\":\"\\u00dcBER FIGUET TECHNIQUE S\\u00c0RL<br \\\/>ENTDECKEN SIE UNSER PR\\u00c4SENTATIONSVIDEO!\",\"text_align\":\"center\",\"title_decoration\":\"divider\",\"title_element\":\"h2\",\"title_style\":\"h1\"}}]}]},{\"type\":\"row\",\"children\":[{\"type\":\"column\",\"props\":{\"image_position\":\"center-center\",\"position_sticky_breakpoint\":\"m\"},\"children\":[{\"type\":\"video\",\"props\":{\"margin\":\"default\",\"video\":\"wp-content\\\/uploads\\\/2024\\\/02\\\/Figuet-Technique-Presentation-de-lentreprise-2019.mp4\",\"video_controls\":true}}]}]},{\"type\":\"row\",\"children\":[{\"type\":\"column\",\"props\":{\"image_position\":\"center-center\",\"position_sticky_breakpoint\":\"m\"},\"children\":[{\"type\":\"text\",\"props\":{\"column_breakpoint\":\"m\",\"content\":\"\n\n<p>Als Nr. 1 f\\u00fcr Pellet- und Holz\\u00f6fen in der Westschweiz und seit \\u00fcber 30 Jahren im Heizungsbereich t\\u00e4tig, setzt sich Figuet Technique S\\u00e0rl daf\\u00fcr ein, Sie bei der richtigen Wahl Ihrer zuk\\u00fcnftigen Anlage bestm\\u00f6glich zu beraten.<\\\/p>\",\"margin\":\"default\"}}]}]}],\"name\":\"A propos\"},{\"type\":\"section\",\"props\":{\"image_position\":\"center-center\",\"style\":\"default\",\"title_breakpoint\":\"xl\",\"title_position\":\"top-left\",\"title_rotation\":\"left\",\"vertical_align\":\"middle\",\"width\":\"default\"},\"children\":[{\"type\":\"row\",\"props\":{\"divider\":true,\"layout\":\"1-2,1-2\"},\"children\":[{\"type\":\"column\",\"props\":{\"image_position\":\"center-center\",\"position_sticky_breakpoint\":\"m\",\"width_medium\":\"1-2\"},\"children\":[{\"type\":\"headline\",\"props\":{\"content\":\"Unsere St\\u00e4rken\",\"title_decoration\":\"divider\",\"title_element\":\"h2\"}},{\"type\":\"list\",\"props\":{\"column_breakpoint\":\"m\",\"icon\":\"fa6-solid--fire\",\"icon_color\":\"danger\",\"image_align\":\"left\",\"image_svg_color\":\"emphasis\",\"image_vertical_align\":false,\"list_element\":\"ul\",\"list_horizontal_separator\":\", \",\"list_type\":\"vertical\",\"show_image\":true,\"show_link\":true},\"children\":[{\"type\":\"list_item\",\"props\":{\"content\":\"\n\n<p>Gro\\u00dfe Auswahl an Produkten, die auf 350 m2 mit Vorf\\u00fchrungen ausgestellt werden.<\\\/p>\"}},{\"type\":\"list_item\",\"props\":{\"content\":\"\n\n<p>Preis-Leistungs-Verh\\u00e4ltnis immer knapp kalkuliert.<\\\/p>\"}},{\"type\":\"list_item\",\"props\":{\"content\":\"\n\n<p>Kostenlose Kostenvoranschl\\u00e4ge.<\\\/p>\"}},{\"type\":\"list_item\",\"props\":{\"content\":\"\n\n<p>Schneller und effizienter Kundenservice.<\\\/p>\"}},{\"type\":\"list_item\",\"props\":{\"content\":\"\n\n<p>Montage der Anlagen durch uns selbst oder durch Fachleute aus der Branche dank eines Netzwerks langj\\u00e4hriger Partner.<\\\/p>\"}},{\"type\":\"list_item\",\"props\":{\"content\":\"\n\n<p>Wartungsvertr\\u00e4ge und Garantieleistungen durch unsere eigene Abteilung.<\\\/p>\"}},{\"type\":\"list_item\",\"props\":{\"content\":\"\n\n<p>Anerkennung von Fabriken und Herstellern f\\u00fcr den Service und die \\u00dcbernahme von Garantien.<\\\/p>\"}}]}]},{\"type\":\"column\",\"props\":{\"image_position\":\"center-center\",\"position_sticky_breakpoint\":\"m\",\"width_medium\":\"1-2\"},\"children\":[{\"type\":\"headline\",\"props\":{\"content\":\"Unsere Marken\",\"title_decoration\":\"divider\",\"title_element\":\"h2\"}},{\"type\":\"list\",\"props\":{\"column\":\"1-4\",\"column_breakpoint\":\"m\",\"icon\":\"check\",\"icon_color\":\"danger\",\"image_align\":\"left\",\"image_svg_color\":\"emphasis\",\"image_vertical_align\":false,\"list_element\":\"ul\",\"list_horizontal_separator\":\", \",\"list_type\":\"vertical\",\"show_image\":true,\"show_link\":true},\"children\":[{\"type\":\"list_item\",\"props\":{\"content\":\"\n\n<p>MCZ<\\\/p>\"}},{\"type\":\"list_item\",\"props\":{\"content\":\"\n\n<p>Harman<\\\/p>\"}},{\"type\":\"list_item\",\"props\":{\"content\":\"\n\n<p>Oranier<\\\/p>\"}},{\"type\":\"list_item\",\"props\":{\"content\":\"\n\n<p>Hase<\\\/p>\"}},{\"type\":\"list_item\",\"props\":{\"content\":\"\n\n<p>Arco<\\\/p>\"}},{\"type\":\"list_item\",\"props\":{\"content\":\"\n\n<p>Jotul<\\\/p>\"}},{\"type\":\"list_item\",\"props\":{\"content\":\"\n\n<p>Scan<\\\/p>\"}},{\"type\":\"list_item\",\"props\":{\"content\":\"\n\n<p>Bullerjan<\\\/p>\"}},{\"type\":\"list_item\",\"props\":{\"content\":\"\n\n<p>Lotus<\\\/p>\"}},{\"type\":\"list_item\",\"props\":{\"content\":\"\n\n<p>Spartherm<\\\/p>\"}}]},{\"type\":\"headline\",\"props\":{\"content\":\"Unser Showroom\",\"title_decoration\":\"divider\",\"title_element\":\"h2\"}},{\"type\":\"text\",\"props\":{\"column_breakpoint\":\"m\",\"content\":\"\n\n<p>350 m2 gro\\u00dfer permanenter Showroom mit einer breiten Produktpalette und Vorf\\u00fchrungen.<\\\/p>\",\"margin\":\"default\"}}]}]}]}],\"version\":\"4.3.13\",\"yooessentialsVersion\":\"2.2.12\"} --><\/p>\n","protected":false},"excerpt":{"rendered":"<p>Sommerpreise! Schn\u00e4ppchen Auf Holz\u00f6fen, Pellet\u00f6fen und Holzherde! Zu den Angeboten Gro\u00dfe Promo Ab 3.95 pro Sack Pellets! Bis ausverkauft Zu den Angeboten Holz\u00f6fen Zu den Holz\u00f6fen Pellet\u00f6fen Zu den Pellet\u00f6fen Pellets Zu den Pellets Holzherde Zu den Holzherden Wohnzimmerkamin Zu den Wohnzimmerkaminen Derzeit im Angebot! Die Neuheiten \u00dcBER FIGUET TECHNIQUE S\u00c0RLENTDECKEN SIE UNSER PR\u00c4SENTATIONSVIDEO! Als [&hellip;]<\/p>\n","protected":false},"author":9,"featured_media":0,"parent":0,"menu_order":0,"comment_status":"closed","ping_status":"closed","template":"","meta":{"_acf_changed":false,"footnotes":""},"class_list":["post-397959","page","type-page","status-publish","hentry"],"acf":[],"_links":{"self":[{"href":"https:\/\/figuet-technique.ch\/de\/wp-json\/wp\/v2\/pages\/397959","targetHints":{"allow":["GET"]}}],"collection":[{"href":"https:\/\/figuet-technique.ch\/de\/wp-json\/wp\/v2\/pages"}],"about":[{"href":"https:\/\/figuet-technique.ch\/de\/wp-json\/wp\/v2\/types\/page"}],"author":[{"embeddable":true,"href":"https:\/\/figuet-technique.ch\/de\/wp-json\/wp\/v2\/users\/9"}],"replies":[{"embeddable":true,"href":"https:\/\/figuet-technique.ch\/de\/wp-json\/wp\/v2\/comments?post=397959"}],"version-history":[{"count":0,"href":"https:\/\/figuet-technique.ch\/de\/wp-json\/wp\/v2\/pages\/397959\/revisions"}],"wp:attachment":[{"href":"https:\/\/figuet-technique.ch\/de\/wp-json\/wp\/v2\/media?parent=397959"}],"curies":[{"name":"wp","href":"https:\/\/api.w.org\/{rel}","templated":true}]}}