{"id":397990,"date":"2024-02-03T13:46:16","date_gmt":"2024-02-03T11:46:16","guid":{"rendered":"https:\/\/figuet-technique.ch\/kontakt\/"},"modified":"2024-05-31T11:34:09","modified_gmt":"2024-05-31T09:34:09","slug":"kontakt","status":"publish","type":"page","link":"https:\/\/figuet-technique.ch\/de\/kontakt\/","title":{"rendered":"Kontakt"},"content":{"rendered":"<h1>Kontaktieren Sie uns<\/h1>\n<div>\n<div class=\"brlbs-cmpnt-container brlbs-cmpnt-content-blocker brlbs-cmpnt-with-individual-styles\" data-borlabs-cookie-content-blocker-id=\"default\" data-borlabs-cookie-content=\"PGlmcmFtZSBzcmM9Imh0dHBzOi8vd3d3Lmdvb2dsZS5jb20vbWFwcy9lbWJlZD9wYj0hMW0xOCExbTEyITFtMyExZDI3NDYuNDYzNjQ0NTY2OTQzNSEyZDYuNDc2NzE3NzEyODI4NTEhM2Q0Ni40OTg5MzE5NzA5ODkyOCEybTMhMWYwITJmMCEzZjAhM20yITFpMTAyNCEyaTc2OCE0ZjEzLjEhM20zITFtMiExczB4NDc4YzM3NzdhZTVkMTRiZCUzQTB4MTY3ZTMzNDgzMzVhNjZhMSEyc0ZpZ3VldCUyMFRlY2huaXF1ZSUyMFMlQzMlQTBybCE1ZTAhM20yITFzZnIhMnNjaCE0djE3MTEzODA5MjYyOTkhNW0yITFzZnIhMnNjaCIgd2lkdGg9IjEwMCUiIGhlaWdodD0iNDUwIiBzdHlsZT0iYm9yZGVyOjA7IiBhbGxvd2Z1bGxzY3JlZW49IiIgbG9hZGluZz0ibGF6eSIgcmVmZXJyZXJwb2xpY3k9Im5vLXJlZmVycmVyLXdoZW4tZG93bmdyYWRlIj48L2lmcmFtZT4=\">\n<div class=\"brlbs-cmpnt-cb-preset-a\">\n<p class=\"brlbs-cmpnt-cb-description\">Sie sehen gerade einen Platzhalterinhalt von <strong>Standard<\/strong>. Um auf den eigentlichen Inhalt zuzugreifen, klicken Sie auf den Button unten. Bitte beachten Sie, dass dabei Daten an Drittanbieter weitergegeben werden.<\/p>\n<div class=\"brlbs-cmpnt-cb-buttons\"> <a class=\"brlbs-cmpnt-cb-btn\" href=\"#\" data-borlabs-cookie-unblock role=\"button\">Inhalt entsperren<\/a> <a class=\"brlbs-cmpnt-cb-btn\" href=\"#\" data-borlabs-cookie-accept-service role=\"button\" style=\"display: none\">Erforderlichen Service akzeptieren und Inhalte entsperren<\/a> <\/div>\n<p> <a class=\"brlbs-cmpnt-cb-provider-toggle\" href=\"#\" data-borlabs-cookie-show-provider-information role=\"button\">Weitere Informationen<\/a> <\/div>\n<\/div>\n<\/div>\n<div>\n<p><strong>Figuet Technique S\u00e0rl<\/strong><\/p>\n<p>Petite-Caroline 11<br \/>1131 Tolochenaz<\/p>\n<p>T\u00e9l: <a href=\"tel:+41218033020\">+41 21 803 30 20<\/a><\/p>\n<\/p>\n<p><strong>\u00d6ffnungszeiten<\/strong><\/p>\n<p>Mo, Di und Do: 7:45-12:00, 13:00-16:30<br \/>Mi und Fr: 7:45-12:00<br \/>Sa und So: geschlossen<\/p>\n<\/div>\n<p><!--more--><br \/>\n<!-- {\"type\":\"layout\",\"children\":[{\"type\":\"section\",\"props\":{\"image_position\":\"center-center\",\"style\":\"default\",\"title_breakpoint\":\"xl\",\"title_position\":\"top-left\",\"title_rotation\":\"left\",\"vertical_align\":\"middle\",\"width\":\"default\"},\"children\":[{\"type\":\"row\",\"children\":[{\"type\":\"column\",\"props\":{\"image_position\":\"center-center\",\"position_sticky_breakpoint\":\"m\"},\"children\":[{\"type\":\"headline\",\"props\":{\"content\":\"Kontaktieren Sie uns\",\"title_decoration\":\"divider\",\"title_element\":\"h1\"}}]}]},{\"type\":\"row\",\"children\":[{\"type\":\"column\",\"props\":{\"image_position\":\"center-center\",\"position_sticky_breakpoint\":\"m\"},\"children\":[{\"type\":\"html\",\"props\":{\"content\":\"<iframe src=\\\"https:\\\/\\\/www.google.com\\\/maps\\\/embed?pb=!1m18!1m12!1m3!1d2746.4636445669435!2d6.47671771282851!3d46.49893197098928!2m3!1f0!2f0!3f0!3m2!1i1024!2i768!4f13.1!3m3!1m2!1s0x478c3777ae5d14bd%3A0x167e3348335a66a1!2sFiguet%20Technique%20S%C3%A0rl!5e0!3m2!1sfr!2sch!4v1711380926299!5m2!1sfr!2sch\\\" width=\\\"100%\\\" height=\\\"450\\\" style=\\\"border:0;\\\" allowfullscreen=\\\"\\\" loading=\\\"lazy\\\" referrerpolicy=\\\"no-referrer-when-downgrade\\\"><\\\/iframe>\"}}]}]}]},{\"type\":\"section\",\"props\":{\"image_position\":\"center-center\",\"style\":\"default\",\"title_breakpoint\":\"xl\",\"title_position\":\"top-left\",\"title_rotation\":\"left\",\"vertical_align\":\"middle\",\"width\":\"default\"},\"children\":[{\"type\":\"row\",\"props\":{\"layout\":\"2-3,1-3\"},\"children\":[{\"type\":\"column\",\"props\":{\"image_position\":\"center-center\",\"position_sticky_breakpoint\":\"m\",\"width_medium\":\"2-3\"},\"children\":[{\"type\":\"module\",\"props\":{\"menu_image_align\":\"center\",\"menu_image_margin\":true,\"menu_style\":\"default\",\"menu_type\":\"nav\",\"position\":\"relative\",\"position_top\":\"-40\",\"type\":\"wpforms-widget\",\"widget\":\"wpforms-widget-2\"}}]},{\"type\":\"column\",\"props\":{\"image_position\":\"center-center\",\"position_sticky_breakpoint\":\"m\",\"width_medium\":\"1-3\"},\"children\":[{\"type\":\"text\",\"props\":{\"column_breakpoint\":\"m\",\"content\":\"\n\n<p><\\\/p>\\n\n\n<p><strong>Figuet Technique S\\u00e0rl<\\\/strong><\\\/p>\\n\n\n<p>Petite-Caroline 11<br \\\/>1131 Tolochenaz<\\\/p>\\n\n\n<p>T\\u00e9l: <a href=\\\"tel:+41218033020\\\">+41 21 803 30 20<\\\/a><br \\\/><br \\\/><\\\/p>\\n\n\n<p><\\\/p>\\n\n\n<p><strong>\\u00d6ffnungszeiten<\\\/strong><\\\/p>\\n\n\n<p>Mo, Di und Do: 7:45-12:00, 13:00-16:30<br \\\/>Mi und Fr: 7:45-12:00<br \\\/>Sa und So: geschlossen<\\\/p>\",\"margin\":\"default\"},\"name\":\"Texte contact\"}]}]}]}],\"version\":\"4.3.13\",\"yooessentialsVersion\":\"2.2.12\"} --><\/p>\n","protected":false},"excerpt":{"rendered":"<p>Kontaktieren Sie uns Sie sehen gerade einen Platzhalterinhalt von Standard. Um auf den eigentlichen Inhalt zuzugreifen, klicken Sie auf den Button unten. Bitte beachten Sie, dass dabei Daten an Drittanbieter weitergegeben werden. Inhalt entsperren Erforderlichen Service akzeptieren und Inhalte entsperren Weitere Informationen Figuet Technique S\u00e0rl Petite-Caroline 111131 Tolochenaz T\u00e9l: +41 21 803 30 20 \u00d6ffnungszeiten [&hellip;]<\/p>\n","protected":false},"author":9,"featured_media":0,"parent":0,"menu_order":0,"comment_status":"closed","ping_status":"closed","template":"","meta":{"_acf_changed":false,"footnotes":""},"class_list":["post-397990","page","type-page","status-publish","hentry"],"acf":[],"_links":{"self":[{"href":"https:\/\/figuet-technique.ch\/de\/wp-json\/wp\/v2\/pages\/397990","targetHints":{"allow":["GET"]}}],"collection":[{"href":"https:\/\/figuet-technique.ch\/de\/wp-json\/wp\/v2\/pages"}],"about":[{"href":"https:\/\/figuet-technique.ch\/de\/wp-json\/wp\/v2\/types\/page"}],"author":[{"embeddable":true,"href":"https:\/\/figuet-technique.ch\/de\/wp-json\/wp\/v2\/users\/9"}],"replies":[{"embeddable":true,"href":"https:\/\/figuet-technique.ch\/de\/wp-json\/wp\/v2\/comments?post=397990"}],"version-history":[{"count":0,"href":"https:\/\/figuet-technique.ch\/de\/wp-json\/wp\/v2\/pages\/397990\/revisions"}],"wp:attachment":[{"href":"https:\/\/figuet-technique.ch\/de\/wp-json\/wp\/v2\/media?parent=397990"}],"curies":[{"name":"wp","href":"https:\/\/api.w.org\/{rel}","templated":true}]}}