{"id":419189,"date":"2024-03-05T19:16:40","date_gmt":"2024-03-05T17:16:40","guid":{"rendered":"https:\/\/figuet-technique.ch\/bonnes-affaires\/"},"modified":"2024-05-31T11:54:54","modified_gmt":"2024-05-31T09:54:54","slug":"bonnes-affaires","status":"publish","type":"page","link":"https:\/\/figuet-technique.ch\/de\/bonnes-affaires\/","title":{"rendered":"Bonnes affaires"},"content":{"rendered":"<h1>Bonnes affaires<\/h1>\n<div>\n<p>Ne manquez pas notre s\u00e9lection de bonnes affaires, o\u00f9 qualit\u00e9 rime avec \u00e9conomie. D\u00e9couvrez des offres exceptionnelles sur une vari\u00e9t\u00e9 de produits de chauffage, des po\u00eales \u00e0 bois et \u00e0 pellets aux cuisini\u00e8res et chauffe-terrasses. Profitez de performances optimales \u00e0 prix r\u00e9duits pour \u00e9quiper votre maison avec les meilleures solutions de chauffage du march\u00e9.<\/p>\n<\/div>\n<hr>\n<p><!--more--><br \/>\n<!-- {\"type\":\"layout\",\"children\":[{\"type\":\"section\",\"props\":{\"image_position\":\"center-center\",\"style\":\"default\",\"title_breakpoint\":\"xl\",\"title_position\":\"top-left\",\"title_rotation\":\"left\",\"vertical_align\":\"middle\",\"width\":\"default\"},\"children\":[{\"type\":\"row\",\"children\":[{\"type\":\"column\",\"props\":{\"image_position\":\"center-center\",\"position_sticky_breakpoint\":\"m\"},\"children\":[{\"type\":\"headline\",\"props\":{\"content\":\"Bonnes affaires\",\"title_element\":\"h1\"}},{\"type\":\"text\",\"props\":{\"column_breakpoint\":\"m\",\"content\":\"\n\n<p>Ne manquez pas notre s\\u00e9lection de bonnes affaires, o\\u00f9 qualit\\u00e9 rime avec \\u00e9conomie. D\\u00e9couvrez des offres exceptionnelles sur une vari\\u00e9t\\u00e9 de produits de chauffage, des po\\u00eales \\u00e0 bois et \\u00e0 pellets aux cuisini\\u00e8res et chauffe-terrasses. Profitez de performances optimales \\u00e0 prix r\\u00e9duits pour \\u00e9quiper votre maison avec les meilleures solutions de chauffage du march\\u00e9.<\\\/p>\",\"margin\":\"default\"}},{\"type\":\"divider\",\"props\":{\"divider_element\":\"hr\"}}]}]},{\"type\":\"row\",\"children\":[{\"type\":\"column\",\"props\":{\"image_position\":\"center-center\",\"position_sticky_breakpoint\":\"m\",\"width_medium\":\"1-4\"},\"children\":[{\"type\":\"module\",\"props\":{\"menu_divider\":true,\"menu_image_align\":\"center\",\"menu_image_margin\":true,\"menu_style\":\"default\",\"menu_type\":\"nav\",\"type\":\"nav_menu\",\"visibility\":\"m\",\"widget\":\"nav_menu-4\"},\"name\":\"Cat\\u00e9gories\"}]},{\"type\":\"column\",\"props\":{\"image_position\":\"center-center\",\"position_sticky_breakpoint\":\"m\",\"width_medium\":\"3-4\"},\"children\":[{\"type\":\"woo_products\",\"props\":{\"cat_operator\":\"NOT IN\",\"category\":\"drive-in\",\"columns\":3,\"limit\":15,\"order\":\"desc\",\"orderby\":\"date\",\"paginate\":\"true\",\"product_visibility\":\"visible\",\"show_count\":true,\"show_ordering\":true,\"show_rating\":true,\"show_title\":true,\"tag_operator\":\"IN\",\"terms_operator\":\"IN\",\"text_align\":\"center\",\"type\":\"sale_products\"}}]}],\"props\":{\"column_gap\":\"medium\",\"divider\":true,\"layout\":\"1-4,3-4\"}}]}],\"version\":\"4.3.13\",\"yooessentialsVersion\":\"2.2.12\"} --><\/p>\n","protected":false},"excerpt":{"rendered":"<p>Bonnes affaires Ne manquez pas notre s\u00e9lection de bonnes affaires, o\u00f9 qualit\u00e9 rime avec \u00e9conomie. D\u00e9couvrez des offres exceptionnelles sur une vari\u00e9t\u00e9 de produits de chauffage, des po\u00eales \u00e0 bois et \u00e0 pellets aux cuisini\u00e8res et chauffe-terrasses. Profitez de performances optimales \u00e0 prix r\u00e9duits pour \u00e9quiper votre maison avec les meilleures solutions de chauffage du [&hellip;]<\/p>\n","protected":false},"author":9,"featured_media":0,"parent":0,"menu_order":0,"comment_status":"closed","ping_status":"closed","template":"","meta":{"_acf_changed":false,"footnotes":""},"class_list":["post-419189","page","type-page","status-publish","hentry"],"acf":[],"_links":{"self":[{"href":"https:\/\/figuet-technique.ch\/de\/wp-json\/wp\/v2\/pages\/419189","targetHints":{"allow":["GET"]}}],"collection":[{"href":"https:\/\/figuet-technique.ch\/de\/wp-json\/wp\/v2\/pages"}],"about":[{"href":"https:\/\/figuet-technique.ch\/de\/wp-json\/wp\/v2\/types\/page"}],"author":[{"embeddable":true,"href":"https:\/\/figuet-technique.ch\/de\/wp-json\/wp\/v2\/users\/9"}],"replies":[{"embeddable":true,"href":"https:\/\/figuet-technique.ch\/de\/wp-json\/wp\/v2\/comments?post=419189"}],"version-history":[{"count":0,"href":"https:\/\/figuet-technique.ch\/de\/wp-json\/wp\/v2\/pages\/419189\/revisions"}],"wp:attachment":[{"href":"https:\/\/figuet-technique.ch\/de\/wp-json\/wp\/v2\/media?parent=419189"}],"curies":[{"name":"wp","href":"https:\/\/api.w.org\/{rel}","templated":true}]}}