{"id":421924,"date":"2024-02-27T08:38:05","date_gmt":"2024-02-27T06:38:05","guid":{"rendered":"https:\/\/figuet-technique.ch\/conditions-generales-de-vente\/"},"modified":"2024-05-31T14:39:51","modified_gmt":"2024-05-31T12:39:51","slug":"allgemeine-verkaufs-und-lieferbedingungen","status":"publish","type":"page","link":"https:\/\/figuet-technique.ch\/de\/allgemeine-verkaufs-und-lieferbedingungen\/","title":{"rendered":"Conditions g\u00e9n\u00e9rales de vente"},"content":{"rendered":"<div>\n<p style=\"text-align: center;\"><strong>Allgemeine Verkaufs- und Lieferbedingungen<\/strong><br \/>Figuet Technique S\u00e0rl &#8211; CH-1131 Tolochenaz &#8211; CHE-191.173.907<\/p>\n<p style=\"text-align: center;\">G\u00fcltig f\u00fcr alle ab dem 21.03.2024 erbrachten Leistungen<\/p>\n<p><strong>1. Anwendungsbereich<\/strong><br \/>1.1 Diese allgemeinen Verkaufs- und Lieferbedingungen von Figuet Technique S\u00e0rl gelten f\u00fcr alle Verk\u00e4ufe und Lieferungen des Lieferanten an seine Kunden, sofern sie nicht durch eine schriftliche Vereinbarung erg\u00e4nzt wurden, die einvernehmlich zwischen den Parteien getroffen wurde.<\/p>\n<p>1.2 Der Verk\u00e4ufer f\u00fchrt seine Verk\u00e4ufe auf der Grundlage dieser allgemeinen Gesch\u00e4ftsbedingungen durch, die das Gesetz der Parteien bilden, ungeachtet gegenteiliger Bestimmungen oder Dokumente, wie z.B. die allgemeinen Einkaufsbedingungen des Kunden. Jede Bestellung ist nur dann g\u00fcltig, wenn sie die vorbehaltlose Annahme der nachstehenden allgemeinen Verkaufsbedingungen und der Bestimmungen unserer verschiedenen Tarife impliziert.<\/p>\n<\/p>\n<p><strong>2. Bestellung<\/strong><br \/>2.1 Alle vom K\u00e4ufer an den Verk\u00e4ufer \u00fcbermittelten und von diesem unterzeichneten Dokumente, die eine Bestellung enthalten, sind bindend. Wir best\u00e4tigen den Eingang von Bestellungen nicht; jede Bestellung, die nicht innerhalb von 8 Tagen abgelehnt wird, gilt als angenommen.<\/p>\n<p>2.2 Nach Annahme des Angebots sind die Preise fest und nicht anpassbar, es sei denn, die Waren k\u00f6nnen nicht innerhalb eines Monats geliefert werden.<\/p>\n<\/p>\n<p><strong>3. Lieferung<\/strong><br \/>3.1 Der Lieferant ist nicht an Lieferfristen gebunden, es sei denn, dies ist im Vertrag anders angegeben. Etwaige mitgeteilte Liefer- und Installationsfristen sind indikativ.<\/p>\n<p>3.2 Die Lieferung erfolgt nach vollst\u00e4ndiger Bezahlung der Waren und innerhalb eines Zeitraums von 10 Tagen.<\/p>\n<p>3.3 Die Nichteinhaltung der indikativen Lieferfrist durch Figuet Technique S\u00e0rl aufgrund von Gr\u00fcnden, die au\u00dferhalb ihrer Kontrolle liegen (Blockaden, Streiks, Verz\u00f6gerungen von Lieferanten, Transporteuren oder Fabriken), berechtigt den Kunden weder zu Schadensersatz noch zur K\u00fcndigung des Vertrags.<\/p>\n<p>3.4 Das Risiko geht auf den K\u00e4ufer \u00fcber, sobald die Ware verf\u00fcgbar ist (bei Installation oder Beladung). Es liegt in der Verantwortung des K\u00e4ufers, den Wert der Ware zu sch\u00fctzen, die bis zur vollst\u00e4ndigen Bezahlung Eigentum von Figuet Technique S\u00e0rl bleibt.<\/p>\n<p>3.5 Der K\u00e4ufer ist verpflichtet, die Ware sofort bei Lieferung zu \u00fcberpr\u00fcfen. Jede Ware, die nicht dem Lieferschein entspricht oder sichtbare M\u00e4ngel aufweist, muss innerhalb von 5 Tagen nach Erhalt der Ware per Post oder E-Mail gemeldet werden, andernfalls gelten die Lieferungen und Leistungen als genehmigt.<\/p>\n<\/p>\n<p><strong>4. Stornierung der Bestellung<\/strong><br \/>4.1 Die Bestellung gilt als verbindlich und kann grunds\u00e4tzlich nicht storniert oder ge\u00e4ndert werden. Im Falle einer Stornierung der Bestellung, der R\u00fccksendung von Waren und der Nichtannahme dieser verpflichtet sich der K\u00e4ufer, eine Entsch\u00e4digung von 30% des Vertrags- oder Rechnungsbetrags zu zahlen.<\/p>\n<p>4.2 Bei der Bestellung eines nicht vorr\u00e4tigen, ma\u00dfgeschneiderten oder mit einer individuellen Konfiguration versehenen Produkts bleibt der Gesamtpreis des betreffenden Artikels in voller H\u00f6he geschuldet.<\/p>\n<\/p>\n<p><strong>5. Preise<\/strong><br \/>5.1 Bei der Erstellung eines Angebots geben wir die aktuellen Preise an und blockieren sie f\u00fcr die gesamte G\u00fcltigkeitsdauer unseres Angebots.<\/p>\n<p>5.2 Unsere Preise, Tarife, Werbungen, Kataloge usw. sind indikativ, und wir behalten uns das Recht vor, sie jederzeit ohne Vorank\u00fcndigung zu \u00e4ndern.<\/p>\n<p>5.3 Wenn die Auftragsbest\u00e4tigung nach Ablauf unseres Angebots bei uns eingeht und eine Preis\u00e4nderung stattgefunden hat, gilt der am Tag des Abschlusses des Kaufvertrags geltende Preis.<\/p>\n<p>5.4 Die Preise sind ab dem Datum der Unterzeichnung des Angebots bis zur Abrechnung der Dienstleistungen blockiert. Im Falle einer Preiserh\u00f6hung des Lieferanten um mehr als 8% w\u00e4hrend dieses Zeitraums k\u00f6nnen die Preise bei der Abrechnung nach schriftlicher Benachrichtigung des K\u00e4ufers, die eine kostenlose Vertragsk\u00fcndigung und eine 14-t\u00e4gige Bedenkzeit vorschl\u00e4gt, angepasst werden. Im Falle einer K\u00fcndigung unter diesen Umst\u00e4nden verzichtet der K\u00e4ufer auf alle Schadensersatzanspr\u00fcche.<\/p>\n<\/p>\n<p><strong>6. Abrechnung<\/strong><br \/>6.1 Vor jeder Lieferung oder Abholung muss die Rechnung f\u00fcr die Waren vollst\u00e4ndig bezahlt werden.<\/p>\n<p>6.2 In allen F\u00e4llen beh\u00e4lt sich der Verk\u00e4ufer das Recht vor, eine maximale Kredith\u00f6he in irgendeiner Form festzulegen, \u00fcber die hinaus er eine sofortige Zahlung verlangen kann.<\/p>\n<\/p>\n<p><strong>7. Zahlungsbedingungen<\/strong><br \/>7.1 Die Rechnung wird gem\u00e4\u00df den Zahlungsbedingungen des Vertrags erstellt.<\/p>\n<p>7.2 Der Kunde ist verpflichtet, alle Zahlungen in Schweizer Franken ohne Abzug zu leisten. Unbegr\u00fcndete Abz\u00fcge k\u00f6nnen in Rechnung gestellt werden, einschlie\u00dflich der daraus resultierenden Verwaltungskosten.<\/p>\n<p>7.3 Ab dem Rechnungsdatum wird eine Frist von 7 Tagen gew\u00e4hrt, um eventuelle Anspr\u00fcche oder Korrekturen an die Buchhaltungsabteilung zu \u00fcbermitteln. Nach Ablauf dieser Frist gilt die Lieferung als vom Kunden akzeptiert und endg\u00fcltig.<\/p>\n<p>7.4 Der in Rechnung gestellte Betrag ist am auf der Rechnung angegebenen Zivildatum f\u00e4llig. Der Verzugszinssatz betr\u00e4gt 9%. Der Auftragnehmer beh\u00e4lt sich das Recht vor, eine Bestellung abzulehnen, bis alle ausstehenden Schulden beglichen sind.<\/p>\n<\/p>\n<p><strong>8. Eigentumsvorbehalt<\/strong><br \/>8.1 Figuet Technique S\u00e0rl bleibt Eigent\u00fcmer aller gelieferten Waren bis zum Erhalt der vollst\u00e4ndigen Zahlung der Rechnung.<\/p>\n<p>8.2 Der Lieferant ist berechtigt, den Eigentumsvorbehalt im offiziellen Register einzutragen und alle damit verbundenen Formalit\u00e4ten auf Kosten des Kunden zu \u00fcbernehmen.<\/p>\n<p>8.3 Der Kunde ist au\u00dferdem verpflichtet, alle Ma\u00dfnahmen zu ergreifen, um zu verhindern, dass die Eigentumsrechte des Lieferanten gef\u00e4hrdet werden.<\/p>\n<\/p>\n<p><strong>9. Installationsnormen<\/strong><br \/>9.1 Die Installation der Produkte unterliegt den Normen des Herstellers, den AEAI-Normen und den lokalen Vorschriften.<\/p>\n<p>9.2 Installationen werden gem\u00e4\u00df den zum Zeitpunkt der Installation geltenden Normen durchgef\u00fchrt. Wir k\u00f6nnen uns nicht zu \u00c4nderungen der Normen verpflichten, die nach unserer Arbeit eintreten.<\/p>\n<p>9.3 Es liegt in Ihrer Verantwortung, das Konformit\u00e4tszertifikat nach Abschluss der Arbeiten an den Sicherheitsbeauftragten Ihrer Wohngemeinde zu \u00fcbermitteln.<\/p>\n<p>9.4 Wir verpflichten uns nicht zu Installationen, die von nicht qualifizierten Personen oder von anderen Parteien durchgef\u00fchrt werden, es sei denn, diese werden von Figuet Technique S\u00e0rl beauftragt.<\/p>\n<\/p>\n<p><strong>10. Garantie<\/strong><br \/>10.1 Die auf unsere Produkte angewendeten Garantiebedingungen sind die des Herstellers.<\/p>\n<p>10.2 Die Garantie deckt (sofern nicht anders angegeben) keine als Verschlei\u00dfteile geltenden Teile (Glas, Gitter, Brennkammer oder innere W\u00e4nde aus Ziegel, Vermiculit, Stahl oder Gusseisen).<\/p>\n<p>10.3 Bei unsachgem\u00e4\u00dfer Verwendung des Produkts, der Verwendung eines ungeeigneten Brennstoffs oder mangelnder Wartung gem\u00e4\u00df dem Wartungshandbuch erlischt die Garantie.<\/p>\n<p>10.4 Die Garantie deckt nur die Lieferung von Ersatzteilen, jedoch nicht die Arbeitskosten f\u00fcr deren Austausch.<\/p>\n<p>10.5 F\u00fcr Produkte, die direkt ohne Installation oder mit Installation durch Dritte verkauft werden, \u00fcbernehmen wir keine Garantie f\u00fcr die Montage oder Fehlfunktionen, die sich aus einer nicht konformen Installation oder der Nichteinhaltung der Installationsanweisungen des Herstellers ergeben.<\/p>\n<p>10.6 Wir garantieren nicht das Heizkonzept, das von einem Ingenieurb\u00fcro berechnet werden muss.<\/p>\n<p>10.7 Die Installation mit einer externen Luftzufuhr ist abh\u00e4ngig von VMC- und K\u00fcchenhaubenbel\u00fcftung. Wir sind nicht verantwortlich f\u00fcr unsachgem\u00e4\u00dfe Verwendung und daraus resultierende Sch\u00e4den (Schw\u00e4rzung der Wand, Decke, Rauch im Raum usw.). Das \u00d6ffnen eines Fensters ist erforderlich, wenn die K\u00fcchenhaube gleichzeitig mit dem Ofen verwendet wird.<\/p>\n<p>10.8 Installationen, selbst geschlossene Ger\u00e4te, k\u00f6nnen auch von externen Faktoren abh\u00e4ngig sein. Es kann keine Garantie f\u00fcr den Betrieb des Ger\u00e4ts gegeben werden, wenn es ohne direkte Luftzufuhr in R\u00e4umen installiert wird, die mit Luftabsaugsystemen ausgestattet sind (VMC, K\u00fcchenhaube, hohe Treppenh\u00e4user). Eine Luftzufuhr ist f\u00fcr den ordnungsgem\u00e4\u00dfen Betrieb erforderlich.<\/p>\n<p>10.9 Ger\u00e4te mit geschlossenen T\u00fcren m\u00fcssen mit geschlossener T\u00fcr verwendet werden. Bei Fehlfunktionen oder Sch\u00e4den w\u00e4hrend oder nach der Verwendung mit offener T\u00fcr liegt die Verantwortung beim Benutzer, da die Ger\u00e4te nicht f\u00fcr eine solche Verwendung ausgelegt sind.<\/p>\n<p>10.10 F\u00fcr die Punkte 10.7 und 10.8 gilt die SIA-Norm 2023.<\/p>\n<\/p>\n<p><strong>11. R\u00fccksendungen<\/strong><br \/>11.1 Wir sind frei, bestimmte Artikel, die der K\u00e4ufer zur\u00fccksenden m\u00f6chte, f\u00fcr eine Gutschrift anzunehmen, sofern es sich um Standardteile handelt und diese zu unserem regul\u00e4ren Lagerbestand geh\u00f6ren. Es besteht jedoch keine Verpflichtung zur R\u00fccknahme von Materialien.<\/p>\n<p>11.2 Alle speziell bestellten Artikel sind nicht r\u00fcckgabef\u00e4hig.<\/p>\n<p>12. Besondere Bedingungen f\u00fcr Bestellungen \u00fcber unsere Website<br \/>Bestellungen, die \u00fcber unsere Internetplattform get\u00e4tigt werden, unterliegen den folgenden besonderen Bedingungen:<\/p>\n<p>12.1 R\u00fccksendungen f\u00fcr kleine Artikel (Produktwert unter CHF 200.- zzgl. MwSt.) werden ohne Strafe innerhalb von 15 Tagen nach Erhalt der Bestellung durch den K\u00e4ufer (Lieferdatum) akzeptiert. Die Versand- und Verpackungskosten (von unserem Lager bis zum Kunden, auch wenn sie bei der Bestellung angeboten wurden, und die R\u00fccksendung vom Kunden zum im RMA angegebenen Standort) werden jedoch nicht erstattet und bleiben f\u00e4llig.<\/p>\n<p>12.2 R\u00fccksendungen kleiner Artikel (gem\u00e4\u00df Punkt 12.1), die zu einer Gutschrift f\u00fchren, betreffen nur Artikel, die in ihrer Originalverpackung und unge\u00f6ffnet zur\u00fcckgesendet werden. Andernfalls kann der Erstattungswert des Produkts reduziert werden oder der Artikel wird nicht zur R\u00fccksendung akzeptiert.<\/p>\n<p>12.3 Die in der Online-Bestellung angezeigten Preise gelten als korrekt, jedoch unter Vorbehalt. Eine endg\u00fcltige Best\u00e4tigung (Angebot oder Rechnung), die die von unserem Vertriebsteam best\u00e4tigten Preise enth\u00e4lt, wird Ihnen rechtzeitig mitgeteilt. Daher werden die Preise unter Vorbehalt von \u00c4nderungen angezeigt.<\/p>\n<\/p>\n<p><strong>13. Datenschutz<\/strong><br \/>Alle personenbezogenen Daten werden als vertraulich betrachtet. Informationen, die f\u00fcr die Auftragsabwicklung erforderlich sind, werden elektronisch verarbeitet und k\u00f6nnen im Rahmen der Auftragsabwicklung an verbundene Unternehmen weitergegeben werden.<\/p>\n<\/p>\n<p><strong>14. Anwendbares Recht und Gerichtsstand<\/strong><br \/>14.1 Diese Bedingungen unterliegen ausschlie\u00dflich dem Schweizer Recht. Gerichtsstand ist 1131 Morges, Schweiz.<\/p>\n<\/div>\n<p><!--more--><br \/>\n<!-- {\"type\":\"layout\",\"children\":[{\"type\":\"section\",\"props\":{\"image_position\":\"center-center\",\"style\":\"default\",\"title_breakpoint\":\"xl\",\"title_position\":\"top-left\",\"title_rotation\":\"left\",\"vertical_align\":\"middle\",\"width\":\"default\"},\"children\":[{\"type\":\"row\",\"children\":[{\"type\":\"column\",\"props\":{\"image_position\":\"center-center\",\"position_sticky_breakpoint\":\"m\"},\"children\":[{\"type\":\"text\",\"props\":{\"column_breakpoint\":\"m\",\"content\":\"\n\n<p style=\\\"text-align: center;\\\"><strong>Allgemeine Verkaufs- und Lieferbedingungen<\\\/strong><br \\\/>Figuet Technique S\\u00e0rl - CH-1131 Tolochenaz - CHE-191.173.907<\\\/p>\\n\n\n<p style=\\\"text-align: center;\\\">G\\u00fcltig f\\u00fcr alle ab dem 21.03.2024 erbrachten Leistungen<\\\/p>\\n\n\n<p><strong>1. Anwendungsbereich<\\\/strong><br \\\/>1.1 Diese allgemeinen Verkaufs- und Lieferbedingungen von Figuet Technique S\\u00e0rl gelten f\\u00fcr alle Verk\\u00e4ufe und Lieferungen des Lieferanten an seine Kunden, sofern sie nicht durch eine schriftliche Vereinbarung erg\\u00e4nzt wurden, die einvernehmlich zwischen den Parteien getroffen wurde.<\\\/p>\\n\n\n<p>1.2 Der Verk\\u00e4ufer f\\u00fchrt seine Verk\\u00e4ufe auf der Grundlage dieser allgemeinen Gesch\\u00e4ftsbedingungen durch, die das Gesetz der Parteien bilden, ungeachtet gegenteiliger Bestimmungen oder Dokumente, wie z.B. die allgemeinen Einkaufsbedingungen des Kunden. Jede Bestellung ist nur dann g\\u00fcltig, wenn sie die vorbehaltlose Annahme der nachstehenden allgemeinen Verkaufsbedingungen und der Bestimmungen unserer verschiedenen Tarife impliziert.<\\\/p>\\n\n\n<p><\\\/p>\\n\n\n<p><strong>2. Bestellung<\\\/strong><br \\\/>2.1 Alle vom K\\u00e4ufer an den Verk\\u00e4ufer \\u00fcbermittelten und von diesem unterzeichneten Dokumente, die eine Bestellung enthalten, sind bindend. Wir best\\u00e4tigen den Eingang von Bestellungen nicht; jede Bestellung, die nicht innerhalb von 8 Tagen abgelehnt wird, gilt als angenommen.<\\\/p>\\n\n\n<p>2.2 Nach Annahme des Angebots sind die Preise fest und nicht anpassbar, es sei denn, die Waren k\\u00f6nnen nicht innerhalb eines Monats geliefert werden.<\\\/p>\\n\n\n<p><\\\/p>\\n\n\n<p><strong>3. Lieferung<\\\/strong><br \\\/>3.1 Der Lieferant ist nicht an Lieferfristen gebunden, es sei denn, dies ist im Vertrag anders angegeben. Etwaige mitgeteilte Liefer- und Installationsfristen sind indikativ.<\\\/p>\\n\n\n<p>3.2 Die Lieferung erfolgt nach vollst\\u00e4ndiger Bezahlung der Waren und innerhalb eines Zeitraums von 10 Tagen.<\\\/p>\\n\n\n<p>3.3 Die Nichteinhaltung der indikativen Lieferfrist durch Figuet Technique S\\u00e0rl aufgrund von Gr\\u00fcnden, die au\\u00dferhalb ihrer Kontrolle liegen (Blockaden, Streiks, Verz\\u00f6gerungen von Lieferanten, Transporteuren oder Fabriken), berechtigt den Kunden weder zu Schadensersatz noch zur K\\u00fcndigung des Vertrags.<\\\/p>\\n\n\n<p>3.4 Das Risiko geht auf den K\\u00e4ufer \\u00fcber, sobald die Ware verf\\u00fcgbar ist (bei Installation oder Beladung). Es liegt in der Verantwortung des K\\u00e4ufers, den Wert der Ware zu sch\\u00fctzen, die bis zur vollst\\u00e4ndigen Bezahlung Eigentum von Figuet Technique S\\u00e0rl bleibt.<\\\/p>\\n\n\n<p>3.5 Der K\\u00e4ufer ist verpflichtet, die Ware sofort bei Lieferung zu \\u00fcberpr\\u00fcfen. Jede Ware, die nicht dem Lieferschein entspricht oder sichtbare M\\u00e4ngel aufweist, muss innerhalb von 5 Tagen nach Erhalt der Ware per Post oder E-Mail gemeldet werden, andernfalls gelten die Lieferungen und Leistungen als genehmigt.<\\\/p>\\n\n\n<p><\\\/p>\\n\n\n<p><strong>4. Stornierung der Bestellung<\\\/strong><br \\\/>4.1 Die Bestellung gilt als verbindlich und kann grunds\\u00e4tzlich nicht storniert oder ge\\u00e4ndert werden. Im Falle einer Stornierung der Bestellung, der R\\u00fccksendung von Waren und der Nichtannahme dieser verpflichtet sich der K\\u00e4ufer, eine Entsch\\u00e4digung von 30% des Vertrags- oder Rechnungsbetrags zu zahlen.<\\\/p>\\n\n\n<p>4.2 Bei der Bestellung eines nicht vorr\\u00e4tigen, ma\\u00dfgeschneiderten oder mit einer individuellen Konfiguration versehenen Produkts bleibt der Gesamtpreis des betreffenden Artikels in voller H\\u00f6he geschuldet.<\\\/p>\\n\n\n<p><\\\/p>\\n\n\n<p><strong>5. Preise<\\\/strong><br \\\/>5.1 Bei der Erstellung eines Angebots geben wir die aktuellen Preise an und blockieren sie f\\u00fcr die gesamte G\\u00fcltigkeitsdauer unseres Angebots.<\\\/p>\\n\n\n<p>5.2 Unsere Preise, Tarife, Werbungen, Kataloge usw. sind indikativ, und wir behalten uns das Recht vor, sie jederzeit ohne Vorank\\u00fcndigung zu \\u00e4ndern.<\\\/p>\\n\n\n<p>5.3 Wenn die Auftragsbest\\u00e4tigung nach Ablauf unseres Angebots bei uns eingeht und eine Preis\\u00e4nderung stattgefunden hat, gilt der am Tag des Abschlusses des Kaufvertrags geltende Preis.<\\\/p>\\n\n\n<p>5.4 Die Preise sind ab dem Datum der Unterzeichnung des Angebots bis zur Abrechnung der Dienstleistungen blockiert. Im Falle einer Preiserh\\u00f6hung des Lieferanten um mehr als 8% w\\u00e4hrend dieses Zeitraums k\\u00f6nnen die Preise bei der Abrechnung nach schriftlicher Benachrichtigung des K\\u00e4ufers, die eine kostenlose Vertragsk\\u00fcndigung und eine 14-t\\u00e4gige Bedenkzeit vorschl\\u00e4gt, angepasst werden. Im Falle einer K\\u00fcndigung unter diesen Umst\\u00e4nden verzichtet der K\\u00e4ufer auf alle Schadensersatzanspr\\u00fcche.<\\\/p>\\n\n\n<p><\\\/p>\\n\n\n<p><strong>6. Abrechnung<\\\/strong><br \\\/>6.1 Vor jeder Lieferung oder Abholung muss die Rechnung f\\u00fcr die Waren vollst\\u00e4ndig bezahlt werden.<\\\/p>\\n\n\n<p>6.2 In allen F\\u00e4llen beh\\u00e4lt sich der Verk\\u00e4ufer das Recht vor, eine maximale Kredith\\u00f6he in irgendeiner Form festzulegen, \\u00fcber die hinaus er eine sofortige Zahlung verlangen kann.<\\\/p>\\n\n\n<p><\\\/p>\\n\n\n<p><strong>7. Zahlungsbedingungen<\\\/strong><br \\\/>7.1 Die Rechnung wird gem\\u00e4\\u00df den Zahlungsbedingungen des Vertrags erstellt.<\\\/p>\\n\n\n<p>7.2 Der Kunde ist verpflichtet, alle Zahlungen in Schweizer Franken ohne Abzug zu leisten. Unbegr\\u00fcndete Abz\\u00fcge k\\u00f6nnen in Rechnung gestellt werden, einschlie\\u00dflich der daraus resultierenden Verwaltungskosten.<\\\/p>\\n\n\n<p>7.3 Ab dem Rechnungsdatum wird eine Frist von 7 Tagen gew\\u00e4hrt, um eventuelle Anspr\\u00fcche oder Korrekturen an die Buchhaltungsabteilung zu \\u00fcbermitteln. Nach Ablauf dieser Frist gilt die Lieferung als vom Kunden akzeptiert und endg\\u00fcltig.<\\\/p>\\n\n\n<p>7.4 Der in Rechnung gestellte Betrag ist am auf der Rechnung angegebenen Zivildatum f\\u00e4llig. Der Verzugszinssatz betr\\u00e4gt 9%. Der Auftragnehmer beh\\u00e4lt sich das Recht vor, eine Bestellung abzulehnen, bis alle ausstehenden Schulden beglichen sind.<\\\/p>\\n\n\n<p><\\\/p>\\n\n\n<p><strong>8. Eigentumsvorbehalt<\\\/strong><br \\\/>8.1 Figuet Technique S\\u00e0rl bleibt Eigent\\u00fcmer aller gelieferten Waren bis zum Erhalt der vollst\\u00e4ndigen Zahlung der Rechnung.<\\\/p>\\n\n\n<p>8.2 Der Lieferant ist berechtigt, den Eigentumsvorbehalt im offiziellen Register einzutragen und alle damit verbundenen Formalit\\u00e4ten auf Kosten des Kunden zu \\u00fcbernehmen.<\\\/p>\\n\n\n<p>8.3 Der Kunde ist au\\u00dferdem verpflichtet, alle Ma\\u00dfnahmen zu ergreifen, um zu verhindern, dass die Eigentumsrechte des Lieferanten gef\\u00e4hrdet werden.<\\\/p>\\n\n\n<p><\\\/p>\\n\n\n<p><strong>9. Installationsnormen<\\\/strong><br \\\/>9.1 Die Installation der Produkte unterliegt den Normen des Herstellers, den AEAI-Normen und den lokalen Vorschriften.<\\\/p>\\n\n\n<p>9.2 Installationen werden gem\\u00e4\\u00df den zum Zeitpunkt der Installation geltenden Normen durchgef\\u00fchrt. Wir k\\u00f6nnen uns nicht zu \\u00c4nderungen der Normen verpflichten, die nach unserer Arbeit eintreten.<\\\/p>\\n\n\n<p>9.3 Es liegt in Ihrer Verantwortung, das Konformit\\u00e4tszertifikat nach Abschluss der Arbeiten an den Sicherheitsbeauftragten Ihrer Wohngemeinde zu \\u00fcbermitteln.<\\\/p>\\n\n\n<p>9.4 Wir verpflichten uns nicht zu Installationen, die von nicht qualifizierten Personen oder von anderen Parteien durchgef\\u00fchrt werden, es sei denn, diese werden von Figuet Technique S\\u00e0rl beauftragt.<\\\/p>\\n\n\n<p><\\\/p>\\n\n\n<p><strong>10. Garantie<\\\/strong><br \\\/>10.1 Die auf unsere Produkte angewendeten Garantiebedingungen sind die des Herstellers.<\\\/p>\\n\n\n<p>10.2 Die Garantie deckt (sofern nicht anders angegeben) keine als Verschlei\\u00dfteile geltenden Teile (Glas, Gitter, Brennkammer oder innere W\\u00e4nde aus Ziegel, Vermiculit, Stahl oder Gusseisen).<\\\/p>\\n\n\n<p>10.3 Bei unsachgem\\u00e4\\u00dfer Verwendung des Produkts, der Verwendung eines ungeeigneten Brennstoffs oder mangelnder Wartung gem\\u00e4\\u00df dem Wartungshandbuch erlischt die Garantie.<\\\/p>\\n\n\n<p>10.4 Die Garantie deckt nur die Lieferung von Ersatzteilen, jedoch nicht die Arbeitskosten f\\u00fcr deren Austausch.<\\\/p>\\n\n\n<p>10.5 F\\u00fcr Produkte, die direkt ohne Installation oder mit Installation durch Dritte verkauft werden, \\u00fcbernehmen wir keine Garantie f\\u00fcr die Montage oder Fehlfunktionen, die sich aus einer nicht konformen Installation oder der Nichteinhaltung der Installationsanweisungen des Herstellers ergeben.<\\\/p>\\n\n\n<p>10.6 Wir garantieren nicht das Heizkonzept, das von einem Ingenieurb\\u00fcro berechnet werden muss.<\\\/p>\\n\n\n<p>10.7 Die Installation mit einer externen Luftzufuhr ist abh\\u00e4ngig von VMC- und K\\u00fcchenhaubenbel\\u00fcftung. Wir sind nicht verantwortlich f\\u00fcr unsachgem\\u00e4\\u00dfe Verwendung und daraus resultierende Sch\\u00e4den (Schw\\u00e4rzung der Wand, Decke, Rauch im Raum usw.). Das \\u00d6ffnen eines Fensters ist erforderlich, wenn die K\\u00fcchenhaube gleichzeitig mit dem Ofen verwendet wird.<\\\/p>\\n\n\n<p>10.8 Installationen, selbst geschlossene Ger\\u00e4te, k\\u00f6nnen auch von externen Faktoren abh\\u00e4ngig sein. Es kann keine Garantie f\\u00fcr den Betrieb des Ger\\u00e4ts gegeben werden, wenn es ohne direkte Luftzufuhr in R\\u00e4umen installiert wird, die mit Luftabsaugsystemen ausgestattet sind (VMC, K\\u00fcchenhaube, hohe Treppenh\\u00e4user). Eine Luftzufuhr ist f\\u00fcr den ordnungsgem\\u00e4\\u00dfen Betrieb erforderlich.<\\\/p>\\n\n\n<p>10.9 Ger\\u00e4te mit geschlossenen T\\u00fcren m\\u00fcssen mit geschlossener T\\u00fcr verwendet werden. Bei Fehlfunktionen oder Sch\\u00e4den w\\u00e4hrend oder nach der Verwendung mit offener T\\u00fcr liegt die Verantwortung beim Benutzer, da die Ger\\u00e4te nicht f\\u00fcr eine solche Verwendung ausgelegt sind.<\\\/p>\\n\n\n<p>10.10 F\\u00fcr die Punkte 10.7 und 10.8 gilt die SIA-Norm 2023.<\\\/p>\\n\n\n<p><\\\/p>\\n\n\n<p><strong>11. R\\u00fccksendungen<\\\/strong><br \\\/>11.1 Wir sind frei, bestimmte Artikel, die der K\\u00e4ufer zur\\u00fccksenden m\\u00f6chte, f\\u00fcr eine Gutschrift anzunehmen, sofern es sich um Standardteile handelt und diese zu unserem regul\\u00e4ren Lagerbestand geh\\u00f6ren. Es besteht jedoch keine Verpflichtung zur R\\u00fccknahme von Materialien.<\\\/p>\\n\n\n<p>11.2 Alle speziell bestellten Artikel sind nicht r\\u00fcckgabef\\u00e4hig.<\\\/p>\\n\n\n<p>12. Besondere Bedingungen f\\u00fcr Bestellungen \\u00fcber unsere Website<br \\\/>Bestellungen, die \\u00fcber unsere Internetplattform get\\u00e4tigt werden, unterliegen den folgenden besonderen Bedingungen:<\\\/p>\\n\n\n<p>12.1 R\\u00fccksendungen f\\u00fcr kleine Artikel (Produktwert unter CHF 200.- zzgl. MwSt.) werden ohne Strafe innerhalb von 15 Tagen nach Erhalt der Bestellung durch den K\\u00e4ufer (Lieferdatum) akzeptiert. Die Versand- und Verpackungskosten (von unserem Lager bis zum Kunden, auch wenn sie bei der Bestellung angeboten wurden, und die R\\u00fccksendung vom Kunden zum im RMA angegebenen Standort) werden jedoch nicht erstattet und bleiben f\\u00e4llig.<\\\/p>\\n\n\n<p>12.2 R\\u00fccksendungen kleiner Artikel (gem\\u00e4\\u00df Punkt 12.1), die zu einer Gutschrift f\\u00fchren, betreffen nur Artikel, die in ihrer Originalverpackung und unge\\u00f6ffnet zur\\u00fcckgesendet werden. Andernfalls kann der Erstattungswert des Produkts reduziert werden oder der Artikel wird nicht zur R\\u00fccksendung akzeptiert.<\\\/p>\\n\n\n<p>12.3 Die in der Online-Bestellung angezeigten Preise gelten als korrekt, jedoch unter Vorbehalt. Eine endg\\u00fcltige Best\\u00e4tigung (Angebot oder Rechnung), die die von unserem Vertriebsteam best\\u00e4tigten Preise enth\\u00e4lt, wird Ihnen rechtzeitig mitgeteilt. Daher werden die Preise unter Vorbehalt von \\u00c4nderungen angezeigt.<\\\/p>\\n\n\n<p><\\\/p>\\n\n\n<p><strong>13. Datenschutz<\\\/strong><br \\\/>Alle personenbezogenen Daten werden als vertraulich betrachtet. Informationen, die f\\u00fcr die Auftragsabwicklung erforderlich sind, werden elektronisch verarbeitet und k\\u00f6nnen im Rahmen der Auftragsabwicklung an verbundene Unternehmen weitergegeben werden.<\\\/p>\\n\n\n<p><\\\/p>\\n\n\n<p><strong>14. Anwendbares Recht und Gerichtsstand<\\\/strong><br \\\/>14.1 Diese Bedingungen unterliegen ausschlie\\u00dflich dem Schweizer Recht. Gerichtsstand ist 1131 Morges, Schweiz.<\\\/p>\\n\",\"margin\":\"default\"}}]}]}]}],\"version\":\"4.3.13\",\"yooessentialsVersion\":\"2.2.14\"} --><\/p>\n","protected":false},"excerpt":{"rendered":"<p>Allgemeine Verkaufs- und LieferbedingungenFiguet Technique S\u00e0rl &#8211; CH-1131 Tolochenaz &#8211; CHE-191.173.907 G\u00fcltig f\u00fcr alle ab dem 21.03.2024 erbrachten Leistungen 1. Anwendungsbereich1.1 Diese allgemeinen Verkaufs- und Lieferbedingungen von Figuet Technique S\u00e0rl gelten f\u00fcr alle Verk\u00e4ufe und Lieferungen des Lieferanten an seine Kunden, sofern sie nicht durch eine schriftliche Vereinbarung erg\u00e4nzt wurden, die einvernehmlich zwischen den Parteien [&hellip;]<\/p>\n","protected":false},"author":9,"featured_media":0,"parent":0,"menu_order":0,"comment_status":"closed","ping_status":"closed","template":"","meta":{"_acf_changed":false,"footnotes":""},"class_list":["post-421924","page","type-page","status-publish","hentry"],"acf":[],"_links":{"self":[{"href":"https:\/\/figuet-technique.ch\/de\/wp-json\/wp\/v2\/pages\/421924","targetHints":{"allow":["GET"]}}],"collection":[{"href":"https:\/\/figuet-technique.ch\/de\/wp-json\/wp\/v2\/pages"}],"about":[{"href":"https:\/\/figuet-technique.ch\/de\/wp-json\/wp\/v2\/types\/page"}],"author":[{"embeddable":true,"href":"https:\/\/figuet-technique.ch\/de\/wp-json\/wp\/v2\/users\/9"}],"replies":[{"embeddable":true,"href":"https:\/\/figuet-technique.ch\/de\/wp-json\/wp\/v2\/comments?post=421924"}],"version-history":[{"count":0,"href":"https:\/\/figuet-technique.ch\/de\/wp-json\/wp\/v2\/pages\/421924\/revisions"}],"wp:attachment":[{"href":"https:\/\/figuet-technique.ch\/de\/wp-json\/wp\/v2\/media?parent=421924"}],"curies":[{"name":"wp","href":"https:\/\/api.w.org\/{rel}","templated":true}]}}