{"id":422240,"date":"2024-02-27T08:44:46","date_gmt":"2024-02-27T06:44:46","guid":{"rendered":"https:\/\/figuet-technique.ch\/mentions-legales\/"},"modified":"2024-05-31T14:45:59","modified_gmt":"2024-05-31T12:45:59","slug":"legale-erwaehnungen","status":"publish","type":"page","link":"https:\/\/figuet-technique.ch\/de\/legale-erwaehnungen\/","title":{"rendered":"Mentions l\u00e9gales"},"content":{"rendered":"<h1>Legale Erw\u00e4hnungen<\/h1>\n<div>\n<p><strong>Kontaktadresse<\/strong><\/p>\n<p>Figuet Technique S\u00e0rl<br \/>Petite-Caroline 11<br \/>1131 Tolochenaz<br \/>Schweiz<\/p>\n<p>Telefon: 0041 (0)21 803 30 20<br \/>Fax: 0041 (0)21 806 41 41<br \/>Email: info[at]figuet-technique[dot]ch<\/p>\n<p><strong>Vertretungsberechtigte Person<\/strong><\/p>\n<p>Siehe Handelsregister<\/p>\n<p><strong>Eintrag im Handelsregister<\/strong><\/p>\n<p>Eingetragener Firmenname: Figuet Technique S\u00e0rl<br \/>Nummer: CH 550 11 64 81 51<br \/>Handelsregisteramt: Waadt<\/p>\n<p>MWST-Nummer<\/p>\n<p>CHE-191.173.907<\/p>\n<p><strong>Haftungsausschluss<\/strong><\/p>\n<p>Figuet Technique S\u00e0rl (im Folgenden der Autor) \u00fcbernimmt keine Gew\u00e4hr hinsichtlich der inhaltlichen Richtigkeit, Genauigkeit, Aktualit\u00e4t, Zuverl\u00e4ssigkeit oder Vollst\u00e4ndigkeit der Informationen.<\/p>\n<p>Haftungsanspr\u00fcche gegen den Autor wegen Sch\u00e4den materieller oder immaterieller Art, die aus dem Zugriff oder der Nutzung bzw. Nichtnutzung der ver\u00f6ffentlichten Informationen, durch Missbrauch der Verbindung oder durch technische St\u00f6rungen entstanden sind, werden ausgeschlossen.<\/p>\n<p>Alle Angebote sind unverbindlich. Der Autor beh\u00e4lt es sich ausdr\u00fccklich vor, Teile der Seiten oder das gesamte Angebot ohne gesonderte Ank\u00fcndigung zu ver\u00e4ndern, zu erg\u00e4nzen, zu l\u00f6schen oder die Ver\u00f6ffentlichung zeitweise oder endg\u00fcltig einzustellen.<\/p>\n<p><strong>Haftung f\u00fcr Links<\/strong><\/p>\n<p>Verweise und Links auf Webseiten Dritter liegen au\u00dferhalb unseres Verantwortungsbereichs. Es wird jegliche Verantwortung f\u00fcr solche Webseiten abgelehnt. Der Zugriff und die Nutzung solcher Webseiten erfolgen auf eigene Gefahr des Nutzers oder der Nutzerin.<\/p>\n<p><strong>Urheberrechte<\/strong><\/p>\n<p>Die Urheberrechte und alle anderen Rechte an Inhalten, Bildern, Fotos oder anderen Dateien auf dieser Website geh\u00f6ren ausschlie\u00dflich der Firma Figuet Technique S\u00e0rl oder den speziell genannten Rechteinhabern. F\u00fcr die Reproduktion jeglicher Elemente ist die schriftliche Zustimmung der Urheberrechtstr\u00e4ger im Voraus einzuholen.<\/p>\n<\/div>\n<p><!--more--><br \/>\n<!-- {\"type\":\"layout\",\"children\":[{\"type\":\"section\",\"props\":{\"image_position\":\"center-center\",\"style\":\"default\",\"title_breakpoint\":\"xl\",\"title_position\":\"top-left\",\"title_rotation\":\"left\",\"vertical_align\":\"middle\",\"width\":\"default\"},\"children\":[{\"type\":\"row\",\"children\":[{\"type\":\"column\",\"props\":{\"image_position\":\"center-center\",\"position_sticky_breakpoint\":\"m\"},\"children\":[{\"type\":\"headline\",\"props\":{\"content\":\"Legale Erw\\u00e4hnungen\",\"title_element\":\"h1\"}},{\"type\":\"text\",\"props\":{\"column\":\"1-2\",\"column_breakpoint\":\"m\",\"content\":\"\n\n<p><strong>Kontaktadresse<\\\/strong><\\\/p>\\n\n\n<p>Figuet Technique S\\u00e0rl<br \\\/>Petite-Caroline 11<br \\\/>1131 Tolochenaz<br \\\/>Schweiz<\\\/p>\\n\n\n<p>Telefon: 0041 (0)21 803 30 20<br \\\/>Fax: 0041 (0)21 806 41 41<br \\\/>Email: info[at]figuet-technique[dot]ch<\\\/p>\\n\n\n<p><strong>Vertretungsberechtigte Person<\\\/strong><\\\/p>\\n\n\n<p>Siehe Handelsregister<\\\/p>\\n\n\n<p><strong>Eintrag im Handelsregister<\\\/strong><\\\/p>\\n\n\n<p>Eingetragener Firmenname: Figuet Technique S\\u00e0rl<br \\\/>Nummer: CH 550 11 64 81 51<br \\\/>Handelsregisteramt: Waadt<\\\/p>\\n\n\n<p>MWST-Nummer<\\\/p>\\n\n\n<p>CHE-191.173.907<\\\/p>\\n\n\n<p><strong>Haftungsausschluss<\\\/strong><\\\/p>\\n\n\n<p>Figuet Technique S\\u00e0rl (im Folgenden der Autor) \\u00fcbernimmt keine Gew\\u00e4hr hinsichtlich der inhaltlichen Richtigkeit, Genauigkeit, Aktualit\\u00e4t, Zuverl\\u00e4ssigkeit oder Vollst\\u00e4ndigkeit der Informationen.<\\\/p>\\n\n\n<p>Haftungsanspr\\u00fcche gegen den Autor wegen Sch\\u00e4den materieller oder immaterieller Art, die aus dem Zugriff oder der Nutzung bzw. Nichtnutzung der ver\\u00f6ffentlichten Informationen, durch Missbrauch der Verbindung oder durch technische St\\u00f6rungen entstanden sind, werden ausgeschlossen.<\\\/p>\\n\n\n<p>Alle Angebote sind unverbindlich. Der Autor beh\\u00e4lt es sich ausdr\\u00fccklich vor, Teile der Seiten oder das gesamte Angebot ohne gesonderte Ank\\u00fcndigung zu ver\\u00e4ndern, zu erg\\u00e4nzen, zu l\\u00f6schen oder die Ver\\u00f6ffentlichung zeitweise oder endg\\u00fcltig einzustellen.<\\\/p>\\n\n\n<p><strong>Haftung f\\u00fcr Links<\\\/strong><\\\/p>\\n\n\n<p>Verweise und Links auf Webseiten Dritter liegen au\\u00dferhalb unseres Verantwortungsbereichs. Es wird jegliche Verantwortung f\\u00fcr solche Webseiten abgelehnt. Der Zugriff und die Nutzung solcher Webseiten erfolgen auf eigene Gefahr des Nutzers oder der Nutzerin.<\\\/p>\\n\n\n<p><strong>Urheberrechte<\\\/strong><\\\/p>\\n\n\n<p>Die Urheberrechte und alle anderen Rechte an Inhalten, Bildern, Fotos oder anderen Dateien auf dieser Website geh\\u00f6ren ausschlie\\u00dflich der Firma Figuet Technique S\\u00e0rl oder den speziell genannten Rechteinhabern. F\\u00fcr die Reproduktion jeglicher Elemente ist die schriftliche Zustimmung der Urheberrechtstr\\u00e4ger im Voraus einzuholen.<\\\/p>\\n\",\"margin\":\"default\"}}]}]}]}],\"version\":\"4.3.13\",\"yooessentialsVersion\":\"2.2.14\"} --><\/p>\n","protected":false},"excerpt":{"rendered":"<p>Legale Erw\u00e4hnungen Kontaktadresse Figuet Technique S\u00e0rlPetite-Caroline 111131 TolochenazSchweiz Telefon: 0041 (0)21 803 30 20Fax: 0041 (0)21 806 41 41Email: info[at]figuet-technique[dot]ch Vertretungsberechtigte Person Siehe Handelsregister Eintrag im Handelsregister Eingetragener Firmenname: Figuet Technique S\u00e0rlNummer: CH 550 11 64 81 51Handelsregisteramt: Waadt MWST-Nummer CHE-191.173.907 Haftungsausschluss Figuet Technique S\u00e0rl (im Folgenden der Autor) \u00fcbernimmt keine Gew\u00e4hr hinsichtlich der inhaltlichen [&hellip;]<\/p>\n","protected":false},"author":9,"featured_media":0,"parent":0,"menu_order":0,"comment_status":"closed","ping_status":"closed","template":"","meta":{"_acf_changed":false,"footnotes":""},"class_list":["post-422240","page","type-page","status-publish","hentry"],"acf":[],"_links":{"self":[{"href":"https:\/\/figuet-technique.ch\/de\/wp-json\/wp\/v2\/pages\/422240","targetHints":{"allow":["GET"]}}],"collection":[{"href":"https:\/\/figuet-technique.ch\/de\/wp-json\/wp\/v2\/pages"}],"about":[{"href":"https:\/\/figuet-technique.ch\/de\/wp-json\/wp\/v2\/types\/page"}],"author":[{"embeddable":true,"href":"https:\/\/figuet-technique.ch\/de\/wp-json\/wp\/v2\/users\/9"}],"replies":[{"embeddable":true,"href":"https:\/\/figuet-technique.ch\/de\/wp-json\/wp\/v2\/comments?post=422240"}],"version-history":[{"count":0,"href":"https:\/\/figuet-technique.ch\/de\/wp-json\/wp\/v2\/pages\/422240\/revisions"}],"wp:attachment":[{"href":"https:\/\/figuet-technique.ch\/de\/wp-json\/wp\/v2\/media?parent=422240"}],"curies":[{"name":"wp","href":"https:\/\/api.w.org\/{rel}","templated":true}]}}