{"id":422409,"date":"2024-02-27T08:50:07","date_gmt":"2024-02-27T06:50:07","guid":{"rendered":"https:\/\/figuet-technique.ch\/politique-de-confidentialite\/"},"modified":"2024-05-31T14:50:40","modified_gmt":"2024-05-31T12:50:40","slug":"datenschutzrichtlinie","status":"publish","type":"page","link":"https:\/\/figuet-technique.ch\/de\/datenschutzrichtlinie\/","title":{"rendered":"Politique de confidentialit\u00e9"},"content":{"rendered":"<h1>Datenschutzrichtlinie<\/h1>\n<div>\n<p>Bei Figuet Technique S\u00e0rl nehmen wir den Schutz Ihrer pers\u00f6nlichen Daten sehr ernst. Wir verpflichten uns, die Schweizer Datenschutzgesetze, insbesondere das Bundesgesetz \u00fcber den Datenschutz (DSG), strikt einzuhalten, um die Vertraulichkeit und Sicherheit Ihrer pers\u00f6nlichen Informationen zu gew\u00e4hrleisten.<\/p>\n<p><strong>Erhebung und Nutzung der Daten<\/strong><\/p>\n<p>Wenn Sie unsere Website nutzen, k\u00f6nnen wir bestimmte personenbezogene Daten sammeln, wie Ihren Namen, Ihre E-Mail-Adresse oder andere relevante Informationen f\u00fcr die spezifischen Zwecke unserer Website und unseres Unternehmens. Diese Daten k\u00f6nnen \u00fcber Kontaktformulare, Newsletter-Anmeldungen oder \u00e4hnliche Mittel gesammelt werden. Wir sammeln nur die Daten, die unbedingt erforderlich sind, um diese Zwecke zu erf\u00fcllen, und nutzen sie nur im Rahmen des Zwecks, f\u00fcr den Sie sie uns zur Verf\u00fcgung gestellt haben, oder zu Marketingzwecken (unter Verwendung aller Kommunikationsmittel wie E-Mail, soziale Medien, Post oder Telefon), um Informationen \u00fcber Ver\u00f6ffentlichungen, Veranstaltungen, neue Dienstleistungen oder Produkte bereitzustellen, die von Interesse sein k\u00f6nnten.<\/p>\n<p>Um diese Ziele zu erreichen, kann es notwendig sein, dass wir die personenbezogenen Daten an folgende Kategorien von Empf\u00e4ngern weitergeben: externe Dienstleister, Kunden und deren Vertreter, Gesch\u00e4ftspartner, mit denen wir zusammenarbeiten k\u00f6nnen.<\/p>\n<p><strong>Zustimmung und Kontrolle<\/strong><\/p>\n<p>Durch die Nutzung unserer Website stimmen Sie der Erhebung und Nutzung Ihrer personenbezogenen Daten gem\u00e4\u00df unserer Datenschutzerkl\u00e4rung zu. Sie haben auch das Recht, Ihre Einwilligung jederzeit zu widerrufen, indem Sie uns unter info[at]figuet-technique[dot]ch kontaktieren.<\/p>\n<p><strong>Datensicherheit<\/strong><\/p>\n<p>Wir setzen technische und organisatorische Sicherheitsma\u00dfnahmen ein, um Ihre personenbezogenen Daten vor unbefugtem Zugriff, Verlust, Ver\u00e4nderung oder Offenlegung zu sch\u00fctzen. Ihre Informationen werden sicher gespeichert, und wir tun alles, um ihre Integrit\u00e4t zu gew\u00e4hrleisten.<\/p>\n<p><strong>Rechte der betroffenen Personen<\/strong><\/p>\n<p>Als betroffene Person haben Sie das Recht, auf Ihre Daten zuzugreifen, sie zu berichtigen, zu l\u00f6schen, zu \u00fcbertragen, der Verarbeitung zu widersprechen oder Ihre Einwilligung zu widerrufen. Wenn Sie eines dieser Rechte aus\u00fcben m\u00f6chten, kontaktieren Sie uns bitte unter info[at]figuet-technique[dot]ch.<\/p>\n<p><strong>Kontakt<\/strong><\/p>\n<p>Wenn Sie Fragen oder Bedenken hinsichtlich der Verarbeitung Ihrer personenbezogenen Daten haben oder Ihre Datenschutzrechte aus\u00fcben m\u00f6chten, z\u00f6gern Sie nicht, uns unter info[at]figuet-technique[dot]ch zu kontaktieren. Sie werden direkt mit der f\u00fcr die Verarbeitung verantwortlichen Person in Kontakt treten.<\/p>\n<p>Wir danken Ihnen f\u00fcr Ihr Vertrauen und Ihr Interesse an Figuet Technique S\u00e0rl. Wir sind bestrebt, Ihre personenbezogenen Daten zu sch\u00fctzen und alle damit verbundenen gesetzlichen Verpflichtungen einzuhalten.<\/p>\n<p><em>Letzte Aktualisierung: 12.10.2023.<\/em><br \/><em>Der Umfang dieser Informationen basiert auf der zum Zeitpunkt der letzten Aktualisierung geltenden Gesetzgebung und Rechtsprechung. Figuet Technique S\u00e0rl beh\u00e4lt sich das Recht vor, den Inhalt dieser Erkl\u00e4rung jederzeit und ohne vorherige Ank\u00fcndigung einseitig zu \u00e4ndern.<\/em><\/p>\n<\/div>\n<p><!--more--><br \/>\n<!-- {\"type\":\"layout\",\"children\":[{\"type\":\"section\",\"props\":{\"image_position\":\"center-center\",\"style\":\"default\",\"title_breakpoint\":\"xl\",\"title_position\":\"top-left\",\"title_rotation\":\"left\",\"vertical_align\":\"middle\",\"width\":\"default\"},\"children\":[{\"type\":\"row\",\"children\":[{\"type\":\"column\",\"props\":{\"image_position\":\"center-center\",\"position_sticky_breakpoint\":\"m\"},\"children\":[{\"type\":\"headline\",\"props\":{\"content\":\"Datenschutzrichtlinie\",\"title_element\":\"h1\"}},{\"type\":\"text\",\"props\":{\"column_breakpoint\":\"m\",\"content\":\"\n\n<p>Bei Figuet Technique S\\u00e0rl nehmen wir den Schutz Ihrer pers\\u00f6nlichen Daten sehr ernst. Wir verpflichten uns, die Schweizer Datenschutzgesetze, insbesondere das Bundesgesetz \\u00fcber den Datenschutz (DSG), strikt einzuhalten, um die Vertraulichkeit und Sicherheit Ihrer pers\\u00f6nlichen Informationen zu gew\\u00e4hrleisten.<\\\/p>\\n\n\n<p><strong>Erhebung und Nutzung der Daten<\\\/strong><\\\/p>\\n\n\n<p>Wenn Sie unsere Website nutzen, k\\u00f6nnen wir bestimmte personenbezogene Daten sammeln, wie Ihren Namen, Ihre E-Mail-Adresse oder andere relevante Informationen f\\u00fcr die spezifischen Zwecke unserer Website und unseres Unternehmens. Diese Daten k\\u00f6nnen \\u00fcber Kontaktformulare, Newsletter-Anmeldungen oder \\u00e4hnliche Mittel gesammelt werden. Wir sammeln nur die Daten, die unbedingt erforderlich sind, um diese Zwecke zu erf\\u00fcllen, und nutzen sie nur im Rahmen des Zwecks, f\\u00fcr den Sie sie uns zur Verf\\u00fcgung gestellt haben, oder zu Marketingzwecken (unter Verwendung aller Kommunikationsmittel wie E-Mail, soziale Medien, Post oder Telefon), um Informationen \\u00fcber Ver\\u00f6ffentlichungen, Veranstaltungen, neue Dienstleistungen oder Produkte bereitzustellen, die von Interesse sein k\\u00f6nnten.<\\\/p>\\n\n\n<p>Um diese Ziele zu erreichen, kann es notwendig sein, dass wir die personenbezogenen Daten an folgende Kategorien von Empf\\u00e4ngern weitergeben: externe Dienstleister, Kunden und deren Vertreter, Gesch\\u00e4ftspartner, mit denen wir zusammenarbeiten k\\u00f6nnen.<\\\/p>\\n\n\n<p><strong>Zustimmung und Kontrolle<\\\/strong><\\\/p>\\n\n\n<p>Durch die Nutzung unserer Website stimmen Sie der Erhebung und Nutzung Ihrer personenbezogenen Daten gem\\u00e4\\u00df unserer Datenschutzerkl\\u00e4rung zu. Sie haben auch das Recht, Ihre Einwilligung jederzeit zu widerrufen, indem Sie uns unter info[at]figuet-technique[dot]ch kontaktieren.<\\\/p>\\n\n\n<p><strong>Datensicherheit<\\\/strong><\\\/p>\\n\n\n<p>Wir setzen technische und organisatorische Sicherheitsma\\u00dfnahmen ein, um Ihre personenbezogenen Daten vor unbefugtem Zugriff, Verlust, Ver\\u00e4nderung oder Offenlegung zu sch\\u00fctzen. Ihre Informationen werden sicher gespeichert, und wir tun alles, um ihre Integrit\\u00e4t zu gew\\u00e4hrleisten.<\\\/p>\\n\n\n<p><strong>Rechte der betroffenen Personen<\\\/strong><\\\/p>\\n\n\n<p>Als betroffene Person haben Sie das Recht, auf Ihre Daten zuzugreifen, sie zu berichtigen, zu l\\u00f6schen, zu \\u00fcbertragen, der Verarbeitung zu widersprechen oder Ihre Einwilligung zu widerrufen. Wenn Sie eines dieser Rechte aus\\u00fcben m\\u00f6chten, kontaktieren Sie uns bitte unter info[at]figuet-technique[dot]ch.<\\\/p>\\n\n\n<p><strong>Kontakt<\\\/strong><\\\/p>\\n\n\n<p>Wenn Sie Fragen oder Bedenken hinsichtlich der Verarbeitung Ihrer personenbezogenen Daten haben oder Ihre Datenschutzrechte aus\\u00fcben m\\u00f6chten, z\\u00f6gern Sie nicht, uns unter info[at]figuet-technique[dot]ch zu kontaktieren. Sie werden direkt mit der f\\u00fcr die Verarbeitung verantwortlichen Person in Kontakt treten.<\\\/p>\\n\n\n<p>Wir danken Ihnen f\\u00fcr Ihr Vertrauen und Ihr Interesse an Figuet Technique S\\u00e0rl. Wir sind bestrebt, Ihre personenbezogenen Daten zu sch\\u00fctzen und alle damit verbundenen gesetzlichen Verpflichtungen einzuhalten.<\\\/p>\\n\n\n<p><em>Letzte Aktualisierung: 12.10.2023.<\\\/em><br \\\/><em>Der Umfang dieser Informationen basiert auf der zum Zeitpunkt der letzten Aktualisierung geltenden Gesetzgebung und Rechtsprechung. Figuet Technique S\\u00e0rl beh\\u00e4lt sich das Recht vor, den Inhalt dieser Erkl\\u00e4rung jederzeit und ohne vorherige Ank\\u00fcndigung einseitig zu \\u00e4ndern.<\\\/em><\\\/p>\\n\",\"margin\":\"default\"}}]}]}]}],\"version\":\"4.3.13\",\"yooessentialsVersion\":\"2.2.14\"} --><\/p>\n","protected":false},"excerpt":{"rendered":"<p>Datenschutzrichtlinie Bei Figuet Technique S\u00e0rl nehmen wir den Schutz Ihrer pers\u00f6nlichen Daten sehr ernst. Wir verpflichten uns, die Schweizer Datenschutzgesetze, insbesondere das Bundesgesetz \u00fcber den Datenschutz (DSG), strikt einzuhalten, um die Vertraulichkeit und Sicherheit Ihrer pers\u00f6nlichen Informationen zu gew\u00e4hrleisten. Erhebung und Nutzung der Daten Wenn Sie unsere Website nutzen, k\u00f6nnen wir bestimmte personenbezogene Daten sammeln, [&hellip;]<\/p>\n","protected":false},"author":9,"featured_media":0,"parent":0,"menu_order":0,"comment_status":"closed","ping_status":"closed","template":"","meta":{"_acf_changed":false,"footnotes":""},"class_list":["post-422409","page","type-page","status-publish","hentry"],"acf":[],"_links":{"self":[{"href":"https:\/\/figuet-technique.ch\/de\/wp-json\/wp\/v2\/pages\/422409","targetHints":{"allow":["GET"]}}],"collection":[{"href":"https:\/\/figuet-technique.ch\/de\/wp-json\/wp\/v2\/pages"}],"about":[{"href":"https:\/\/figuet-technique.ch\/de\/wp-json\/wp\/v2\/types\/page"}],"author":[{"embeddable":true,"href":"https:\/\/figuet-technique.ch\/de\/wp-json\/wp\/v2\/users\/9"}],"replies":[{"embeddable":true,"href":"https:\/\/figuet-technique.ch\/de\/wp-json\/wp\/v2\/comments?post=422409"}],"version-history":[{"count":0,"href":"https:\/\/figuet-technique.ch\/de\/wp-json\/wp\/v2\/pages\/422409\/revisions"}],"wp:attachment":[{"href":"https:\/\/figuet-technique.ch\/de\/wp-json\/wp\/v2\/media?parent=422409"}],"curies":[{"name":"wp","href":"https:\/\/api.w.org\/{rel}","templated":true}]}}