{"id":2237548,"date":"2025-06-02T15:23:04","date_gmt":"2025-06-02T13:23:04","guid":{"rendered":"https:\/\/figuet-technique.ch\/?post_type=product&#038;p=2237548"},"modified":"2025-06-02T15:25:00","modified_gmt":"2025-06-02T13:25:00","slug":"hot-spot-wind-copie","status":"publish","type":"product","link":"https:\/\/figuet-technique.ch\/de\/produit\/hot-spot-wind-copie\/","title":{"rendered":"HOT SPOT WIND (Copie)"},"content":{"rendered":"<p>Der pelletbefeuerte Terrassenheizer HOT SPOT WIND ist ideal, um Ihren Au\u00dfenbereich w\u00e4rmer und angenehmer zu gestalten.<\/p>\n<p>Der beheizte Sonnenschirm ist ein Ger\u00e4t, das f\u00fcr den Gebrauch in \u00fcberdachten, aber bel\u00fcfteten R\u00e4umen oder im Freien entwickelt wurde.<\/p>\n<p>Eine 220V-Stromversorgung ist nur f\u00fcr das Gebl\u00e4se erforderlich, um eine bessere W\u00e4rmeabgabe zu gew\u00e4hrleisten.<\/p>\n<p>Zwei R\u00e4der, die die Handhabung des Ger\u00e4ts auch w\u00e4hrend des Betriebs erleichtern.<\/p>\n<p><strong>Radius:<\/strong> 5 Meter<\/p>\n<p><strong>Leistung:<\/strong> 14,8 kW<\/p>\n<p><strong>Verbrauch:<\/strong> 1.6 &#8211; 3.0 KG\/H<\/p>\n<p><strong>Wassertank:<\/strong> 12 Kg<\/p>\n<p><strong>Gewicht:<\/strong> 90 kg<\/p>\n<p>Das Betanken ist w\u00e4hrend des Betriebs m\u00f6glich.<\/p>\n<p><span style=\"color: #339966;\"><strong>Garantie: 2 Jahre.<\/strong><\/span><\/p>\n<p><span style=\"color: #ff0000;\"><strong>Lieferung, Montage, Inbetriebnahme mit Erl\u00e4uterungen chf 300.- inkl. MwSt.<\/strong><\/span><\/p>\n","protected":false},"excerpt":{"rendered":"<p>Mit Gebl\u00e4se<\/p>\n","protected":false},"featured_media":253468,"comment_status":"closed","ping_status":"closed","template":"","meta":{"_acf_changed":false},"product_brand":[],"product_cat":[489],"product_tag":[],"class_list":{"0":"post-2237548","1":"product","2":"type-product","3":"status-publish","4":"has-post-thumbnail","6":"product_cat-pellet-terrassenheizungen","7":"pa_marque-vulcano-de","9":"first","10":"outofstock","11":"sale","12":"taxable","13":"shipping-taxable","14":"purchasable","15":"product-type-simple"},"acf":[],"_links":{"self":[{"href":"https:\/\/figuet-technique.ch\/de\/wp-json\/wp\/v2\/product\/2237548","targetHints":{"allow":["GET"]}}],"collection":[{"href":"https:\/\/figuet-technique.ch\/de\/wp-json\/wp\/v2\/product"}],"about":[{"href":"https:\/\/figuet-technique.ch\/de\/wp-json\/wp\/v2\/types\/product"}],"replies":[{"embeddable":true,"href":"https:\/\/figuet-technique.ch\/de\/wp-json\/wp\/v2\/comments?post=2237548"}],"wp:featuredmedia":[{"embeddable":true,"href":"https:\/\/figuet-technique.ch\/de\/wp-json\/wp\/v2\/media\/253468"}],"wp:attachment":[{"href":"https:\/\/figuet-technique.ch\/de\/wp-json\/wp\/v2\/media?parent=2237548"}],"wp:term":[{"taxonomy":"product_brand","embeddable":true,"href":"https:\/\/figuet-technique.ch\/de\/wp-json\/wp\/v2\/product_brand?post=2237548"},{"taxonomy":"product_cat","embeddable":true,"href":"https:\/\/figuet-technique.ch\/de\/wp-json\/wp\/v2\/product_cat?post=2237548"},{"taxonomy":"product_tag","embeddable":true,"href":"https:\/\/figuet-technique.ch\/de\/wp-json\/wp\/v2\/product_tag?post=2237548"}],"curies":[{"name":"wp","href":"https:\/\/api.w.org\/{rel}","templated":true}]}}