{"id":2237551,"date":"2025-06-02T15:27:15","date_gmt":"2025-06-02T13:27:15","guid":{"rendered":"https:\/\/figuet-technique.ch\/?post_type=product&#038;p=2237551"},"modified":"2025-06-02T15:28:57","modified_gmt":"2025-06-02T13:28:57","slug":"hot-spot-16-copie","status":"publish","type":"product","link":"https:\/\/figuet-technique.ch\/de\/produit\/hot-spot-16-copie\/","title":{"rendered":"HOT SPOT 16 (Copie)"},"content":{"rendered":"<p>Der Pellet-Terrassenheizer HOT SPOT 16 ist ideal, um Ihren Au\u00dfenbereich w\u00e4rmer und angenehmer zu gestalten.<\/p>\n<p>Der beheizte Sonnenschirm ist ein Ger\u00e4t, das f\u00fcr den Gebrauch in \u00fcberdachten, aber bel\u00fcfteten R\u00e4umen oder im Freien entwickelt wurde.<\/p>\n<p>Vier R\u00e4der, die die Handhabung des Ger\u00e4ts auch w\u00e4hrend des Betriebs erleichtern.<\/p>\n<p>Ohne Stromversorgung.<\/p>\n<p><strong>Radius:<\/strong> 5 Meter<\/p>\n<p><strong>Leistung:<\/strong> 16 kW<\/p>\n<p><strong>Verbrauch:<\/strong> 1.8 &#8211; 3.6 KG\/H<\/p>\n<p><strong>Wassertank:<\/strong> 19 Kg<\/p>\n<p><strong>Gewicht:<\/strong> 160 kg<\/p>\n<p>Das Betanken ist w\u00e4hrend des Betriebs m\u00f6glich.<\/p>\n<p><span style=\"color: #339966;\"><strong>Garantie: 2 Jahre.<\/strong><\/span><\/p>\n<p><span style=\"color: #ff0000;\"><strong>Lieferung, Montage, Inbetriebnahme mit Erl\u00e4uterungen chf 300.- inkl. MwSt.<\/strong><\/span><\/p>\n","protected":false},"excerpt":{"rendered":"<p>Funktioniert ohne Strom!<\/p>\n","protected":false},"featured_media":253472,"comment_status":"closed","ping_status":"closed","template":"","meta":{"_acf_changed":false},"product_brand":[],"product_cat":[],"product_tag":[],"class_list":{"0":"post-2237551","1":"product","2":"type-product","3":"status-publish","4":"has-post-thumbnail","6":"pa_marque-vulcano-de","8":"first","9":"outofstock","10":"sale","11":"taxable","12":"shipping-taxable","13":"purchasable","14":"product-type-simple"},"acf":[],"_links":{"self":[{"href":"https:\/\/figuet-technique.ch\/de\/wp-json\/wp\/v2\/product\/2237551","targetHints":{"allow":["GET"]}}],"collection":[{"href":"https:\/\/figuet-technique.ch\/de\/wp-json\/wp\/v2\/product"}],"about":[{"href":"https:\/\/figuet-technique.ch\/de\/wp-json\/wp\/v2\/types\/product"}],"replies":[{"embeddable":true,"href":"https:\/\/figuet-technique.ch\/de\/wp-json\/wp\/v2\/comments?post=2237551"}],"wp:featuredmedia":[{"embeddable":true,"href":"https:\/\/figuet-technique.ch\/de\/wp-json\/wp\/v2\/media\/253472"}],"wp:attachment":[{"href":"https:\/\/figuet-technique.ch\/de\/wp-json\/wp\/v2\/media?parent=2237551"}],"wp:term":[{"taxonomy":"product_brand","embeddable":true,"href":"https:\/\/figuet-technique.ch\/de\/wp-json\/wp\/v2\/product_brand?post=2237551"},{"taxonomy":"product_cat","embeddable":true,"href":"https:\/\/figuet-technique.ch\/de\/wp-json\/wp\/v2\/product_cat?post=2237551"},{"taxonomy":"product_tag","embeddable":true,"href":"https:\/\/figuet-technique.ch\/de\/wp-json\/wp\/v2\/product_tag?post=2237551"}],"curies":[{"name":"wp","href":"https:\/\/api.w.org\/{rel}","templated":true}]}}