{"id":254635,"date":"2024-05-03T10:25:51","date_gmt":"2024-05-03T08:25:51","guid":{"rendered":"https:\/\/figuet-technique.ch\/produit\/ego-hydro-matic\/"},"modified":"2024-05-03T10:25:51","modified_gmt":"2024-05-03T08:25:51","slug":"ego-hydro-matic","status":"publish","type":"product","link":"https:\/\/figuet-technique.ch\/de\/produit\/ego-hydro-matic\/","title":{"rendered":"EGO HYDRO MATIC"},"content":{"rendered":"<p>Pelletofen MCZ EGO HYDRO MATIC, praktisch und einfach zu bedienen.<\/p>\n<p>Dieser Ofen ist hydraulisch, er ist so konzipiert, dass er das gesamte Brauchwassersystem f\u00fcr alle Zwecke (Fu\u00dfbodenheizung, Heizk\u00f6rper, Warmwasserbereiter&#8230;) erw\u00e4rmen kann.<\/p>\n<p>Das Heizvolumen dieses Ofens betr\u00e4gt 340 m3, die T\u00fcr ist aus Gusseisen und die Verkleidung aus hochwertigem Metall.<\/p>\n<p>Der Pelletbeh\u00e4lter fasst 20 kg.<\/p>\n<p>Rauchabzug: hinten<\/p>\n<p><a href=\"https:\/\/www.mcz.it\/fr\/produits\/poeles-a-granules\/ego#technical-data\" rel=\"noopener\">Siehe das Produktblatt des Herstellers<\/a><\/p>\n","protected":false},"excerpt":{"rendered":"<p>Hydraulisch!<\/p>\n","protected":false},"featured_media":254015,"comment_status":"closed","ping_status":"closed","template":"","meta":{"_acf_changed":false},"product_brand":[],"product_cat":[334],"product_tag":[],"class_list":{"0":"post-254635","1":"product","2":"type-product","3":"status-publish","4":"has-post-thumbnail","6":"product_cat-pelletofen","7":"pa_marque-mcz-de","9":"first","10":"instock","11":"sale","12":"taxable","13":"shipping-taxable","14":"purchasable","15":"product-type-variable"},"acf":[],"_links":{"self":[{"href":"https:\/\/figuet-technique.ch\/de\/wp-json\/wp\/v2\/product\/254635","targetHints":{"allow":["GET"]}}],"collection":[{"href":"https:\/\/figuet-technique.ch\/de\/wp-json\/wp\/v2\/product"}],"about":[{"href":"https:\/\/figuet-technique.ch\/de\/wp-json\/wp\/v2\/types\/product"}],"replies":[{"embeddable":true,"href":"https:\/\/figuet-technique.ch\/de\/wp-json\/wp\/v2\/comments?post=254635"}],"wp:featuredmedia":[{"embeddable":true,"href":"https:\/\/figuet-technique.ch\/de\/wp-json\/wp\/v2\/media\/254015"}],"wp:attachment":[{"href":"https:\/\/figuet-technique.ch\/de\/wp-json\/wp\/v2\/media?parent=254635"}],"wp:term":[{"taxonomy":"product_brand","embeddable":true,"href":"https:\/\/figuet-technique.ch\/de\/wp-json\/wp\/v2\/product_brand?post=254635"},{"taxonomy":"product_cat","embeddable":true,"href":"https:\/\/figuet-technique.ch\/de\/wp-json\/wp\/v2\/product_cat?post=254635"},{"taxonomy":"product_tag","embeddable":true,"href":"https:\/\/figuet-technique.ch\/de\/wp-json\/wp\/v2\/product_tag?post=254635"}],"curies":[{"name":"wp","href":"https:\/\/api.w.org\/{rel}","templated":true}]}}