{"id":254639,"date":"2024-05-07T14:40:50","date_gmt":"2024-05-07T12:40:50","guid":{"rendered":"https:\/\/figuet-technique.ch\/produit\/musa-air\/"},"modified":"2024-05-07T14:40:50","modified_gmt":"2024-05-07T12:40:50","slug":"musa-air","status":"publish","type":"product","link":"https:\/\/figuet-technique.ch\/de\/produit\/musa-air\/","title":{"rendered":"MUSA AIR"},"content":{"rendered":"<p>Pelletofen MCZ MUSA AIR, praktisch und einfach zu bedienen.<\/p>\n<p>Das Heizvolumen dieses Ofens betr\u00e4gt 286 m3, die T\u00fcr ist aus Gusseisen und die Verkleidung aus hochwertigem Metall.<\/p>\n<p>Der Pelletbeh\u00e4lter fasst 30 kg.<\/p>\n<p>Rauchabzug: hinten oder oben.<\/p>\n<p>Das Plus: eine Bel\u00fcftung, die \u00fcber die Maestro+ App ferngesteuert werden kann, aber auch \u00fcber das Bedienfeld des Ofens.<\/p>\n<p><a href=\"https:\/\/www.mcz.it\/fr\/produits\/poeles-a-granules\/musa\" rel=\"noopener\">Siehe das Produktblatt des Herstellers<\/a><\/p>\n","protected":false},"excerpt":{"rendered":"<p>Mit Bel\u00fcftung.<\/p>\n","protected":false},"featured_media":254047,"comment_status":"closed","ping_status":"closed","template":"","meta":{"_acf_changed":false},"product_brand":[],"product_cat":[334],"product_tag":[],"class_list":{"0":"post-254639","1":"product","2":"type-product","3":"status-publish","4":"has-post-thumbnail","6":"product_cat-pelletofen","7":"pa_marque-mcz-de","9":"first","10":"instock","11":"taxable","12":"shipping-taxable","13":"purchasable","14":"product-type-variable"},"acf":[],"_links":{"self":[{"href":"https:\/\/figuet-technique.ch\/de\/wp-json\/wp\/v2\/product\/254639","targetHints":{"allow":["GET"]}}],"collection":[{"href":"https:\/\/figuet-technique.ch\/de\/wp-json\/wp\/v2\/product"}],"about":[{"href":"https:\/\/figuet-technique.ch\/de\/wp-json\/wp\/v2\/types\/product"}],"replies":[{"embeddable":true,"href":"https:\/\/figuet-technique.ch\/de\/wp-json\/wp\/v2\/comments?post=254639"}],"wp:featuredmedia":[{"embeddable":true,"href":"https:\/\/figuet-technique.ch\/de\/wp-json\/wp\/v2\/media\/254047"}],"wp:attachment":[{"href":"https:\/\/figuet-technique.ch\/de\/wp-json\/wp\/v2\/media?parent=254639"}],"wp:term":[{"taxonomy":"product_brand","embeddable":true,"href":"https:\/\/figuet-technique.ch\/de\/wp-json\/wp\/v2\/product_brand?post=254639"},{"taxonomy":"product_cat","embeddable":true,"href":"https:\/\/figuet-technique.ch\/de\/wp-json\/wp\/v2\/product_cat?post=254639"},{"taxonomy":"product_tag","embeddable":true,"href":"https:\/\/figuet-technique.ch\/de\/wp-json\/wp\/v2\/product_tag?post=254639"}],"curies":[{"name":"wp","href":"https:\/\/api.w.org\/{rel}","templated":true}]}}