{"id":254640,"date":"2024-05-02T16:31:10","date_gmt":"2024-05-02T14:31:10","guid":{"rendered":"https:\/\/figuet-technique.ch\/produit\/deco-air-up\/"},"modified":"2024-05-02T16:31:10","modified_gmt":"2024-05-02T14:31:10","slug":"deco-air-up","status":"publish","type":"product","link":"https:\/\/figuet-technique.ch\/de\/produit\/deco-air-up\/","title":{"rendered":"DEC\u00d2 AIR UP"},"content":{"rendered":"<p>Pelletofen MCZ DEC\u00d2 AIR UP, praktisch, einfach zu bedienen und sehr platzsparend.<\/p>\n<p>Das Heizvolumen dieses Ofens betr\u00e4gt 230 m3, die T\u00fcr ist aus Gusseisen und die Verkleidung aus Qualit\u00e4tsstahl.<\/p>\n<p>Ideal f\u00fcr den Einbau in einen Kamin oder f\u00fcr die freie Installation!<\/p>\n<p>Der Pelletbeh\u00e4lter fasst 15 kg.<\/p>\n<p>Rauchabzug: oben<\/p>\n<p><a href=\"https:\/\/www.mcz.it\/fr\/produits\/poeles-a-granules\/deco?type=AIR#technical-data\" rel=\"noopener\">Siehe das Produktblatt des Herstellers<\/a><\/p>\n","protected":false},"excerpt":{"rendered":"<p>Platzsparend!<\/p>\n","protected":false},"featured_media":253969,"comment_status":"closed","ping_status":"closed","template":"","meta":{"_acf_changed":false},"product_brand":[],"product_cat":[334],"product_tag":[],"class_list":{"0":"post-254640","1":"product","2":"type-product","3":"status-publish","4":"has-post-thumbnail","6":"product_cat-pelletofen","7":"pa_marque-mcz-de","9":"first","10":"instock","11":"taxable","12":"shipping-taxable","13":"purchasable","14":"product-type-simple"},"acf":[],"_links":{"self":[{"href":"https:\/\/figuet-technique.ch\/de\/wp-json\/wp\/v2\/product\/254640","targetHints":{"allow":["GET"]}}],"collection":[{"href":"https:\/\/figuet-technique.ch\/de\/wp-json\/wp\/v2\/product"}],"about":[{"href":"https:\/\/figuet-technique.ch\/de\/wp-json\/wp\/v2\/types\/product"}],"replies":[{"embeddable":true,"href":"https:\/\/figuet-technique.ch\/de\/wp-json\/wp\/v2\/comments?post=254640"}],"wp:featuredmedia":[{"embeddable":true,"href":"https:\/\/figuet-technique.ch\/de\/wp-json\/wp\/v2\/media\/253969"}],"wp:attachment":[{"href":"https:\/\/figuet-technique.ch\/de\/wp-json\/wp\/v2\/media?parent=254640"}],"wp:term":[{"taxonomy":"product_brand","embeddable":true,"href":"https:\/\/figuet-technique.ch\/de\/wp-json\/wp\/v2\/product_brand?post=254640"},{"taxonomy":"product_cat","embeddable":true,"href":"https:\/\/figuet-technique.ch\/de\/wp-json\/wp\/v2\/product_cat?post=254640"},{"taxonomy":"product_tag","embeddable":true,"href":"https:\/\/figuet-technique.ch\/de\/wp-json\/wp\/v2\/product_tag?post=254640"}],"curies":[{"name":"wp","href":"https:\/\/api.w.org\/{rel}","templated":true}]}}