{"id":254705,"date":"2024-05-07T13:27:09","date_gmt":"2024-05-07T11:27:09","guid":{"rendered":"https:\/\/figuet-technique.ch\/produit\/cook\/"},"modified":"2024-05-07T13:27:09","modified_gmt":"2024-05-07T11:27:09","slug":"cook","status":"publish","type":"product","link":"https:\/\/figuet-technique.ch\/de\/produit\/cook\/","title":{"rendered":"COOK"},"content":{"rendered":"<p>Der Bullerjan COOK ist ein effizientes Heizger\u00e4t. Langlebig und zuverl\u00e4ssig, optimale Leistung auch bei geringer Leistung.<\/p>\n<p>Ein vielseitiges Ger\u00e4t dank des hochwertigen Gusseisens, das Sie l\u00e4nger warm h\u00e4lt, und der gro\u00dfen integrierten Kochplatte mit einem Durchmesser von 27 cm.<\/p>\n","protected":false},"excerpt":{"rendered":"<p>Gusseiserner Holzofen!<\/p>\n","protected":false},"featured_media":254037,"comment_status":"closed","ping_status":"closed","template":"","meta":{"_acf_changed":false},"product_brand":[],"product_cat":[374],"product_tag":[],"class_list":{"0":"post-254705","1":"product","2":"type-product","3":"status-publish","4":"has-post-thumbnail","6":"product_cat-holzofen","7":"pa_marque-bullerjan-de","9":"first","10":"instock","11":"taxable","12":"shipping-taxable","13":"purchasable","14":"product-type-simple"},"acf":[],"_links":{"self":[{"href":"https:\/\/figuet-technique.ch\/de\/wp-json\/wp\/v2\/product\/254705","targetHints":{"allow":["GET"]}}],"collection":[{"href":"https:\/\/figuet-technique.ch\/de\/wp-json\/wp\/v2\/product"}],"about":[{"href":"https:\/\/figuet-technique.ch\/de\/wp-json\/wp\/v2\/types\/product"}],"replies":[{"embeddable":true,"href":"https:\/\/figuet-technique.ch\/de\/wp-json\/wp\/v2\/comments?post=254705"}],"wp:featuredmedia":[{"embeddable":true,"href":"https:\/\/figuet-technique.ch\/de\/wp-json\/wp\/v2\/media\/254037"}],"wp:attachment":[{"href":"https:\/\/figuet-technique.ch\/de\/wp-json\/wp\/v2\/media?parent=254705"}],"wp:term":[{"taxonomy":"product_brand","embeddable":true,"href":"https:\/\/figuet-technique.ch\/de\/wp-json\/wp\/v2\/product_brand?post=254705"},{"taxonomy":"product_cat","embeddable":true,"href":"https:\/\/figuet-technique.ch\/de\/wp-json\/wp\/v2\/product_cat?post=254705"},{"taxonomy":"product_tag","embeddable":true,"href":"https:\/\/figuet-technique.ch\/de\/wp-json\/wp\/v2\/product_tag?post=254705"}],"curies":[{"name":"wp","href":"https:\/\/api.w.org\/{rel}","templated":true}]}}