{"id":254708,"date":"2024-05-07T14:19:13","date_gmt":"2024-05-07T12:19:13","guid":{"rendered":"https:\/\/figuet-technique.ch\/produit\/musa-air-matic-core\/"},"modified":"2024-05-07T14:19:13","modified_gmt":"2024-05-07T12:19:13","slug":"musa-air-matic-core","status":"publish","type":"product","link":"https:\/\/figuet-technique.ch\/de\/produit\/musa-air-matic-core\/","title":{"rendered":"MUSA AIR MATIC CORE"},"content":{"rendered":"<p>Pelletofen MCZ MUSA AIR MATIC CORE, praktisch und einfach zu bedienen.<\/p>\n<p>Das Heizvolumen dieses Ofens betr\u00e4gt 286 m3, die T\u00fcr ist aus Gusseisen und die Verkleidung ist aus hochwertigem Metall.<\/p>\n<p>Der Pelletbeh\u00e4lter fasst 30 kg.<\/p>\n<p>Rauchabzug: hinten<\/p>\n<p>Extras: Bel\u00fcftung, Air matic-Technologie (sehr wenig Asche) und CORE-Verbrennungstechnologie (hohe Effizienz und au\u00dfergew\u00f6hnliche Leistung).<\/p>\n<p><a href=\"https:\/\/www.mcz.it\/fr\/produits\/poeles-a-granules\/musa\" rel=\"noopener\">Siehe das Produktblatt des Herstellers<\/a><\/p>\n","protected":false},"excerpt":{"rendered":"<p>Mit Bel\u00fcftung.<\/p>\n","protected":false},"featured_media":254041,"comment_status":"closed","ping_status":"closed","template":"","meta":{"_acf_changed":false},"product_brand":[],"product_cat":[334],"product_tag":[],"class_list":{"0":"post-254708","1":"product","2":"type-product","3":"status-publish","4":"has-post-thumbnail","6":"product_cat-pelletofen","7":"pa_marque-mcz-de","9":"first","10":"instock","11":"taxable","12":"shipping-taxable","13":"purchasable","14":"product-type-variable"},"acf":[],"_links":{"self":[{"href":"https:\/\/figuet-technique.ch\/de\/wp-json\/wp\/v2\/product\/254708","targetHints":{"allow":["GET"]}}],"collection":[{"href":"https:\/\/figuet-technique.ch\/de\/wp-json\/wp\/v2\/product"}],"about":[{"href":"https:\/\/figuet-technique.ch\/de\/wp-json\/wp\/v2\/types\/product"}],"replies":[{"embeddable":true,"href":"https:\/\/figuet-technique.ch\/de\/wp-json\/wp\/v2\/comments?post=254708"}],"wp:featuredmedia":[{"embeddable":true,"href":"https:\/\/figuet-technique.ch\/de\/wp-json\/wp\/v2\/media\/254041"}],"wp:attachment":[{"href":"https:\/\/figuet-technique.ch\/de\/wp-json\/wp\/v2\/media?parent=254708"}],"wp:term":[{"taxonomy":"product_brand","embeddable":true,"href":"https:\/\/figuet-technique.ch\/de\/wp-json\/wp\/v2\/product_brand?post=254708"},{"taxonomy":"product_cat","embeddable":true,"href":"https:\/\/figuet-technique.ch\/de\/wp-json\/wp\/v2\/product_cat?post=254708"},{"taxonomy":"product_tag","embeddable":true,"href":"https:\/\/figuet-technique.ch\/de\/wp-json\/wp\/v2\/product_tag?post=254708"}],"curies":[{"name":"wp","href":"https:\/\/api.w.org\/{rel}","templated":true}]}}