{"id":254956,"date":"2024-04-24T08:05:27","date_gmt":"2024-04-24T06:05:27","guid":{"rendered":"https:\/\/figuet-technique.ch\/produit\/sack-mit-pellets-jurapellets-9-kg\/"},"modified":"2024-04-24T08:05:27","modified_gmt":"2024-04-24T06:05:27","slug":"sack-mit-pellets-jurapellets-9-kg","status":"publish","type":"product","link":"https:\/\/figuet-technique.ch\/de\/produit\/sack-mit-pellets-jurapellets-9-kg\/","title":{"rendered":"Sack mit Pellets JURAPELLETS 9 Kg"},"content":{"rendered":"<p><span style=\"color: #ff0000;\"><strong>Verf\u00fcgbar ab dem 14. Mai 2024<\/strong><\/span><\/p>\n<p>Kleinformatige Holzpellets-S\u00e4cke!<\/p>\n<p>Ein kleineres Format f\u00fcr eine einfachere und weniger anstrengende Nutzung.<\/p>\n<p>Dieser kleinere und leichtere <strong>9 kg<\/strong> Rucksack wird Ihnen das Leben erleichtern.<\/p>\n<p>Vorteile :<\/p>\n<ul>\n<li>Einfacher zu handhaben<\/li>\n<li>Das Ausgie\u00dfen der F\u00fcllung ist angenehmer.<\/li>\n<li>Ideal f\u00fcr Personen mit R\u00fcckenproblemen oder \u00e4ltere Menschen<\/li>\n<li>Vermeidet angebrochene T\u00fcten, die in Ihrem Wohnzimmer Platz wegnehmen (ideal f\u00fcr \u00d6fen mit einem Tankinhalt von weniger als 15 kg).<\/li>\n<li>Eine bessere Verwaltung Ihres Pelletlagers.<\/li>\n<li>Weniger Platzbedarf und weniger Aufwand f\u00fcr die Lagerung<\/li>\n<\/ul>\n<p>Dieser Pellet ist Din+ zertifiziert<\/p>\n","protected":false},"excerpt":{"rendered":"<p>Preis ab Lager!<\/p>\n","protected":false},"featured_media":315018,"comment_status":"closed","ping_status":"closed","template":"","meta":{"_acf_changed":false},"product_brand":[],"product_cat":[403],"product_tag":[],"class_list":{"0":"post-254956","1":"product","2":"type-product","3":"status-publish","4":"has-post-thumbnail","6":"product_cat-pellets-de","7":"pa_marque-jura-pellets-de","9":"first","10":"instock","11":"sale","12":"taxable","13":"shipping-taxable","14":"purchasable","15":"product-type-simple"},"acf":[],"_links":{"self":[{"href":"https:\/\/figuet-technique.ch\/de\/wp-json\/wp\/v2\/product\/254956","targetHints":{"allow":["GET"]}}],"collection":[{"href":"https:\/\/figuet-technique.ch\/de\/wp-json\/wp\/v2\/product"}],"about":[{"href":"https:\/\/figuet-technique.ch\/de\/wp-json\/wp\/v2\/types\/product"}],"replies":[{"embeddable":true,"href":"https:\/\/figuet-technique.ch\/de\/wp-json\/wp\/v2\/comments?post=254956"}],"wp:featuredmedia":[{"embeddable":true,"href":"https:\/\/figuet-technique.ch\/de\/wp-json\/wp\/v2\/media\/315018"}],"wp:attachment":[{"href":"https:\/\/figuet-technique.ch\/de\/wp-json\/wp\/v2\/media?parent=254956"}],"wp:term":[{"taxonomy":"product_brand","embeddable":true,"href":"https:\/\/figuet-technique.ch\/de\/wp-json\/wp\/v2\/product_brand?post=254956"},{"taxonomy":"product_cat","embeddable":true,"href":"https:\/\/figuet-technique.ch\/de\/wp-json\/wp\/v2\/product_cat?post=254956"},{"taxonomy":"product_tag","embeddable":true,"href":"https:\/\/figuet-technique.ch\/de\/wp-json\/wp\/v2\/product_tag?post=254956"}],"curies":[{"name":"wp","href":"https:\/\/api.w.org\/{rel}","templated":true}]}}