{"id":255045,"date":"2024-05-01T10:55:51","date_gmt":"2024-05-01T08:55:51","guid":{"rendered":"https:\/\/figuet-technique.ch\/produit\/sando-50\/"},"modified":"2024-05-01T10:55:51","modified_gmt":"2024-05-01T08:55:51","slug":"sando-50","status":"publish","type":"product","link":"https:\/\/figuet-technique.ch\/de\/produit\/sando-50\/","title":{"rendered":"SANDO 50"},"content":{"rendered":"<p>Der Pelletofen Oranier SANDO 50 wird Sie mit seinem geringen Platzbedarf und seinem modernen Aussehen begeistern.<\/p>\n<p>Er verf\u00fcgt \u00fcber einen 25 kg Trichter.<\/p>\n<p>Die Fernsteuerung ist \u00fcber eine Fernbedienung m\u00f6glich, aber auch \u00fcber die ORANIER Smartcon App auf Ihrem Smartphone.<\/p>\n<p>Rauchabzug: hinten.<\/p>\n","protected":false},"excerpt":{"rendered":"<p>Geringer Platzbedarf!<\/p>\n","protected":false},"featured_media":254031,"comment_status":"closed","ping_status":"closed","template":"","meta":{"_acf_changed":false},"product_brand":[],"product_cat":[334],"product_tag":[],"class_list":{"0":"post-255045","1":"product","2":"type-product","3":"status-publish","4":"has-post-thumbnail","6":"product_cat-pelletofen","7":"pa_marque-oranier-de","9":"first","10":"instock","11":"taxable","12":"shipping-taxable","13":"purchasable","14":"product-type-variable"},"acf":[],"_links":{"self":[{"href":"https:\/\/figuet-technique.ch\/de\/wp-json\/wp\/v2\/product\/255045","targetHints":{"allow":["GET"]}}],"collection":[{"href":"https:\/\/figuet-technique.ch\/de\/wp-json\/wp\/v2\/product"}],"about":[{"href":"https:\/\/figuet-technique.ch\/de\/wp-json\/wp\/v2\/types\/product"}],"replies":[{"embeddable":true,"href":"https:\/\/figuet-technique.ch\/de\/wp-json\/wp\/v2\/comments?post=255045"}],"wp:featuredmedia":[{"embeddable":true,"href":"https:\/\/figuet-technique.ch\/de\/wp-json\/wp\/v2\/media\/254031"}],"wp:attachment":[{"href":"https:\/\/figuet-technique.ch\/de\/wp-json\/wp\/v2\/media?parent=255045"}],"wp:term":[{"taxonomy":"product_brand","embeddable":true,"href":"https:\/\/figuet-technique.ch\/de\/wp-json\/wp\/v2\/product_brand?post=255045"},{"taxonomy":"product_cat","embeddable":true,"href":"https:\/\/figuet-technique.ch\/de\/wp-json\/wp\/v2\/product_cat?post=255045"},{"taxonomy":"product_tag","embeddable":true,"href":"https:\/\/figuet-technique.ch\/de\/wp-json\/wp\/v2\/product_tag?post=255045"}],"curies":[{"name":"wp","href":"https:\/\/api.w.org\/{rel}","templated":true}]}}