{"id":255092,"date":"2024-04-17T09:09:27","date_gmt":"2024-04-17T07:09:27","guid":{"rendered":"https:\/\/figuet-technique.ch\/produit\/ml-80-lux\/"},"modified":"2024-04-17T09:09:27","modified_gmt":"2024-04-17T07:09:27","slug":"ml-80-lux","status":"publish","type":"product","link":"https:\/\/figuet-technique.ch\/de\/produit\/ml-80-lux\/","title":{"rendered":"ML 80 LUX"},"content":{"rendered":"<p><span style=\"color: #ff0000;\"><strong>Bei diesem Modell handelt es sich um ein Ausstellungsmodell, das ausgepackt, aber nicht benutzt wurde.  <\/strong><\/span>Um einen genauen Preis f\u00fcr die Installation zu erhalten, kontaktieren Sie uns bitte.<\/p>\n<p>Der Holzherd Rizzoli ML 80 LUX ist einfach zu bedienen und hat klare Linien. Dank der gro\u00dfen Glast\u00fcr k\u00f6nnen Sie das Spiel der Flammen bewundern!<\/p>\n<p>Dieser moderne Holzherd ist dank seiner hochwertigen Brennkammer leistungsstark.<\/p>\n<p>Rizzoli ist eine bekannte italienische Marke in der Welt der Holzherde.<\/p>\n","protected":false},"excerpt":{"rendered":"<p>Ausstellungsmodell.<\/p>\n","protected":false},"featured_media":253758,"comment_status":"closed","ping_status":"closed","template":"","meta":{"_acf_changed":false},"product_brand":[],"product_cat":[441],"product_tag":[],"class_list":{"0":"post-255092","1":"product","2":"type-product","3":"status-publish","4":"has-post-thumbnail","6":"product_cat-holzherde","7":"pa_marque-rizzoli-de","9":"first","10":"instock","11":"sale","12":"taxable","13":"shipping-taxable","14":"purchasable","15":"product-type-simple"},"acf":[],"_links":{"self":[{"href":"https:\/\/figuet-technique.ch\/de\/wp-json\/wp\/v2\/product\/255092","targetHints":{"allow":["GET"]}}],"collection":[{"href":"https:\/\/figuet-technique.ch\/de\/wp-json\/wp\/v2\/product"}],"about":[{"href":"https:\/\/figuet-technique.ch\/de\/wp-json\/wp\/v2\/types\/product"}],"replies":[{"embeddable":true,"href":"https:\/\/figuet-technique.ch\/de\/wp-json\/wp\/v2\/comments?post=255092"}],"wp:featuredmedia":[{"embeddable":true,"href":"https:\/\/figuet-technique.ch\/de\/wp-json\/wp\/v2\/media\/253758"}],"wp:attachment":[{"href":"https:\/\/figuet-technique.ch\/de\/wp-json\/wp\/v2\/media?parent=255092"}],"wp:term":[{"taxonomy":"product_brand","embeddable":true,"href":"https:\/\/figuet-technique.ch\/de\/wp-json\/wp\/v2\/product_brand?post=255092"},{"taxonomy":"product_cat","embeddable":true,"href":"https:\/\/figuet-technique.ch\/de\/wp-json\/wp\/v2\/product_cat?post=255092"},{"taxonomy":"product_tag","embeddable":true,"href":"https:\/\/figuet-technique.ch\/de\/wp-json\/wp\/v2\/product_tag?post=255092"}],"curies":[{"name":"wp","href":"https:\/\/api.w.org\/{rel}","templated":true}]}}