{"id":255098,"date":"2024-04-17T09:21:56","date_gmt":"2024-04-17T07:21:56","guid":{"rendered":"https:\/\/figuet-technique.ch\/produit\/l-90-rustik\/"},"modified":"2024-04-17T09:21:56","modified_gmt":"2024-04-17T07:21:56","slug":"l-90-rustik","status":"publish","type":"product","link":"https:\/\/figuet-technique.ch\/de\/produit\/l-90-rustik\/","title":{"rendered":"L 90 RUSTIK"},"content":{"rendered":"<p><span style=\"color: #ff0000;\"><strong>Bei diesem Modell handelt es sich um ein Ausstellungsmodell, das ausgepackt, aber nicht benutzt wurde.  <\/strong><\/span>Um einen genauen Preis f\u00fcr die Installation zu erhalten, kontaktieren Sie uns bitte.<\/p>\n<p>Der Holzherd Rizzoli L 90 RUSTIK ist einfach zu bedienen und hat klare Linien. Dank der gro\u00dfen Glast\u00fcr k\u00f6nnen Sie das Spiel der Flammen bewundern!<\/p>\n<p>Dieser moderne Holzherd ist dank seiner hochwertigen Brennkammer leistungsstark.<\/p>\n<p>Rizzoli ist eine bekannte italienische Marke in der Welt der Holzherde.<\/p>\n","protected":false},"excerpt":{"rendered":"<p>Ausstellungsmodell.<\/p>\n","protected":false},"featured_media":253780,"comment_status":"closed","ping_status":"closed","template":"","meta":{"_acf_changed":false},"product_brand":[],"product_cat":[],"product_tag":[],"class_list":{"0":"post-255098","1":"product","2":"type-product","3":"status-publish","4":"has-post-thumbnail","6":"pa_marque-rizzoli-de","8":"first","9":"outofstock","10":"sale","11":"taxable","12":"shipping-taxable","13":"purchasable","14":"product-type-simple"},"acf":[],"_links":{"self":[{"href":"https:\/\/figuet-technique.ch\/de\/wp-json\/wp\/v2\/product\/255098","targetHints":{"allow":["GET"]}}],"collection":[{"href":"https:\/\/figuet-technique.ch\/de\/wp-json\/wp\/v2\/product"}],"about":[{"href":"https:\/\/figuet-technique.ch\/de\/wp-json\/wp\/v2\/types\/product"}],"replies":[{"embeddable":true,"href":"https:\/\/figuet-technique.ch\/de\/wp-json\/wp\/v2\/comments?post=255098"}],"wp:featuredmedia":[{"embeddable":true,"href":"https:\/\/figuet-technique.ch\/de\/wp-json\/wp\/v2\/media\/253780"}],"wp:attachment":[{"href":"https:\/\/figuet-technique.ch\/de\/wp-json\/wp\/v2\/media?parent=255098"}],"wp:term":[{"taxonomy":"product_brand","embeddable":true,"href":"https:\/\/figuet-technique.ch\/de\/wp-json\/wp\/v2\/product_brand?post=255098"},{"taxonomy":"product_cat","embeddable":true,"href":"https:\/\/figuet-technique.ch\/de\/wp-json\/wp\/v2\/product_cat?post=255098"},{"taxonomy":"product_tag","embeddable":true,"href":"https:\/\/figuet-technique.ch\/de\/wp-json\/wp\/v2\/product_tag?post=255098"}],"curies":[{"name":"wp","href":"https:\/\/api.w.org\/{rel}","templated":true}]}}