{"id":255099,"date":"2024-04-19T11:12:43","date_gmt":"2024-04-19T09:12:43","guid":{"rendered":"https:\/\/figuet-technique.ch\/produit\/carus-2-0\/"},"modified":"2024-05-21T00:00:39","modified_gmt":"2024-05-20T22:00:39","slug":"carus-2-0","status":"publish","type":"product","link":"https:\/\/figuet-technique.ch\/de\/produit\/carus-2-0\/","title":{"rendered":"CARUS 2.0"},"content":{"rendered":"<p>Der Pelletofen Oranier CARUS 2.0 wird Sie mit seinen klaren Linien und seiner Effizienz begeistern.<\/p>\n<p>Er hat einen Trichter mit einem Fassungsverm\u00f6gen von 30 kg!<\/p>\n<p>Die Fernsteuerung ist \u00fcber eine Fernbedienung m\u00f6glich, aber auch \u00fcber die ORANIER Smartcon App auf Ihrem Smartphone.<\/p>\n<p>Rauchabzug: hinten<\/p>\n","protected":false},"excerpt":{"rendered":"<p>Gro\u00dfer Pelletbeh\u00e4lter!<\/p>\n","protected":false},"featured_media":253833,"comment_status":"closed","ping_status":"closed","template":"","meta":{"_acf_changed":false},"product_brand":[],"product_cat":[334],"product_tag":[],"class_list":{"0":"post-255099","1":"product","2":"type-product","3":"status-publish","4":"has-post-thumbnail","6":"product_cat-pelletofen","7":"pa_marque-oranier-de","9":"first","10":"instock","11":"taxable","12":"shipping-taxable","13":"purchasable","14":"product-type-variable"},"acf":[],"_links":{"self":[{"href":"https:\/\/figuet-technique.ch\/de\/wp-json\/wp\/v2\/product\/255099","targetHints":{"allow":["GET"]}}],"collection":[{"href":"https:\/\/figuet-technique.ch\/de\/wp-json\/wp\/v2\/product"}],"about":[{"href":"https:\/\/figuet-technique.ch\/de\/wp-json\/wp\/v2\/types\/product"}],"replies":[{"embeddable":true,"href":"https:\/\/figuet-technique.ch\/de\/wp-json\/wp\/v2\/comments?post=255099"}],"wp:featuredmedia":[{"embeddable":true,"href":"https:\/\/figuet-technique.ch\/de\/wp-json\/wp\/v2\/media\/253833"}],"wp:attachment":[{"href":"https:\/\/figuet-technique.ch\/de\/wp-json\/wp\/v2\/media?parent=255099"}],"wp:term":[{"taxonomy":"product_brand","embeddable":true,"href":"https:\/\/figuet-technique.ch\/de\/wp-json\/wp\/v2\/product_brand?post=255099"},{"taxonomy":"product_cat","embeddable":true,"href":"https:\/\/figuet-technique.ch\/de\/wp-json\/wp\/v2\/product_cat?post=255099"},{"taxonomy":"product_tag","embeddable":true,"href":"https:\/\/figuet-technique.ch\/de\/wp-json\/wp\/v2\/product_tag?post=255099"}],"curies":[{"name":"wp","href":"https:\/\/api.w.org\/{rel}","templated":true}]}}