{"id":255110,"date":"2024-04-22T16:07:25","date_gmt":"2024-04-22T14:07:25","guid":{"rendered":"https:\/\/figuet-technique.ch\/produit\/rohrpropeller\/"},"modified":"2024-04-22T16:07:25","modified_gmt":"2024-04-22T14:07:25","slug":"rohrpropeller","status":"publish","type":"product","link":"https:\/\/figuet-technique.ch\/de\/produit\/rohrpropeller\/","title":{"rendered":"Rohrpropeller"},"content":{"rendered":"<p>Der Rauchrohrpropeller ist f\u00fcr die Installation auf dem Rohr \u00fcber dem Kaminofen vorgesehen.<\/p>\n<p>Er verteilt die warme Luft gleichm\u00e4\u00dfig im ganzen Raum.<\/p>\n<p>Dieser Ventilator ist v\u00f6llig ger\u00e4uschlos und wird durch W\u00e4rme angetrieben.<\/p>\n<p>Damit k\u00f6nnen Sie bis zu 15% Holz sparen!<\/p>\n","protected":false},"excerpt":{"rendered":"<p>Funktioniert ohne Strom!<\/p>\n","protected":false},"featured_media":253883,"comment_status":"closed","ping_status":"closed","template":"","meta":{"_acf_changed":false},"product_brand":[],"product_cat":[420],"product_tag":[],"class_list":{"0":"post-255110","1":"product","2":"type-product","3":"status-publish","4":"has-post-thumbnail","6":"product_cat-zubehor","8":"first","9":"instock","10":"taxable","11":"shipping-taxable","12":"purchasable","13":"product-type-simple"},"acf":[],"_links":{"self":[{"href":"https:\/\/figuet-technique.ch\/de\/wp-json\/wp\/v2\/product\/255110","targetHints":{"allow":["GET"]}}],"collection":[{"href":"https:\/\/figuet-technique.ch\/de\/wp-json\/wp\/v2\/product"}],"about":[{"href":"https:\/\/figuet-technique.ch\/de\/wp-json\/wp\/v2\/types\/product"}],"replies":[{"embeddable":true,"href":"https:\/\/figuet-technique.ch\/de\/wp-json\/wp\/v2\/comments?post=255110"}],"wp:featuredmedia":[{"embeddable":true,"href":"https:\/\/figuet-technique.ch\/de\/wp-json\/wp\/v2\/media\/253883"}],"wp:attachment":[{"href":"https:\/\/figuet-technique.ch\/de\/wp-json\/wp\/v2\/media?parent=255110"}],"wp:term":[{"taxonomy":"product_brand","embeddable":true,"href":"https:\/\/figuet-technique.ch\/de\/wp-json\/wp\/v2\/product_brand?post=255110"},{"taxonomy":"product_cat","embeddable":true,"href":"https:\/\/figuet-technique.ch\/de\/wp-json\/wp\/v2\/product_cat?post=255110"},{"taxonomy":"product_tag","embeddable":true,"href":"https:\/\/figuet-technique.ch\/de\/wp-json\/wp\/v2\/product_tag?post=255110"}],"curies":[{"name":"wp","href":"https:\/\/api.w.org\/{rel}","templated":true}]}}