{"id":255255,"date":"2024-04-16T13:07:44","date_gmt":"2024-04-16T11:07:44","guid":{"rendered":"https:\/\/figuet-technique.ch\/produit\/n-94-country\/"},"modified":"2024-04-16T13:07:44","modified_gmt":"2024-04-16T11:07:44","slug":"n-94-country","status":"publish","type":"product","link":"https:\/\/figuet-technique.ch\/de\/produit\/n-94-country\/","title":{"rendered":"N 94 COUNTRY"},"content":{"rendered":"<p>Um einen genauen Preis zu erhalten, konfigurieren Sie Ihren Holzherd und entdecken Sie die vielen \u00e4sthetischen M\u00f6glichkeiten und Anpassungen, <a href=\"https:\/\/www.rizzolicucine.it\/fr\/produits\/cuisinieres-a-bois\/serie-n\/308\/n-94-country\" rel=\"noopener\">indem Sie auf diesen Link klicken<\/a>.<\/p>\n<p>Der Holzherd Rizzoli n 94 COUNTRY ist einfach zu bedienen und im Vintage-Stil gehalten. Er eignet sich perfekt f\u00fcr die freie Aufstellung!<\/p>\n<p>Dieser moderne Holzherd ist dank seiner hochwertigen Brennkammer leistungsstark.<\/p>\n<p>Rizzoli ist eine bekannte italienische Marke in der Welt der Holzherde.<\/p>\n<p><span style=\"color: #ff0000;\"><strong>Der angegebene Preis ist der Grundpreis, jeder Herd ist modular und personalisierbar, sowohl was die Farben als auch was die Optionen betrifft.<\/strong><\/span><\/p>\n<p><strong>Optionen: Art des Kochfelds, Griffe, Farben, W\u00e4schestange, T\u00fcr\u00f6ffnungsrichtung, Plan&#8230;.<\/strong><\/p>\n<p>&nbsp;<\/p>\n","protected":false},"excerpt":{"rendered":"<p>Vintage<\/p>\n","protected":false},"featured_media":253616,"comment_status":"closed","ping_status":"closed","template":"","meta":{"_acf_changed":false},"product_brand":[],"product_cat":[441],"product_tag":[],"class_list":{"0":"post-255255","1":"product","2":"type-product","3":"status-publish","4":"has-post-thumbnail","6":"product_cat-holzherde","7":"pa_marque-rizzoli-de","9":"first","10":"instock","11":"taxable","12":"shipping-taxable","13":"purchasable","14":"product-type-simple"},"acf":[],"_links":{"self":[{"href":"https:\/\/figuet-technique.ch\/de\/wp-json\/wp\/v2\/product\/255255","targetHints":{"allow":["GET"]}}],"collection":[{"href":"https:\/\/figuet-technique.ch\/de\/wp-json\/wp\/v2\/product"}],"about":[{"href":"https:\/\/figuet-technique.ch\/de\/wp-json\/wp\/v2\/types\/product"}],"replies":[{"embeddable":true,"href":"https:\/\/figuet-technique.ch\/de\/wp-json\/wp\/v2\/comments?post=255255"}],"wp:featuredmedia":[{"embeddable":true,"href":"https:\/\/figuet-technique.ch\/de\/wp-json\/wp\/v2\/media\/253616"}],"wp:attachment":[{"href":"https:\/\/figuet-technique.ch\/de\/wp-json\/wp\/v2\/media?parent=255255"}],"wp:term":[{"taxonomy":"product_brand","embeddable":true,"href":"https:\/\/figuet-technique.ch\/de\/wp-json\/wp\/v2\/product_brand?post=255255"},{"taxonomy":"product_cat","embeddable":true,"href":"https:\/\/figuet-technique.ch\/de\/wp-json\/wp\/v2\/product_cat?post=255255"},{"taxonomy":"product_tag","embeddable":true,"href":"https:\/\/figuet-technique.ch\/de\/wp-json\/wp\/v2\/product_tag?post=255255"}],"curies":[{"name":"wp","href":"https:\/\/api.w.org\/{rel}","templated":true}]}}