{"id":255338,"date":"2024-04-15T11:44:16","date_gmt":"2024-04-15T09:44:16","guid":{"rendered":"https:\/\/figuet-technique.ch\/produit\/pflegeoel-fuer-speckstein\/"},"modified":"2024-04-15T11:44:16","modified_gmt":"2024-04-15T09:44:16","slug":"pflegeoel-fuer-speckstein","status":"publish","type":"product","link":"https:\/\/figuet-technique.ch\/de\/produit\/pflegeoel-fuer-speckstein\/","title":{"rendered":"Pflege\u00f6l f\u00fcr Speckstein"},"content":{"rendered":"<p>Pflegemittel f\u00fcr Speckstein. Sch\u00fctzt vor Verschmutzungen.<\/p>\n<p>Inhalt 500 ml<\/p>\n","protected":false},"excerpt":{"rendered":"<p>Speziell f\u00fcr Speckstein!<\/p>\n","protected":false},"featured_media":253532,"comment_status":"closed","ping_status":"closed","template":"","meta":{"_acf_changed":false},"product_brand":[],"product_cat":[420],"product_tag":[],"class_list":{"0":"post-255338","1":"product","2":"type-product","3":"status-publish","4":"has-post-thumbnail","6":"product_cat-zubehor","8":"first","9":"instock","10":"taxable","11":"shipping-taxable","12":"purchasable","13":"product-type-simple"},"acf":[],"_links":{"self":[{"href":"https:\/\/figuet-technique.ch\/de\/wp-json\/wp\/v2\/product\/255338","targetHints":{"allow":["GET"]}}],"collection":[{"href":"https:\/\/figuet-technique.ch\/de\/wp-json\/wp\/v2\/product"}],"about":[{"href":"https:\/\/figuet-technique.ch\/de\/wp-json\/wp\/v2\/types\/product"}],"replies":[{"embeddable":true,"href":"https:\/\/figuet-technique.ch\/de\/wp-json\/wp\/v2\/comments?post=255338"}],"wp:featuredmedia":[{"embeddable":true,"href":"https:\/\/figuet-technique.ch\/de\/wp-json\/wp\/v2\/media\/253532"}],"wp:attachment":[{"href":"https:\/\/figuet-technique.ch\/de\/wp-json\/wp\/v2\/media?parent=255338"}],"wp:term":[{"taxonomy":"product_brand","embeddable":true,"href":"https:\/\/figuet-technique.ch\/de\/wp-json\/wp\/v2\/product_brand?post=255338"},{"taxonomy":"product_cat","embeddable":true,"href":"https:\/\/figuet-technique.ch\/de\/wp-json\/wp\/v2\/product_cat?post=255338"},{"taxonomy":"product_tag","embeddable":true,"href":"https:\/\/figuet-technique.ch\/de\/wp-json\/wp\/v2\/product_tag?post=255338"}],"curies":[{"name":"wp","href":"https:\/\/api.w.org\/{rel}","templated":true}]}}