{"id":255341,"date":"2024-04-15T13:09:56","date_gmt":"2024-04-15T11:09:56","guid":{"rendered":"https:\/\/figuet-technique.ch\/produit\/pflegeoel-fuer-das-kochfeld\/"},"modified":"2024-04-15T13:09:56","modified_gmt":"2024-04-15T11:09:56","slug":"pflegeoel-fuer-das-kochfeld","status":"publish","type":"product","link":"https:\/\/figuet-technique.ch\/de\/produit\/pflegeoel-fuer-das-kochfeld\/","title":{"rendered":"Pflege\u00f6l f\u00fcr das Kochfeld"},"content":{"rendered":"<p>Pflege\u00f6l f\u00fcr die Kochplatte von Holzherden. Sch\u00fctzt vor Schmutz, verleiht Glanz und hinterl\u00e4sst einen Schutzfilm.<\/p>\n<p>Inhalt 150 ml<\/p>\n","protected":false},"excerpt":{"rendered":"<p>Speziell f\u00fcr die K\u00f6chin Rizzoli!<\/p>\n","protected":false},"featured_media":253536,"comment_status":"closed","ping_status":"closed","template":"","meta":{"_acf_changed":false},"product_brand":[],"product_cat":[420],"product_tag":[],"class_list":{"0":"post-255341","1":"product","2":"type-product","3":"status-publish","4":"has-post-thumbnail","6":"product_cat-zubehor","7":"pa_marque-rizzoli-de","9":"first","10":"instock","11":"taxable","12":"shipping-taxable","13":"purchasable","14":"product-type-simple"},"acf":[],"_links":{"self":[{"href":"https:\/\/figuet-technique.ch\/de\/wp-json\/wp\/v2\/product\/255341","targetHints":{"allow":["GET"]}}],"collection":[{"href":"https:\/\/figuet-technique.ch\/de\/wp-json\/wp\/v2\/product"}],"about":[{"href":"https:\/\/figuet-technique.ch\/de\/wp-json\/wp\/v2\/types\/product"}],"replies":[{"embeddable":true,"href":"https:\/\/figuet-technique.ch\/de\/wp-json\/wp\/v2\/comments?post=255341"}],"wp:featuredmedia":[{"embeddable":true,"href":"https:\/\/figuet-technique.ch\/de\/wp-json\/wp\/v2\/media\/253536"}],"wp:attachment":[{"href":"https:\/\/figuet-technique.ch\/de\/wp-json\/wp\/v2\/media?parent=255341"}],"wp:term":[{"taxonomy":"product_brand","embeddable":true,"href":"https:\/\/figuet-technique.ch\/de\/wp-json\/wp\/v2\/product_brand?post=255341"},{"taxonomy":"product_cat","embeddable":true,"href":"https:\/\/figuet-technique.ch\/de\/wp-json\/wp\/v2\/product_cat?post=255341"},{"taxonomy":"product_tag","embeddable":true,"href":"https:\/\/figuet-technique.ch\/de\/wp-json\/wp\/v2\/product_tag?post=255341"}],"curies":[{"name":"wp","href":"https:\/\/api.w.org\/{rel}","templated":true}]}}