{"id":256582,"date":"2024-05-15T11:26:05","date_gmt":"2024-05-15T09:26:05","guid":{"rendered":"https:\/\/figuet-technique.ch\/?post_type=product&#038;p=256582"},"modified":"2024-05-15T11:36:32","modified_gmt":"2024-05-15T09:36:32","slug":"halo-air-copie","status":"publish","type":"product","link":"https:\/\/figuet-technique.ch\/de\/produit\/halo-air-copie\/","title":{"rendered":"HALO AIR (Copie)"},"content":{"rendered":"<p>Pelletofen MCZ HALO AIR, praktisch und einfach zu bedienen.<\/p>\n<p>Das Heizvolumen dieses Ofens betr\u00e4gt 231 m3, die T\u00fcr ist aus Gusseisen und die Verkleidung aus hochwertigem Metall.<\/p>\n<p>Der Pelletbeh\u00e4lter fasst 18 kg (oben) und 21 kg (hinten).<\/p>\n<p>Rauchabzug: hinten oder oben.<\/p>\n<p>Das Plus: eine Bel\u00fcftung, die \u00fcber die Maestro+ App ferngesteuert werden kann, aber auch \u00fcber das Bedienfeld des Ofens.<\/p>\n<p><a href=\"https:\/\/www.mcz.it\/fr\/produits\/poeles-a-granules\/halo\" rel=\"noopener\">Siehe das Produktblatt des Herstellers<\/a><\/p>\n","protected":false},"excerpt":{"rendered":"<p>Mit Bel\u00fcftung.<\/p>\n","protected":false},"featured_media":1961762,"comment_status":"closed","ping_status":"closed","template":"","meta":{"_acf_changed":false},"product_brand":[],"product_cat":[334],"product_tag":[],"class_list":{"0":"post-256582","1":"product","2":"type-product","3":"status-publish","4":"has-post-thumbnail","6":"product_cat-pelletofen","7":"pa_marque-mcz-de","9":"first","10":"instock","11":"taxable","12":"shipping-taxable","13":"purchasable","14":"product-type-variable"},"acf":[],"_links":{"self":[{"href":"https:\/\/figuet-technique.ch\/de\/wp-json\/wp\/v2\/product\/256582","targetHints":{"allow":["GET"]}}],"collection":[{"href":"https:\/\/figuet-technique.ch\/de\/wp-json\/wp\/v2\/product"}],"about":[{"href":"https:\/\/figuet-technique.ch\/de\/wp-json\/wp\/v2\/types\/product"}],"replies":[{"embeddable":true,"href":"https:\/\/figuet-technique.ch\/de\/wp-json\/wp\/v2\/comments?post=256582"}],"wp:featuredmedia":[{"embeddable":true,"href":"https:\/\/figuet-technique.ch\/de\/wp-json\/wp\/v2\/media\/1961762"}],"wp:attachment":[{"href":"https:\/\/figuet-technique.ch\/de\/wp-json\/wp\/v2\/media?parent=256582"}],"wp:term":[{"taxonomy":"product_brand","embeddable":true,"href":"https:\/\/figuet-technique.ch\/de\/wp-json\/wp\/v2\/product_brand?post=256582"},{"taxonomy":"product_cat","embeddable":true,"href":"https:\/\/figuet-technique.ch\/de\/wp-json\/wp\/v2\/product_cat?post=256582"},{"taxonomy":"product_tag","embeddable":true,"href":"https:\/\/figuet-technique.ch\/de\/wp-json\/wp\/v2\/product_tag?post=256582"}],"curies":[{"name":"wp","href":"https:\/\/api.w.org\/{rel}","templated":true}]}}