{"id":262925,"date":"2024-05-16T10:46:54","date_gmt":"2024-05-16T08:46:54","guid":{"rendered":"https:\/\/figuet-technique.ch\/?post_type=product&#038;p=262925"},"modified":"2024-05-16T10:53:44","modified_gmt":"2024-05-16T08:53:44","slug":"musa-comfort-air-matic-core-copie","status":"publish","type":"product","link":"https:\/\/figuet-technique.ch\/de\/produit\/musa-comfort-air-matic-core-copie\/","title":{"rendered":"MUSA COMFORT AIR MATIC CORE (Copie)"},"content":{"rendered":"<p>Pelletofen MCZ MUSA COMFORT AIR MATIC CORE, praktisch und einfach zu bedienen.<\/p>\n<p>Dieser Ofen ist kanalisierbar, so dass er einen zus\u00e4tzlichen Raum beheizen kann.<\/p>\n<p>Das Heizvolumen dieses Ofens betr\u00e4gt 343 m3 (12 kW) und 403 m2 (14 kW), die T\u00fcr ist aus Gusseisen und die Verkleidung aus Metall.<\/p>\n<p>Der Pelletbeh\u00e4lter fasst 26 kg.<\/p>\n<p>Rauchabzug: hinten<\/p>\n<p>Extras: Bel\u00fcftung, Air matic-Technologie (sehr wenig Asche) und CORE-Verbrennungstechnologie (hohe Effizienz und au\u00dfergew\u00f6hnliche Leistung).<\/p>\n<p><a href=\"https:\/\/www.mcz.it\/fr\/produits\/poeles-a-granules\/musa\" rel=\"noopener\">Siehe das Produktblatt des Herstellers<\/a><\/p>\n","protected":false},"excerpt":{"rendered":"<p>Kanalisierbar!<\/p>\n","protected":false},"featured_media":262542,"comment_status":"closed","ping_status":"closed","template":"","meta":{"_acf_changed":false},"product_brand":[],"product_cat":[334],"product_tag":[],"class_list":{"0":"post-262925","1":"product","2":"type-product","3":"status-publish","4":"has-post-thumbnail","6":"product_cat-pelletofen","7":"pa_marque-mcz-de","9":"first","10":"instock","11":"taxable","12":"shipping-taxable","13":"purchasable","14":"product-type-variable"},"acf":[],"_links":{"self":[{"href":"https:\/\/figuet-technique.ch\/de\/wp-json\/wp\/v2\/product\/262925","targetHints":{"allow":["GET"]}}],"collection":[{"href":"https:\/\/figuet-technique.ch\/de\/wp-json\/wp\/v2\/product"}],"about":[{"href":"https:\/\/figuet-technique.ch\/de\/wp-json\/wp\/v2\/types\/product"}],"replies":[{"embeddable":true,"href":"https:\/\/figuet-technique.ch\/de\/wp-json\/wp\/v2\/comments?post=262925"}],"wp:featuredmedia":[{"embeddable":true,"href":"https:\/\/figuet-technique.ch\/de\/wp-json\/wp\/v2\/media\/262542"}],"wp:attachment":[{"href":"https:\/\/figuet-technique.ch\/de\/wp-json\/wp\/v2\/media?parent=262925"}],"wp:term":[{"taxonomy":"product_brand","embeddable":true,"href":"https:\/\/figuet-technique.ch\/de\/wp-json\/wp\/v2\/product_brand?post=262925"},{"taxonomy":"product_cat","embeddable":true,"href":"https:\/\/figuet-technique.ch\/de\/wp-json\/wp\/v2\/product_cat?post=262925"},{"taxonomy":"product_tag","embeddable":true,"href":"https:\/\/figuet-technique.ch\/de\/wp-json\/wp\/v2\/product_tag?post=262925"}],"curies":[{"name":"wp","href":"https:\/\/api.w.org\/{rel}","templated":true}]}}