{"id":320579,"date":"2024-04-08T10:52:10","date_gmt":"2024-04-08T08:52:10","guid":{"rendered":"https:\/\/figuet-technique.ch\/produit\/ff17-typ-00\/"},"modified":"2024-04-08T10:52:10","modified_gmt":"2024-04-08T08:52:10","slug":"ff17-typ-00","status":"publish","type":"product","link":"https:\/\/figuet-technique.ch\/de\/produit\/ff17-typ-00\/","title":{"rendered":"FF17 Typ 00"},"content":{"rendered":"<p>Der Bullerjan FF17 Typ 00 ist ein effizientes Heizger\u00e4t. Langlebig, sicher und zuverl\u00e4ssig, optimale Leistung auch bei geringer Leistung.<\/p>\n<p>Es gibt eine Vielzahl von Varianten, Sockeln, Griffen und Verkleidungen, so dass Sie Ihr Gl\u00fcck finden k\u00f6nnen, um Ihren Wohnraum zu versch\u00f6nern.<\/p>\n<p>&nbsp;<\/p>\n","protected":false},"excerpt":{"rendered":"<p>200 Varianten!<\/p>\n","protected":false},"featured_media":253151,"comment_status":"closed","ping_status":"closed","template":"","meta":{"_acf_changed":false},"product_brand":[],"product_cat":[374],"product_tag":[],"class_list":{"0":"post-320579","1":"product","2":"type-product","3":"status-publish","4":"has-post-thumbnail","6":"product_cat-holzofen","7":"pa_marque-bullerjan-de","9":"first","10":"instock","11":"taxable","12":"shipping-taxable","13":"purchasable","14":"product-type-variable","15":"has-default-attributes"},"acf":[],"_links":{"self":[{"href":"https:\/\/figuet-technique.ch\/de\/wp-json\/wp\/v2\/product\/320579","targetHints":{"allow":["GET"]}}],"collection":[{"href":"https:\/\/figuet-technique.ch\/de\/wp-json\/wp\/v2\/product"}],"about":[{"href":"https:\/\/figuet-technique.ch\/de\/wp-json\/wp\/v2\/types\/product"}],"replies":[{"embeddable":true,"href":"https:\/\/figuet-technique.ch\/de\/wp-json\/wp\/v2\/comments?post=320579"}],"wp:featuredmedia":[{"embeddable":true,"href":"https:\/\/figuet-technique.ch\/de\/wp-json\/wp\/v2\/media\/253151"}],"wp:attachment":[{"href":"https:\/\/figuet-technique.ch\/de\/wp-json\/wp\/v2\/media?parent=320579"}],"wp:term":[{"taxonomy":"product_brand","embeddable":true,"href":"https:\/\/figuet-technique.ch\/de\/wp-json\/wp\/v2\/product_brand?post=320579"},{"taxonomy":"product_cat","embeddable":true,"href":"https:\/\/figuet-technique.ch\/de\/wp-json\/wp\/v2\/product_cat?post=320579"},{"taxonomy":"product_tag","embeddable":true,"href":"https:\/\/figuet-technique.ch\/de\/wp-json\/wp\/v2\/product_tag?post=320579"}],"curies":[{"name":"wp","href":"https:\/\/api.w.org\/{rel}","templated":true}]}}