{"id":351147,"date":"2024-04-10T07:29:53","date_gmt":"2024-04-10T05:29:53","guid":{"rendered":"https:\/\/figuet-technique.ch\/produit\/mcz-reflex-comfort-air-8-up\/"},"modified":"2024-04-10T07:29:53","modified_gmt":"2024-04-10T05:29:53","slug":"mcz-reflex-comfort-air-8-up","status":"publish","type":"product","link":"https:\/\/figuet-technique.ch\/de\/produit\/mcz-reflex-comfort-air-8-up\/","title":{"rendered":"MCZ REFLEX Comfort Air 8 UP!"},"content":{"rendered":"<p>Pelletofen MCZ REFLEX Comfort Air 8 UP! 7,8 kW, praktisch und einfach zu bedienen, kann er auch in einem anderen Raum bis zu 8 Metern eingesetzt werden.<\/p>\n<p>Das Heizvolumen dieses platzsparenden Ofens betr\u00e4gt 223 m3 und er verf\u00fcgt \u00fcber zwei Warmluftausl\u00e4sse.<\/p>\n<p>Der Pelletbeh\u00e4lter fasst 18 kg.<\/p>\n<p>Rauchabzug oben.<\/p>\n<p>Ein einziges St\u00fcck ist noch erh\u00e4ltlich, solange der Vorrat reicht.<\/p>\n","protected":false},"excerpt":{"rendered":"<p>Gebrauchter Kaminofen.<\/p>\n","protected":false},"featured_media":253422,"comment_status":"closed","ping_status":"closed","template":"","meta":{"_acf_changed":false},"product_brand":[],"product_cat":[428,334],"product_tag":[],"class_list":{"0":"post-351147","1":"product","2":"type-product","3":"status-publish","4":"has-post-thumbnail","6":"product_cat-gute-geschafte","7":"product_cat-pelletofen","8":"pa_marque-mcz-de","10":"first","11":"instock","12":"sale","13":"taxable","14":"shipping-taxable","15":"purchasable","16":"product-type-simple"},"acf":[],"_links":{"self":[{"href":"https:\/\/figuet-technique.ch\/de\/wp-json\/wp\/v2\/product\/351147","targetHints":{"allow":["GET"]}}],"collection":[{"href":"https:\/\/figuet-technique.ch\/de\/wp-json\/wp\/v2\/product"}],"about":[{"href":"https:\/\/figuet-technique.ch\/de\/wp-json\/wp\/v2\/types\/product"}],"replies":[{"embeddable":true,"href":"https:\/\/figuet-technique.ch\/de\/wp-json\/wp\/v2\/comments?post=351147"}],"wp:featuredmedia":[{"embeddable":true,"href":"https:\/\/figuet-technique.ch\/de\/wp-json\/wp\/v2\/media\/253422"}],"wp:attachment":[{"href":"https:\/\/figuet-technique.ch\/de\/wp-json\/wp\/v2\/media?parent=351147"}],"wp:term":[{"taxonomy":"product_brand","embeddable":true,"href":"https:\/\/figuet-technique.ch\/de\/wp-json\/wp\/v2\/product_brand?post=351147"},{"taxonomy":"product_cat","embeddable":true,"href":"https:\/\/figuet-technique.ch\/de\/wp-json\/wp\/v2\/product_cat?post=351147"},{"taxonomy":"product_tag","embeddable":true,"href":"https:\/\/figuet-technique.ch\/de\/wp-json\/wp\/v2\/product_tag?post=351147"}],"curies":[{"name":"wp","href":"https:\/\/api.w.org\/{rel}","templated":true}]}}