{"id":351191,"date":"2024-03-25T17:12:57","date_gmt":"2024-03-25T15:12:57","guid":{"rendered":"https:\/\/figuet-technique.ch\/produit\/jubilee-35\/"},"modified":"2024-03-25T17:12:57","modified_gmt":"2024-03-25T15:12:57","slug":"jubilee-35","status":"publish","type":"product","link":"https:\/\/figuet-technique.ch\/de\/produit\/jubilee-35\/","title":{"rendered":"JUBILEE 35"},"content":{"rendered":"<p>Der Holzofen Lotus JUBILEE 35 ist ideal f\u00fcr die Beheizung Ihres Hauses und verleiht Ihrem Zuhause einen Hauch von Design.<\/p>\n<p>Dieser Ofen hat eine Verkleidung aus Speckstein oder Indian Night Stein, der die W\u00e4rme w\u00e4hrend der Verbrennung speichert und sie nach dem Erl\u00f6schen des Feuers langsam in Ihrem Raum verteilt.<\/p>\n<p>Die automatische T\u00fcr ist mit zwei Magneten ausgestattet, die die T\u00fcr beim Schlie\u00dfen wieder in Position bringen.<\/p>\n","protected":false},"excerpt":{"rendered":"<p>Holzofen.<\/p>\n","protected":false},"featured_media":252985,"comment_status":"closed","ping_status":"closed","template":"","meta":{"_acf_changed":false},"product_brand":[],"product_cat":[374],"product_tag":[],"class_list":{"0":"post-351191","1":"product","2":"type-product","3":"status-publish","4":"has-post-thumbnail","6":"product_cat-holzofen","7":"pa_marque-lotus-de","9":"first","10":"instock","11":"taxable","12":"shipping-taxable","13":"purchasable","14":"product-type-variable"},"acf":[],"_links":{"self":[{"href":"https:\/\/figuet-technique.ch\/de\/wp-json\/wp\/v2\/product\/351191","targetHints":{"allow":["GET"]}}],"collection":[{"href":"https:\/\/figuet-technique.ch\/de\/wp-json\/wp\/v2\/product"}],"about":[{"href":"https:\/\/figuet-technique.ch\/de\/wp-json\/wp\/v2\/types\/product"}],"replies":[{"embeddable":true,"href":"https:\/\/figuet-technique.ch\/de\/wp-json\/wp\/v2\/comments?post=351191"}],"wp:featuredmedia":[{"embeddable":true,"href":"https:\/\/figuet-technique.ch\/de\/wp-json\/wp\/v2\/media\/252985"}],"wp:attachment":[{"href":"https:\/\/figuet-technique.ch\/de\/wp-json\/wp\/v2\/media?parent=351191"}],"wp:term":[{"taxonomy":"product_brand","embeddable":true,"href":"https:\/\/figuet-technique.ch\/de\/wp-json\/wp\/v2\/product_brand?post=351191"},{"taxonomy":"product_cat","embeddable":true,"href":"https:\/\/figuet-technique.ch\/de\/wp-json\/wp\/v2\/product_cat?post=351191"},{"taxonomy":"product_tag","embeddable":true,"href":"https:\/\/figuet-technique.ch\/de\/wp-json\/wp\/v2\/product_tag?post=351191"}],"curies":[{"name":"wp","href":"https:\/\/api.w.org\/{rel}","templated":true}]}}