{"id":351239,"date":"2024-03-22T10:59:35","date_gmt":"2024-03-22T08:59:35","guid":{"rendered":"https:\/\/figuet-technique.ch\/produit\/f-163\/"},"modified":"2024-03-22T10:59:35","modified_gmt":"2024-03-22T08:59:35","slug":"f-163","status":"publish","type":"product","link":"https:\/\/figuet-technique.ch\/de\/produit\/f-163\/","title":{"rendered":"F 163"},"content":{"rendered":"<p>Der Kaminofen Jotul F 163 zeichnet sich durch sein gutes Design aus. Dank des gro\u00dfen Feuerraums, der auf drei Seiten verglast ist, k\u00f6nnen Sie das Schauspiel der Flammen genie\u00dfen.<\/p>\n<p>F\u00fcr eine w\u00e4rmere Ausstrahlung w\u00e4hlen Sie den F 163 mit einer Platte aus Speckstein!<\/p>\n","protected":false},"excerpt":{"rendered":"<p>Dreiseitig verglast!<\/p>\n","protected":false},"featured_media":252857,"comment_status":"closed","ping_status":"closed","template":"","meta":{"_acf_changed":false},"product_brand":[],"product_cat":[374],"product_tag":[],"class_list":{"0":"post-351239","1":"product","2":"type-product","3":"status-publish","4":"has-post-thumbnail","6":"product_cat-holzofen","7":"pa_marque-jotul-de","9":"first","10":"instock","11":"taxable","12":"shipping-taxable","13":"purchasable","14":"product-type-variable"},"acf":[],"_links":{"self":[{"href":"https:\/\/figuet-technique.ch\/de\/wp-json\/wp\/v2\/product\/351239","targetHints":{"allow":["GET"]}}],"collection":[{"href":"https:\/\/figuet-technique.ch\/de\/wp-json\/wp\/v2\/product"}],"about":[{"href":"https:\/\/figuet-technique.ch\/de\/wp-json\/wp\/v2\/types\/product"}],"replies":[{"embeddable":true,"href":"https:\/\/figuet-technique.ch\/de\/wp-json\/wp\/v2\/comments?post=351239"}],"wp:featuredmedia":[{"embeddable":true,"href":"https:\/\/figuet-technique.ch\/de\/wp-json\/wp\/v2\/media\/252857"}],"wp:attachment":[{"href":"https:\/\/figuet-technique.ch\/de\/wp-json\/wp\/v2\/media?parent=351239"}],"wp:term":[{"taxonomy":"product_brand","embeddable":true,"href":"https:\/\/figuet-technique.ch\/de\/wp-json\/wp\/v2\/product_brand?post=351239"},{"taxonomy":"product_cat","embeddable":true,"href":"https:\/\/figuet-technique.ch\/de\/wp-json\/wp\/v2\/product_cat?post=351239"},{"taxonomy":"product_tag","embeddable":true,"href":"https:\/\/figuet-technique.ch\/de\/wp-json\/wp\/v2\/product_tag?post=351239"}],"curies":[{"name":"wp","href":"https:\/\/api.w.org\/{rel}","templated":true}]}}