{"id":351244,"date":"2024-03-25T11:24:34","date_gmt":"2024-03-25T09:24:34","guid":{"rendered":"https:\/\/figuet-technique.ch\/produit\/f-305-r-b\/"},"modified":"2024-03-25T11:24:34","modified_gmt":"2024-03-25T09:24:34","slug":"f-305-r-b","status":"publish","type":"product","link":"https:\/\/figuet-technique.ch\/de\/produit\/f-305-r-b\/","title":{"rendered":"F 305 R B"},"content":{"rendered":"<p>Der Holzofen Jotul F 305 R B wird Sie mit seinem einzigartigen und warmen Aussehen begeistern.<\/p>\n<p>Genie\u00dfen Sie einen herrlichen Blick auf die Flammen durch die gro\u00dfe horizontale Glast\u00fcr.<\/p>\n<p>Praktische Holzablage unter dem Feuerraum.<\/p>\n<p>Heizkapazit\u00e4t bis zu 250 m3.<\/p>\n<p>Specksteinplatte als Option <strong>chf 710.- ttc <\/strong>(Bild nicht verf\u00fcgbar)<\/p>\n","protected":false},"excerpt":{"rendered":"<p>Gusseiserner Holzofen!<\/p>\n","protected":false},"featured_media":252901,"comment_status":"closed","ping_status":"closed","template":"","meta":{"_acf_changed":false},"product_brand":[],"product_cat":[374],"product_tag":[],"class_list":{"0":"post-351244","1":"product","2":"type-product","3":"status-publish","4":"has-post-thumbnail","6":"product_cat-holzofen","7":"pa_marque-jotul-de","9":"first","10":"instock","11":"taxable","12":"shipping-taxable","13":"purchasable","14":"product-type-simple"},"acf":[],"_links":{"self":[{"href":"https:\/\/figuet-technique.ch\/de\/wp-json\/wp\/v2\/product\/351244","targetHints":{"allow":["GET"]}}],"collection":[{"href":"https:\/\/figuet-technique.ch\/de\/wp-json\/wp\/v2\/product"}],"about":[{"href":"https:\/\/figuet-technique.ch\/de\/wp-json\/wp\/v2\/types\/product"}],"replies":[{"embeddable":true,"href":"https:\/\/figuet-technique.ch\/de\/wp-json\/wp\/v2\/comments?post=351244"}],"wp:featuredmedia":[{"embeddable":true,"href":"https:\/\/figuet-technique.ch\/de\/wp-json\/wp\/v2\/media\/252901"}],"wp:attachment":[{"href":"https:\/\/figuet-technique.ch\/de\/wp-json\/wp\/v2\/media?parent=351244"}],"wp:term":[{"taxonomy":"product_brand","embeddable":true,"href":"https:\/\/figuet-technique.ch\/de\/wp-json\/wp\/v2\/product_brand?post=351244"},{"taxonomy":"product_cat","embeddable":true,"href":"https:\/\/figuet-technique.ch\/de\/wp-json\/wp\/v2\/product_cat?post=351244"},{"taxonomy":"product_tag","embeddable":true,"href":"https:\/\/figuet-technique.ch\/de\/wp-json\/wp\/v2\/product_tag?post=351244"}],"curies":[{"name":"wp","href":"https:\/\/api.w.org\/{rel}","templated":true}]}}