{"id":351250,"date":"2024-03-25T11:53:17","date_gmt":"2024-03-25T09:53:17","guid":{"rendered":"https:\/\/figuet-technique.ch\/produit\/f-200\/"},"modified":"2024-03-25T11:53:17","modified_gmt":"2024-03-25T09:53:17","slug":"f-200","status":"publish","type":"product","link":"https:\/\/figuet-technique.ch\/de\/produit\/f-200\/","title":{"rendered":"F 200"},"content":{"rendered":"<p>Der gusseiserne Holzofen Jotul F 200 hat einen ghotischen Look mit B\u00f6gen, die die Flammen einrahmen.<\/p>\n<p>Lassen Sie sich von seiner modernen Ausstrahlung verf\u00fchren, die die Codes der klassischen Jotul-Holz\u00f6fen aufgreift.<\/p>\n<p>W\u00e4hlen Sie die optionalen kurzen Beine f\u00fcr einen g\u00fcnstigeren Look<strong> chf 118.5 ttc<\/strong> (kein Bild verf\u00fcgbar)<\/p>\n","protected":false},"excerpt":{"rendered":"<p>Gusseiserner Holzofen!<\/p>\n","protected":false},"featured_media":252909,"comment_status":"closed","ping_status":"closed","template":"","meta":{"_acf_changed":false},"product_brand":[],"product_cat":[374],"product_tag":[],"class_list":{"0":"post-351250","1":"product","2":"type-product","3":"status-publish","4":"has-post-thumbnail","6":"product_cat-holzofen","7":"pa_marque-jotul-de","9":"first","10":"instock","11":"taxable","12":"shipping-taxable","13":"purchasable","14":"product-type-simple"},"acf":[],"_links":{"self":[{"href":"https:\/\/figuet-technique.ch\/de\/wp-json\/wp\/v2\/product\/351250","targetHints":{"allow":["GET"]}}],"collection":[{"href":"https:\/\/figuet-technique.ch\/de\/wp-json\/wp\/v2\/product"}],"about":[{"href":"https:\/\/figuet-technique.ch\/de\/wp-json\/wp\/v2\/types\/product"}],"replies":[{"embeddable":true,"href":"https:\/\/figuet-technique.ch\/de\/wp-json\/wp\/v2\/comments?post=351250"}],"wp:featuredmedia":[{"embeddable":true,"href":"https:\/\/figuet-technique.ch\/de\/wp-json\/wp\/v2\/media\/252909"}],"wp:attachment":[{"href":"https:\/\/figuet-technique.ch\/de\/wp-json\/wp\/v2\/media?parent=351250"}],"wp:term":[{"taxonomy":"product_brand","embeddable":true,"href":"https:\/\/figuet-technique.ch\/de\/wp-json\/wp\/v2\/product_brand?post=351250"},{"taxonomy":"product_cat","embeddable":true,"href":"https:\/\/figuet-technique.ch\/de\/wp-json\/wp\/v2\/product_cat?post=351250"},{"taxonomy":"product_tag","embeddable":true,"href":"https:\/\/figuet-technique.ch\/de\/wp-json\/wp\/v2\/product_tag?post=351250"}],"curies":[{"name":"wp","href":"https:\/\/api.w.org\/{rel}","templated":true}]}}