{"id":351264,"date":"2024-03-25T10:59:51","date_gmt":"2024-03-25T08:59:51","guid":{"rendered":"https:\/\/figuet-technique.ch\/produit\/f-305-r-ll\/"},"modified":"2024-03-25T10:59:51","modified_gmt":"2024-03-25T08:59:51","slug":"f-305-r-ll","status":"publish","type":"product","link":"https:\/\/figuet-technique.ch\/de\/produit\/f-305-r-ll\/","title":{"rendered":"F 305 R LL"},"content":{"rendered":"<p>Der Holzofen Jotul F 305 R LL wird Sie mit seinem kleinen Format und seinem einzigartigen Aussehen begeistern.<\/p>\n<p>Genie\u00dfen Sie das Spiel der Flammen mit der gro\u00dfen horizontalen Glast\u00fcr.<\/p>\n<p>Dieser Ofen bietet auch bei niedriger Leistung einen optimalen Wirkungsgrad.<\/p>\n<p>Specksteinplatte als Option.<\/p>\n<p>Heizkapazit\u00e4t bis zu 250 m3.<\/p>\n","protected":false},"excerpt":{"rendered":"<p>Gusseiserner Holzofen!<\/p>\n","protected":false},"featured_media":252885,"comment_status":"closed","ping_status":"closed","template":"","meta":{"_acf_changed":false},"product_brand":[],"product_cat":[374],"product_tag":[],"class_list":{"0":"post-351264","1":"product","2":"type-product","3":"status-publish","4":"has-post-thumbnail","6":"product_cat-holzofen","7":"pa_marque-jotul-de","9":"first","10":"instock","11":"taxable","12":"shipping-taxable","13":"purchasable","14":"product-type-variable"},"acf":[],"_links":{"self":[{"href":"https:\/\/figuet-technique.ch\/de\/wp-json\/wp\/v2\/product\/351264","targetHints":{"allow":["GET"]}}],"collection":[{"href":"https:\/\/figuet-technique.ch\/de\/wp-json\/wp\/v2\/product"}],"about":[{"href":"https:\/\/figuet-technique.ch\/de\/wp-json\/wp\/v2\/types\/product"}],"replies":[{"embeddable":true,"href":"https:\/\/figuet-technique.ch\/de\/wp-json\/wp\/v2\/comments?post=351264"}],"wp:featuredmedia":[{"embeddable":true,"href":"https:\/\/figuet-technique.ch\/de\/wp-json\/wp\/v2\/media\/252885"}],"wp:attachment":[{"href":"https:\/\/figuet-technique.ch\/de\/wp-json\/wp\/v2\/media?parent=351264"}],"wp:term":[{"taxonomy":"product_brand","embeddable":true,"href":"https:\/\/figuet-technique.ch\/de\/wp-json\/wp\/v2\/product_brand?post=351264"},{"taxonomy":"product_cat","embeddable":true,"href":"https:\/\/figuet-technique.ch\/de\/wp-json\/wp\/v2\/product_cat?post=351264"},{"taxonomy":"product_tag","embeddable":true,"href":"https:\/\/figuet-technique.ch\/de\/wp-json\/wp\/v2\/product_tag?post=351264"}],"curies":[{"name":"wp","href":"https:\/\/api.w.org\/{rel}","templated":true}]}}