{"id":351319,"date":"2024-03-22T10:13:27","date_gmt":"2024-03-22T08:13:27","guid":{"rendered":"https:\/\/figuet-technique.ch\/produit\/f-165\/"},"modified":"2024-03-22T10:13:27","modified_gmt":"2024-03-22T08:13:27","slug":"f-165","status":"publish","type":"product","link":"https:\/\/figuet-technique.ch\/de\/produit\/f-165\/","title":{"rendered":"F 165"},"content":{"rendered":"<p>Der Holzofen Jotul F 165 ist praktisch und verf\u00fcgt \u00fcber einen Lagerraum. Dank des gro\u00dfen Feuerraums k\u00f6nnen Sie das Schauspiel der Flammen genie\u00dfen.<\/p>\n<p>Drei Glasfl\u00e4chen f\u00fcr eine bessere Sicht auf die Flammen<\/p>\n","protected":false},"excerpt":{"rendered":"<p>Gusseiserner Holzofen!<\/p>\n","protected":false},"featured_media":253742,"comment_status":"closed","ping_status":"closed","template":"","meta":{"_acf_changed":false},"product_brand":[],"product_cat":[374],"product_tag":[],"class_list":{"0":"post-351319","1":"product","2":"type-product","3":"status-publish","4":"has-post-thumbnail","6":"product_cat-holzofen","7":"pa_marque-jotul-de","9":"first","10":"instock","11":"taxable","12":"shipping-taxable","13":"purchasable","14":"product-type-simple"},"acf":[],"_links":{"self":[{"href":"https:\/\/figuet-technique.ch\/de\/wp-json\/wp\/v2\/product\/351319","targetHints":{"allow":["GET"]}}],"collection":[{"href":"https:\/\/figuet-technique.ch\/de\/wp-json\/wp\/v2\/product"}],"about":[{"href":"https:\/\/figuet-technique.ch\/de\/wp-json\/wp\/v2\/types\/product"}],"replies":[{"embeddable":true,"href":"https:\/\/figuet-technique.ch\/de\/wp-json\/wp\/v2\/comments?post=351319"}],"wp:featuredmedia":[{"embeddable":true,"href":"https:\/\/figuet-technique.ch\/de\/wp-json\/wp\/v2\/media\/253742"}],"wp:attachment":[{"href":"https:\/\/figuet-technique.ch\/de\/wp-json\/wp\/v2\/media?parent=351319"}],"wp:term":[{"taxonomy":"product_brand","embeddable":true,"href":"https:\/\/figuet-technique.ch\/de\/wp-json\/wp\/v2\/product_brand?post=351319"},{"taxonomy":"product_cat","embeddable":true,"href":"https:\/\/figuet-technique.ch\/de\/wp-json\/wp\/v2\/product_cat?post=351319"},{"taxonomy":"product_tag","embeddable":true,"href":"https:\/\/figuet-technique.ch\/de\/wp-json\/wp\/v2\/product_tag?post=351319"}],"curies":[{"name":"wp","href":"https:\/\/api.w.org\/{rel}","templated":true}]}}