{"id":351324,"date":"2024-03-22T09:28:19","date_gmt":"2024-03-22T07:28:19","guid":{"rendered":"https:\/\/figuet-technique.ch\/produit\/f-368-advance-high-top\/"},"modified":"2024-03-22T09:28:19","modified_gmt":"2024-03-22T07:28:19","slug":"f-368-advance-high-top","status":"publish","type":"product","link":"https:\/\/figuet-technique.ch\/de\/produit\/f-368-advance-high-top\/","title":{"rendered":"F 368 ADVANCE HIGH TOP"},"content":{"rendered":"<p>Der Holzofen Jotul F 368 ADVANCE HIGH TOP, eine gro\u00dfe Glast\u00fcr, um die Flammen zu bewundern und ein Holzlager unter dem Feuerraum f\u00fcr mehr Zweckm\u00e4\u00dfigkeit.<\/p>\n<p>Dieses langlebige und hochtemperaturbest\u00e4ndige Material ist ideal, um die W\u00e4rme Ihres Kaminofens jahrzehntelang zu genie\u00dfen.<\/p>\n<p>Die W\u00e4rme wird mit dem optionalen W\u00e4rmespeicherkit verl\u00e4ngert.<\/p>\n","protected":false},"excerpt":{"rendered":"<p>Zwei Varianten!<\/p>\n","protected":false},"featured_media":252801,"comment_status":"closed","ping_status":"closed","template":"","meta":{"_acf_changed":false},"product_brand":[],"product_cat":[374],"product_tag":[],"class_list":{"0":"post-351324","1":"product","2":"type-product","3":"status-publish","4":"has-post-thumbnail","6":"product_cat-holzofen","7":"pa_marque-jotul-de","9":"first","10":"instock","11":"taxable","12":"shipping-taxable","13":"purchasable","14":"product-type-variable","15":"has-default-attributes"},"acf":[],"_links":{"self":[{"href":"https:\/\/figuet-technique.ch\/de\/wp-json\/wp\/v2\/product\/351324","targetHints":{"allow":["GET"]}}],"collection":[{"href":"https:\/\/figuet-technique.ch\/de\/wp-json\/wp\/v2\/product"}],"about":[{"href":"https:\/\/figuet-technique.ch\/de\/wp-json\/wp\/v2\/types\/product"}],"replies":[{"embeddable":true,"href":"https:\/\/figuet-technique.ch\/de\/wp-json\/wp\/v2\/comments?post=351324"}],"wp:featuredmedia":[{"embeddable":true,"href":"https:\/\/figuet-technique.ch\/de\/wp-json\/wp\/v2\/media\/252801"}],"wp:attachment":[{"href":"https:\/\/figuet-technique.ch\/de\/wp-json\/wp\/v2\/media?parent=351324"}],"wp:term":[{"taxonomy":"product_brand","embeddable":true,"href":"https:\/\/figuet-technique.ch\/de\/wp-json\/wp\/v2\/product_brand?post=351324"},{"taxonomy":"product_cat","embeddable":true,"href":"https:\/\/figuet-technique.ch\/de\/wp-json\/wp\/v2\/product_cat?post=351324"},{"taxonomy":"product_tag","embeddable":true,"href":"https:\/\/figuet-technique.ch\/de\/wp-json\/wp\/v2\/product_tag?post=351324"}],"curies":[{"name":"wp","href":"https:\/\/api.w.org\/{rel}","templated":true}]}}