{"id":351332,"date":"2024-03-21T17:35:58","date_gmt":"2024-03-21T15:35:58","guid":{"rendered":"https:\/\/figuet-technique.ch\/produit\/f-371-advance\/"},"modified":"2024-03-21T17:35:58","modified_gmt":"2024-03-21T15:35:58","slug":"f-371-advance","status":"publish","type":"product","link":"https:\/\/figuet-technique.ch\/de\/produit\/f-371-advance\/","title":{"rendered":"F 371 ADVANCE"},"content":{"rendered":"<p>Der Kaminofen Jotul F 371 ADVANCE ist praktisch und verf\u00fcgt \u00fcber einen Lagerraum. Dank des gro\u00dfen Feuerraums k\u00f6nnen Sie das Schauspiel der Flammen genie\u00dfen.<\/p>\n<p>Drei Glasfl\u00e4chen f\u00fcr eine bessere Sicht auf die Flammen<\/p>\n","protected":false},"excerpt":{"rendered":"<p>Mit Holzlagerplatz!<\/p>\n","protected":false},"featured_media":252783,"comment_status":"closed","ping_status":"closed","template":"","meta":{"_acf_changed":false},"product_brand":[],"product_cat":[374],"product_tag":[],"class_list":{"0":"post-351332","1":"product","2":"type-product","3":"status-publish","4":"has-post-thumbnail","6":"product_cat-holzofen","7":"pa_marque-jotul-de","9":"first","10":"instock","11":"taxable","12":"shipping-taxable","13":"purchasable","14":"product-type-simple"},"acf":[],"_links":{"self":[{"href":"https:\/\/figuet-technique.ch\/de\/wp-json\/wp\/v2\/product\/351332","targetHints":{"allow":["GET"]}}],"collection":[{"href":"https:\/\/figuet-technique.ch\/de\/wp-json\/wp\/v2\/product"}],"about":[{"href":"https:\/\/figuet-technique.ch\/de\/wp-json\/wp\/v2\/types\/product"}],"replies":[{"embeddable":true,"href":"https:\/\/figuet-technique.ch\/de\/wp-json\/wp\/v2\/comments?post=351332"}],"wp:featuredmedia":[{"embeddable":true,"href":"https:\/\/figuet-technique.ch\/de\/wp-json\/wp\/v2\/media\/252783"}],"wp:attachment":[{"href":"https:\/\/figuet-technique.ch\/de\/wp-json\/wp\/v2\/media?parent=351332"}],"wp:term":[{"taxonomy":"product_brand","embeddable":true,"href":"https:\/\/figuet-technique.ch\/de\/wp-json\/wp\/v2\/product_brand?post=351332"},{"taxonomy":"product_cat","embeddable":true,"href":"https:\/\/figuet-technique.ch\/de\/wp-json\/wp\/v2\/product_cat?post=351332"},{"taxonomy":"product_tag","embeddable":true,"href":"https:\/\/figuet-technique.ch\/de\/wp-json\/wp\/v2\/product_tag?post=351332"}],"curies":[{"name":"wp","href":"https:\/\/api.w.org\/{rel}","templated":true}]}}