{"id":351342,"date":"2024-03-22T09:12:53","date_gmt":"2024-03-22T07:12:53","guid":{"rendered":"https:\/\/figuet-technique.ch\/produit\/f-368-advance\/"},"modified":"2024-03-22T09:12:53","modified_gmt":"2024-03-22T07:12:53","slug":"f-368-advance","status":"publish","type":"product","link":"https:\/\/figuet-technique.ch\/de\/produit\/f-368-advance\/","title":{"rendered":"F 368 ADVANCE"},"content":{"rendered":"<p>Der Kaminofen Jotul F 368 ADVANCE ist praktisch und verf\u00fcgt \u00fcber einen Lagerraum. Dank der gro\u00dfen Glast\u00fcr k\u00f6nnen Sie das Schauspiel der Flammen genie\u00dfen.<\/p>\n<p>Auch mit Aufsatz und Speicherblock erh\u00e4ltlich (F 368 HIGH TOP).<\/p>\n","protected":false},"excerpt":{"rendered":"<p>Holzofen<\/p>\n","protected":false},"featured_media":252797,"comment_status":"closed","ping_status":"closed","template":"","meta":{"_acf_changed":false},"product_brand":[],"product_cat":[374],"product_tag":[],"class_list":{"0":"post-351342","1":"product","2":"type-product","3":"status-publish","4":"has-post-thumbnail","6":"product_cat-holzofen","7":"pa_marque-jotul-de","9":"first","10":"instock","11":"taxable","12":"shipping-taxable","13":"purchasable","14":"product-type-simple"},"acf":[],"_links":{"self":[{"href":"https:\/\/figuet-technique.ch\/de\/wp-json\/wp\/v2\/product\/351342","targetHints":{"allow":["GET"]}}],"collection":[{"href":"https:\/\/figuet-technique.ch\/de\/wp-json\/wp\/v2\/product"}],"about":[{"href":"https:\/\/figuet-technique.ch\/de\/wp-json\/wp\/v2\/types\/product"}],"replies":[{"embeddable":true,"href":"https:\/\/figuet-technique.ch\/de\/wp-json\/wp\/v2\/comments?post=351342"}],"wp:featuredmedia":[{"embeddable":true,"href":"https:\/\/figuet-technique.ch\/de\/wp-json\/wp\/v2\/media\/252797"}],"wp:attachment":[{"href":"https:\/\/figuet-technique.ch\/de\/wp-json\/wp\/v2\/media?parent=351342"}],"wp:term":[{"taxonomy":"product_brand","embeddable":true,"href":"https:\/\/figuet-technique.ch\/de\/wp-json\/wp\/v2\/product_brand?post=351342"},{"taxonomy":"product_cat","embeddable":true,"href":"https:\/\/figuet-technique.ch\/de\/wp-json\/wp\/v2\/product_cat?post=351342"},{"taxonomy":"product_tag","embeddable":true,"href":"https:\/\/figuet-technique.ch\/de\/wp-json\/wp\/v2\/product_tag?post=351342"}],"curies":[{"name":"wp","href":"https:\/\/api.w.org\/{rel}","templated":true}]}}