{"id":351351,"date":"2024-03-22T09:37:53","date_gmt":"2024-03-22T07:37:53","guid":{"rendered":"https:\/\/figuet-technique.ch\/produit\/f-363-advance\/"},"modified":"2024-03-22T09:37:53","modified_gmt":"2024-03-22T07:37:53","slug":"f-363-advance","status":"publish","type":"product","link":"https:\/\/figuet-technique.ch\/de\/produit\/f-363-advance\/","title":{"rendered":"F 363 ADVANCE"},"content":{"rendered":"<p>Der Kaminofen Jotul F 363 ADVANCE sticht mit seinem Fu\u00dfgestell hervor. Dank des gro\u00dfen Feuerraums k\u00f6nnen Sie das Schauspiel der Flammen genie\u00dfen.<\/p>\n<p>Heizkapazit\u00e4t bis zu 250 m3.<\/p>\n","protected":false},"excerpt":{"rendered":"<p>Version Podest!<\/p>\n","protected":false},"featured_media":252805,"comment_status":"closed","ping_status":"closed","template":"","meta":{"_acf_changed":false},"product_brand":[],"product_cat":[374],"product_tag":[],"class_list":{"0":"post-351351","1":"product","2":"type-product","3":"status-publish","4":"has-post-thumbnail","6":"product_cat-holzofen","7":"pa_marque-jotul-de","9":"first","10":"instock","11":"taxable","12":"shipping-taxable","13":"purchasable","14":"product-type-simple"},"acf":[],"_links":{"self":[{"href":"https:\/\/figuet-technique.ch\/de\/wp-json\/wp\/v2\/product\/351351","targetHints":{"allow":["GET"]}}],"collection":[{"href":"https:\/\/figuet-technique.ch\/de\/wp-json\/wp\/v2\/product"}],"about":[{"href":"https:\/\/figuet-technique.ch\/de\/wp-json\/wp\/v2\/types\/product"}],"replies":[{"embeddable":true,"href":"https:\/\/figuet-technique.ch\/de\/wp-json\/wp\/v2\/comments?post=351351"}],"wp:featuredmedia":[{"embeddable":true,"href":"https:\/\/figuet-technique.ch\/de\/wp-json\/wp\/v2\/media\/252805"}],"wp:attachment":[{"href":"https:\/\/figuet-technique.ch\/de\/wp-json\/wp\/v2\/media?parent=351351"}],"wp:term":[{"taxonomy":"product_brand","embeddable":true,"href":"https:\/\/figuet-technique.ch\/de\/wp-json\/wp\/v2\/product_brand?post=351351"},{"taxonomy":"product_cat","embeddable":true,"href":"https:\/\/figuet-technique.ch\/de\/wp-json\/wp\/v2\/product_cat?post=351351"},{"taxonomy":"product_tag","embeddable":true,"href":"https:\/\/figuet-technique.ch\/de\/wp-json\/wp\/v2\/product_tag?post=351351"}],"curies":[{"name":"wp","href":"https:\/\/api.w.org\/{rel}","templated":true}]}}