{"id":351524,"date":"2024-03-19T15:34:14","date_gmt":"2024-03-19T13:34:14","guid":{"rendered":"https:\/\/figuet-technique.ch\/produit\/fs-166\/"},"modified":"2024-03-19T15:34:14","modified_gmt":"2024-03-19T13:34:14","slug":"fs-166","status":"publish","type":"product","link":"https:\/\/figuet-technique.ch\/de\/produit\/fs-166\/","title":{"rendered":"FS 166"},"content":{"rendered":"<p>Der Holzofen Jotul FS 166 ist ein sch\u00f6ner Kaminofen, der gro\u00dfe R\u00e4ume beheizen kann.<\/p>\n<p>Er bietet alle Vorteile der Kombination von Speckstein und Gusseisen mit einer Heizung durch Strahlung und nicht durch Konvektion.<\/p>\n<p>Speckstein speichert die vom Kamin abgegebene W\u00e4rme und verteilt sie nach dem Erl\u00f6schen der Flammen langsam in Ihrem Raum.<\/p>\n<p>Mit dem optionalen W\u00e4rmespeicherblock k\u00f6nnen Sie die Effizienz noch weiter steigern.<\/p>\n<p>Der Kamin ist mit dem TD-System ausgestattet, das die Scheibe sauber h\u00e4lt.<\/p>\n","protected":false},"excerpt":{"rendered":"<p>Holzofen Speckstein<\/p>\n","protected":false},"featured_media":252649,"comment_status":"closed","ping_status":"closed","template":"","meta":{"_acf_changed":false},"product_brand":[],"product_cat":[374],"product_tag":[],"class_list":{"0":"post-351524","1":"product","2":"type-product","3":"status-publish","4":"has-post-thumbnail","6":"product_cat-holzofen","8":"first","9":"instock","10":"taxable","11":"shipping-taxable","12":"purchasable","13":"product-type-variable","14":"has-default-attributes"},"acf":[],"_links":{"self":[{"href":"https:\/\/figuet-technique.ch\/de\/wp-json\/wp\/v2\/product\/351524","targetHints":{"allow":["GET"]}}],"collection":[{"href":"https:\/\/figuet-technique.ch\/de\/wp-json\/wp\/v2\/product"}],"about":[{"href":"https:\/\/figuet-technique.ch\/de\/wp-json\/wp\/v2\/types\/product"}],"replies":[{"embeddable":true,"href":"https:\/\/figuet-technique.ch\/de\/wp-json\/wp\/v2\/comments?post=351524"}],"wp:featuredmedia":[{"embeddable":true,"href":"https:\/\/figuet-technique.ch\/de\/wp-json\/wp\/v2\/media\/252649"}],"wp:attachment":[{"href":"https:\/\/figuet-technique.ch\/de\/wp-json\/wp\/v2\/media?parent=351524"}],"wp:term":[{"taxonomy":"product_brand","embeddable":true,"href":"https:\/\/figuet-technique.ch\/de\/wp-json\/wp\/v2\/product_brand?post=351524"},{"taxonomy":"product_cat","embeddable":true,"href":"https:\/\/figuet-technique.ch\/de\/wp-json\/wp\/v2\/product_cat?post=351524"},{"taxonomy":"product_tag","embeddable":true,"href":"https:\/\/figuet-technique.ch\/de\/wp-json\/wp\/v2\/product_tag?post=351524"}],"curies":[{"name":"wp","href":"https:\/\/api.w.org\/{rel}","templated":true}]}}