{"id":351580,"date":"2024-03-19T14:50:11","date_gmt":"2024-03-19T12:50:11","guid":{"rendered":"https:\/\/figuet-technique.ch\/produit\/fs-173\/"},"modified":"2024-03-19T14:50:11","modified_gmt":"2024-03-19T12:50:11","slug":"fs-173","status":"publish","type":"product","link":"https:\/\/figuet-technique.ch\/de\/produit\/fs-173\/","title":{"rendered":"FS 173"},"content":{"rendered":"<p>Genie\u00dfen Sie mit dem Holzofen Jotul Fs 173 eine 180\u00b0-Sicht auf das Feuer, seine Specksteinverkleidung h\u00e4lt die W\u00e4rme l\u00e4nger!<\/p>\n<p>Mit dem optionalen Speicherblock k\u00f6nnen Sie die Effizienz des Ger\u00e4ts noch weiter steigern.<\/p>\n","protected":false},"excerpt":{"rendered":"<p>Speckstein<\/p>\n","protected":false},"featured_media":252645,"comment_status":"closed","ping_status":"closed","template":"","meta":{"_acf_changed":false},"product_brand":[],"product_cat":[374],"product_tag":[],"class_list":{"0":"post-351580","1":"product","2":"type-product","3":"status-publish","4":"has-post-thumbnail","6":"product_cat-holzofen","7":"pa_marque-jotul-de","9":"first","10":"instock","11":"taxable","12":"shipping-taxable","13":"purchasable","14":"product-type-variable","15":"has-default-attributes"},"acf":[],"_links":{"self":[{"href":"https:\/\/figuet-technique.ch\/de\/wp-json\/wp\/v2\/product\/351580","targetHints":{"allow":["GET"]}}],"collection":[{"href":"https:\/\/figuet-technique.ch\/de\/wp-json\/wp\/v2\/product"}],"about":[{"href":"https:\/\/figuet-technique.ch\/de\/wp-json\/wp\/v2\/types\/product"}],"replies":[{"embeddable":true,"href":"https:\/\/figuet-technique.ch\/de\/wp-json\/wp\/v2\/comments?post=351580"}],"wp:featuredmedia":[{"embeddable":true,"href":"https:\/\/figuet-technique.ch\/de\/wp-json\/wp\/v2\/media\/252645"}],"wp:attachment":[{"href":"https:\/\/figuet-technique.ch\/de\/wp-json\/wp\/v2\/media?parent=351580"}],"wp:term":[{"taxonomy":"product_brand","embeddable":true,"href":"https:\/\/figuet-technique.ch\/de\/wp-json\/wp\/v2\/product_brand?post=351580"},{"taxonomy":"product_cat","embeddable":true,"href":"https:\/\/figuet-technique.ch\/de\/wp-json\/wp\/v2\/product_cat?post=351580"},{"taxonomy":"product_tag","embeddable":true,"href":"https:\/\/figuet-technique.ch\/de\/wp-json\/wp\/v2\/product_tag?post=351580"}],"curies":[{"name":"wp","href":"https:\/\/api.w.org\/{rel}","templated":true}]}}