{"id":351582,"date":"2024-03-15T12:14:30","date_gmt":"2024-03-15T10:14:30","guid":{"rendered":"https:\/\/figuet-technique.ch\/produit\/sack-mit-pellets-cogra-15-kg\/"},"modified":"2024-03-15T12:14:30","modified_gmt":"2024-03-15T10:14:30","slug":"sack-mit-pellets-cogra-15-kg","status":"publish","type":"product","link":"https:\/\/figuet-technique.ch\/de\/produit\/sack-mit-pellets-cogra-15-kg\/","title":{"rendered":"Sack mit Pellets COGRA 15 Kg"},"content":{"rendered":"<p>Pelletsack der Marke Cogra.<\/p>\n<p>Din+ zertifizierte Pellets<\/p>\n<p>Das S\u00e4gemehl aus 100 % Nadelholz wird getrocknet und gemahlen, um die Korngr\u00f6\u00dfe zu verfeinern, und dann zu kleinen Zylindern mit hoher Dichte gepresst.<\/p>\n","protected":false},"excerpt":{"rendered":"<p>Preis ab Lager!<\/p>\n","protected":false},"featured_media":252381,"comment_status":"closed","ping_status":"closed","template":"","meta":{"_acf_changed":false},"product_brand":[],"product_cat":[],"product_tag":[],"class_list":{"0":"post-351582","1":"product","2":"type-product","3":"status-publish","4":"has-post-thumbnail","6":"pa_marque-cogra-de","8":"first","9":"outofstock","10":"taxable","11":"shipping-taxable","12":"purchasable","13":"product-type-simple"},"acf":[],"_links":{"self":[{"href":"https:\/\/figuet-technique.ch\/de\/wp-json\/wp\/v2\/product\/351582","targetHints":{"allow":["GET"]}}],"collection":[{"href":"https:\/\/figuet-technique.ch\/de\/wp-json\/wp\/v2\/product"}],"about":[{"href":"https:\/\/figuet-technique.ch\/de\/wp-json\/wp\/v2\/types\/product"}],"replies":[{"embeddable":true,"href":"https:\/\/figuet-technique.ch\/de\/wp-json\/wp\/v2\/comments?post=351582"}],"wp:featuredmedia":[{"embeddable":true,"href":"https:\/\/figuet-technique.ch\/de\/wp-json\/wp\/v2\/media\/252381"}],"wp:attachment":[{"href":"https:\/\/figuet-technique.ch\/de\/wp-json\/wp\/v2\/media?parent=351582"}],"wp:term":[{"taxonomy":"product_brand","embeddable":true,"href":"https:\/\/figuet-technique.ch\/de\/wp-json\/wp\/v2\/product_brand?post=351582"},{"taxonomy":"product_cat","embeddable":true,"href":"https:\/\/figuet-technique.ch\/de\/wp-json\/wp\/v2\/product_cat?post=351582"},{"taxonomy":"product_tag","embeddable":true,"href":"https:\/\/figuet-technique.ch\/de\/wp-json\/wp\/v2\/product_tag?post=351582"}],"curies":[{"name":"wp","href":"https:\/\/api.w.org\/{rel}","templated":true}]}}