{"id":351591,"date":"2024-03-18T16:58:54","date_gmt":"2024-03-18T14:58:54","guid":{"rendered":"https:\/\/figuet-technique.ch\/produit\/arco-st-moritz-am10\/"},"modified":"2024-03-18T16:58:54","modified_gmt":"2024-03-18T14:58:54","slug":"arco-st-moritz-am10","status":"publish","type":"product","link":"https:\/\/figuet-technique.ch\/de\/produit\/arco-st-moritz-am10\/","title":{"rendered":"ARCO ST MORITZ AM10"},"content":{"rendered":"<p>Der Kaminofen Arco St MORITZ LE10 ist mit einer Specksteinverkleidung versehen, was ihm eine gewisse W\u00e4rmeleistung verleiht.<\/p>\n<p>Die klaren Linien sind nicht nur \u00e4sthetisch, sondern auch n\u00fctzlich: sie dienen der Verbreitung der W\u00e4rme des Feuers. Die W\u00e4rme zirkuliert zwischen dem Kamin und der Verkleidung und durch Konvektion erw\u00e4rmt sich die Luft, steigt auf und tritt durch die in den Stein geschnittenen L\u00f6cher wieder aus.<\/p>\n<p>Die Reinigung wird durch die gro\u00dfe Schublade im unteren Teil des Ofens erleichtert, in der sich ein R\u00fchrwerk befindet.<\/p>\n<p>Letzte verf\u00fcgbare St\u00fccke!<\/p>\n","protected":false},"excerpt":{"rendered":"<p>Letzte M\u00fcnzen!<\/p>\n","protected":false},"featured_media":252633,"comment_status":"closed","ping_status":"closed","template":"","meta":{"_acf_changed":false},"product_brand":[],"product_cat":[],"product_tag":[],"class_list":{"0":"post-351591","1":"product","2":"type-product","3":"status-publish","4":"has-post-thumbnail","6":"pa_marque-arco-de","8":"first","9":"outofstock","10":"sale","11":"taxable","12":"shipping-taxable","13":"purchasable","14":"product-type-simple"},"acf":[],"_links":{"self":[{"href":"https:\/\/figuet-technique.ch\/de\/wp-json\/wp\/v2\/product\/351591","targetHints":{"allow":["GET"]}}],"collection":[{"href":"https:\/\/figuet-technique.ch\/de\/wp-json\/wp\/v2\/product"}],"about":[{"href":"https:\/\/figuet-technique.ch\/de\/wp-json\/wp\/v2\/types\/product"}],"replies":[{"embeddable":true,"href":"https:\/\/figuet-technique.ch\/de\/wp-json\/wp\/v2\/comments?post=351591"}],"wp:featuredmedia":[{"embeddable":true,"href":"https:\/\/figuet-technique.ch\/de\/wp-json\/wp\/v2\/media\/252633"}],"wp:attachment":[{"href":"https:\/\/figuet-technique.ch\/de\/wp-json\/wp\/v2\/media?parent=351591"}],"wp:term":[{"taxonomy":"product_brand","embeddable":true,"href":"https:\/\/figuet-technique.ch\/de\/wp-json\/wp\/v2\/product_brand?post=351591"},{"taxonomy":"product_cat","embeddable":true,"href":"https:\/\/figuet-technique.ch\/de\/wp-json\/wp\/v2\/product_cat?post=351591"},{"taxonomy":"product_tag","embeddable":true,"href":"https:\/\/figuet-technique.ch\/de\/wp-json\/wp\/v2\/product_tag?post=351591"}],"curies":[{"name":"wp","href":"https:\/\/api.w.org\/{rel}","templated":true}]}}