{"id":351669,"date":"2024-03-12T17:31:18","date_gmt":"2024-03-12T15:31:18","guid":{"rendered":"https:\/\/figuet-technique.ch\/produit\/pelletspalette-jurapellets-2\/"},"modified":"2025-10-01T11:18:56","modified_gmt":"2025-10-01T09:18:56","slug":"pelletspalette-jurapellets-2","status":"publish","type":"product","link":"https:\/\/figuet-technique.ch\/de\/produit\/pelletspalette-jurapellets-2\/","title":{"rendered":"Pelletspalette JURAPELLETS"},"content":{"rendered":"<p><strong><span style=\"color: #ff0000;\">Nur ab Lager! Eventuelle Lieferung auf Anfrage per Telefon 021 803 30 20 oder per E-Mail info@figuet.ch, wird separat berechnet.<br \/>\nSp\u00e4testens 5 Tage nach der Bestellung abzuholen.<br \/>\n<\/span><\/strong><\/p>\n<p>Jura Pellets werden vom S\u00e4gewerk Chauvin, dem f\u00fchrenden franz\u00f6sischen Verarbeiter von Nadelholz aus Hochlagen, hergestellt.<\/p>\n<p>Seit seiner Gr\u00fcndung im Jahr 1925 ist das Unternehmen f\u00fcr eine nachhaltige Forstwirtschaft sensibilisiert und bem\u00fcht sich, seine Auswirkungen auf die Umwelt zu reduzieren.<\/p>\n<p>Sie respektiert Holz und die Natur und hat immer versucht, den Rohstoff zu optimieren.<\/p>\n<p>Um das S\u00e4gemehl zu verwerten, beschloss das Unternehmen 2023, Pellets an seinem Standort in Mignovillard zu produzieren.<\/p>\n<p>Verpackung: 66 S\u00e4cke \u00e0 15 kg<\/p>\n","protected":false},"excerpt":{"rendered":"<p>15-kg-S\u00e4cke &#8211; Preis ab Lager!<\/p>\n","protected":false},"featured_media":253462,"comment_status":"closed","ping_status":"closed","template":"","meta":{"_acf_changed":false},"product_brand":[],"product_cat":[403],"product_tag":[],"class_list":{"0":"post-351669","1":"product","2":"type-product","3":"status-publish","4":"has-post-thumbnail","6":"product_cat-pellets-de","7":"pa_marque-jura-pellets-de","9":"first","10":"instock","11":"sale","12":"virtual","13":"taxable","14":"purchasable","15":"product-type-simple"},"acf":[],"_links":{"self":[{"href":"https:\/\/figuet-technique.ch\/de\/wp-json\/wp\/v2\/product\/351669","targetHints":{"allow":["GET"]}}],"collection":[{"href":"https:\/\/figuet-technique.ch\/de\/wp-json\/wp\/v2\/product"}],"about":[{"href":"https:\/\/figuet-technique.ch\/de\/wp-json\/wp\/v2\/types\/product"}],"replies":[{"embeddable":true,"href":"https:\/\/figuet-technique.ch\/de\/wp-json\/wp\/v2\/comments?post=351669"}],"wp:featuredmedia":[{"embeddable":true,"href":"https:\/\/figuet-technique.ch\/de\/wp-json\/wp\/v2\/media\/253462"}],"wp:attachment":[{"href":"https:\/\/figuet-technique.ch\/de\/wp-json\/wp\/v2\/media?parent=351669"}],"wp:term":[{"taxonomy":"product_brand","embeddable":true,"href":"https:\/\/figuet-technique.ch\/de\/wp-json\/wp\/v2\/product_brand?post=351669"},{"taxonomy":"product_cat","embeddable":true,"href":"https:\/\/figuet-technique.ch\/de\/wp-json\/wp\/v2\/product_cat?post=351669"},{"taxonomy":"product_tag","embeddable":true,"href":"https:\/\/figuet-technique.ch\/de\/wp-json\/wp\/v2\/product_tag?post=351669"}],"curies":[{"name":"wp","href":"https:\/\/api.w.org\/{rel}","templated":true}]}}