{"id":351702,"date":"2024-03-12T17:24:00","date_gmt":"2024-03-12T15:24:00","guid":{"rendered":"https:\/\/figuet-technique.ch\/produit\/sack-mit-pellets-jurapellets-15-kg\/"},"modified":"2024-03-12T17:24:00","modified_gmt":"2024-03-12T15:24:00","slug":"sack-mit-pellets-jurapellets-15-kg","status":"publish","type":"product","link":"https:\/\/figuet-technique.ch\/de\/produit\/sack-mit-pellets-jurapellets-15-kg\/","title":{"rendered":"Sack mit Pellets JURAPELLETS 15 Kg"},"content":{"rendered":"<p>Pelletsack der Marke Jura Pellets.<\/p>\n<p>Din+ zertifizierte Pellets<\/p>\n<p class=\"cvGsUA direction-ltr align-center para-style-body\"><span class=\"OYPEnA text-decoration-none text-strikethrough-none\">Jura Pellets werden vom S\u00e4gewerk Chauvin, dem f\u00fchrenden franz\u00f6sischen Verarbeiter von Nadelholz aus Hochlagen, hergestellt.<\/span><\/p>\n<p class=\"cvGsUA direction-ltr align-center para-style-body\"><span class=\"OYPEnA text-decoration-none text-strikethrough-none\">Seit seiner Gr\u00fcndung im Jahr 1925 ist das Unternehmen f\u00fcr eine nachhaltige Forstwirtschaft sensibilisiert und bem\u00fcht sich, seine Auswirkungen auf die Umwelt zu reduzieren.<\/span><\/p>\n<p class=\"cvGsUA direction-ltr align-center para-style-body\"><span class=\"OYPEnA text-decoration-none text-strikethrough-none\">Sie respektiert Holz und die Natur und hat immer versucht, den Rohstoff zu optimieren.<\/span><\/p>\n<p class=\"cvGsUA direction-ltr align-center para-style-body\"><span class=\"OYPEnA text-decoration-none text-strikethrough-none\">Um das S\u00e4gemehl zu verwerten, beschloss das Unternehmen 2023, Pellets an seinem Standort in Mignovillard zu produzieren.<\/span><\/p>\n<p><strong>Erh\u00e4ltlich in unserem 24\/7 Pellets Drive-in in Tolochenaz.<\/strong><\/p>\n<p><strong>Lieferung ab 1 Tonne m\u00f6glich.<\/strong><\/p>\n","protected":false},"excerpt":{"rendered":"<p>Preis ab Lager!<\/p>\n","protected":false},"featured_media":252375,"comment_status":"closed","ping_status":"closed","template":"","meta":{"_acf_changed":false},"product_brand":[],"product_cat":[403],"product_tag":[],"class_list":{"0":"post-351702","1":"product","2":"type-product","3":"status-publish","4":"has-post-thumbnail","6":"product_cat-pellets-de","7":"pa_marque-jura-pellets-de","9":"first","10":"instock","11":"sale","12":"taxable","13":"shipping-taxable","14":"purchasable","15":"product-type-simple"},"acf":[],"_links":{"self":[{"href":"https:\/\/figuet-technique.ch\/de\/wp-json\/wp\/v2\/product\/351702","targetHints":{"allow":["GET"]}}],"collection":[{"href":"https:\/\/figuet-technique.ch\/de\/wp-json\/wp\/v2\/product"}],"about":[{"href":"https:\/\/figuet-technique.ch\/de\/wp-json\/wp\/v2\/types\/product"}],"replies":[{"embeddable":true,"href":"https:\/\/figuet-technique.ch\/de\/wp-json\/wp\/v2\/comments?post=351702"}],"wp:featuredmedia":[{"embeddable":true,"href":"https:\/\/figuet-technique.ch\/de\/wp-json\/wp\/v2\/media\/252375"}],"wp:attachment":[{"href":"https:\/\/figuet-technique.ch\/de\/wp-json\/wp\/v2\/media?parent=351702"}],"wp:term":[{"taxonomy":"product_brand","embeddable":true,"href":"https:\/\/figuet-technique.ch\/de\/wp-json\/wp\/v2\/product_brand?post=351702"},{"taxonomy":"product_cat","embeddable":true,"href":"https:\/\/figuet-technique.ch\/de\/wp-json\/wp\/v2\/product_cat?post=351702"},{"taxonomy":"product_tag","embeddable":true,"href":"https:\/\/figuet-technique.ch\/de\/wp-json\/wp\/v2\/product_tag?post=351702"}],"curies":[{"name":"wp","href":"https:\/\/api.w.org\/{rel}","templated":true}]}}